{"id":16501,"date":"2026-04-20T03:15:09","date_gmt":"2026-04-20T00:15:09","guid":{"rendered":"https:\/\/kasskoer.ee\/product\/intersand-classic-baby-powder-premium-kassiliiv-14kg-2\/"},"modified":"2026-04-20T03:15:12","modified_gmt":"2026-04-20T00:15:12","slug":"intersand-classic-baby-powder-premium-kassiliiv-14kg","status":"publish","type":"product","link":"https:\/\/kasskoer.ee\/en\/toode\/intersand-classic-baby-powder-premium-kassiliiv-14kg\/","title":{"rendered":"Intersand Classic Baby Powder Premium kassiliiv 14kg"},"content":{"rendered":"<ul>\n<li>Valmistatud kvaliteetsest 100% looduslikust savist.<\/li>\n<li>Kvaliteetne savi on tolmuvaba ja ei kleepu kassi k\u00e4ppadele.<\/li>\n<li>Eemaldab v\u00e4ga efektiivselt ebameeldivad l\u00f5hnad.<\/li>\n<li>Ohutu nii inimeste kui ka kasside hingamisteedele.<\/li>\n<li>Allergeenivabade l\u00f5hnaainetega.<\/li>\n<li>Testitud&nbsp;veterinaararstide poolt.<\/li>\n<li>Valmistatud Kanadas.<\/li>\n<\/ul>\n<p> Selle k\u00f5rge kvaliteediga savi erakordsed omadused annavad sellele suurep\u00e4rase imamisv\u00f5ime. Vedelike kokkukleepumine tahketeks pallideks v\u00f5tab vaid m\u00f5ne sekundi. See muudab igap\u00e4evase puhastamise lihtsamaks ja v\u00e4hendab liiva tarbimist.<\/p>\n","protected":false},"excerpt":{"rendered":"<p>Intersand Classic premium beebipuudri l\u00f5hnaline paakuv kassiliiv 14kg.<\/p>\n","protected":false},"featured_media":18692,"template":"","meta":[],"product_cat":[689,565],"product_tag":[],"class_list":{"0":"post-16501","1":"product","2":"type-product","3":"status-publish","4":"has-post-thumbnail","6":"product_cat-kassid","7":"product_cat-kassiliivad","8":"pa_brand-intersand","9":"pa_ean-2207","10":"pa_kaal-14-000","11":"pa_tootjariik-kanada","13":"first","14":"instock","15":"taxable","16":"shipping-taxable","17":"purchasable","18":"product-type-simple"},"_links":{"self":[{"href":"https:\/\/kasskoer.ee\/en\/wp-json\/wp\/v2\/product\/16501","targetHints":{"allow":["GET"]}}],"collection":[{"href":"https:\/\/kasskoer.ee\/en\/wp-json\/wp\/v2\/product"}],"about":[{"href":"https:\/\/kasskoer.ee\/en\/wp-json\/wp\/v2\/types\/product"}],"wp:featuredmedia":[{"embeddable":true,"href":"https:\/\/kasskoer.ee\/en\/wp-json\/wp\/v2\/media\/18692"}],"wp:attachment":[{"href":"https:\/\/kasskoer.ee\/en\/wp-json\/wp\/v2\/media?parent=16501"}],"wp:term":[{"taxonomy":"product_cat","embeddable":true,"href":"https:\/\/kasskoer.ee\/en\/wp-json\/wp\/v2\/product_cat?post=16501"},{"taxonomy":"product_tag","embeddable":true,"href":"https:\/\/kasskoer.ee\/en\/wp-json\/wp\/v2\/product_tag?post=16501"}],"curies":[{"name":"wp","href":"https:\/\/api.w.org\/{rel}","templated":true}]}}