{"id":16503,"date":"2026-04-20T03:15:09","date_gmt":"2026-04-20T00:15:09","guid":{"rendered":"https:\/\/kasskoer.ee\/product\/carnilove-dog-snack-wild-boar-with-rosehips-varske-lihaga-koeramaius-200g-2\/"},"modified":"2026-04-20T03:15:12","modified_gmt":"2026-04-20T00:15:12","slug":"carnilove-dog-snack-wild-boar-with-rosehips-varske-lihaga-koeramaius-200g","status":"publish","type":"product","link":"https:\/\/kasskoer.ee\/en\/toode\/carnilove-dog-snack-wild-boar-with-rosehips-varske-lihaga-koeramaius-200g\/","title":{"rendered":"Carnilove Dog Snack Wild Boar with Rosehips v\u00e4rske lihaga koeramaius 200g"},"content":{"rendered":"<p><strong>Carnilove Dog Snack Wild Boar with Rosehips kr\u00f5be koeramaius metssealiha ja kibuvitsamarjaga.<\/strong> <\/p>\n<ul>\n<li>Teraviljavaba<\/li>\n<li>Ei sisalda lisatud suhkrut<\/li>\n<li>V\u00e4rske liha<\/li>\n<li>Sobilik aktiivsetele koertele<\/li>\n<li>Kibuvitsamarjadega, mis on looduslik C-vitamiini allikas kiireks taastumiseks.<\/li>\n<\/ul>\n<p> <strong>Koostis<\/strong><br \/> Metssealiha 50% (kuivatatud metssiga 35%, v\u00e4rske metssiga 15%), k\u00f5rvits 15%, kollased herned 8%, kuivatatud \u00f5unad 5%, porgandid 5%, kikerherned 4%, kibuvitsamarjad 4%, kana rasv (konserveeritud tokoferoolidega) 4%, linaseemned 2%, kuivatatud spinat, 2%, linaseemne\u00f5li 1%.<\/p>\n<p> <strong>Anal\u00fc\u00fctilised koostisosad<\/strong><br \/> Toorvalk 33,0%, rasvasisaldus 12,0%, niiskus 10,0%, toortuhk 6,0%, toorkiud 4,0%, kaltsium 1,2%, fosfor 0,8%, oomega-3 0,2%, oomega-6 1,0%.<\/p>\n<p> <strong>Metaboliseeruv energia<\/strong><br \/> 3 600 kcal\/kg<\/p>\n","protected":false},"excerpt":{"rendered":"<p>Carnilove kr\u00f5be koeramaius metssea ja kibuvitsamarjadega.<\/p>\n","protected":false},"featured_media":6185,"template":"","meta":[],"product_cat":[1210,688],"product_tag":[],"class_list":{"0":"post-16503","1":"product","2":"type-product","3":"status-publish","4":"has-post-thumbnail","6":"product_cat-koerte-maiused","7":"product_cat-koerad","8":"pa_brand-carnilove","9":"pa_ean-253","10":"pa_kaal-0-200","11":"pa_tootjariik-tsehhi","13":"first","14":"instock","15":"taxable","16":"shipping-taxable","17":"purchasable","18":"product-type-simple"},"_links":{"self":[{"href":"https:\/\/kasskoer.ee\/en\/wp-json\/wp\/v2\/product\/16503","targetHints":{"allow":["GET"]}}],"collection":[{"href":"https:\/\/kasskoer.ee\/en\/wp-json\/wp\/v2\/product"}],"about":[{"href":"https:\/\/kasskoer.ee\/en\/wp-json\/wp\/v2\/types\/product"}],"wp:featuredmedia":[{"embeddable":true,"href":"https:\/\/kasskoer.ee\/en\/wp-json\/wp\/v2\/media\/6185"}],"wp:attachment":[{"href":"https:\/\/kasskoer.ee\/en\/wp-json\/wp\/v2\/media?parent=16503"}],"wp:term":[{"taxonomy":"product_cat","embeddable":true,"href":"https:\/\/kasskoer.ee\/en\/wp-json\/wp\/v2\/product_cat?post=16503"},{"taxonomy":"product_tag","embeddable":true,"href":"https:\/\/kasskoer.ee\/en\/wp-json\/wp\/v2\/product_tag?post=16503"}],"curies":[{"name":"wp","href":"https:\/\/api.w.org\/{rel}","templated":true}]}}