{"id":16504,"date":"2026-04-20T03:15:09","date_gmt":"2026-04-20T00:15:09","guid":{"rendered":"https:\/\/kasskoer.ee\/product\/carnilove-dog-snack-salmon-blueberries-maiused-koerale-200g-2\/"},"modified":"2026-04-20T03:15:12","modified_gmt":"2026-04-20T00:15:12","slug":"carnilove-dog-snack-salmon-blueberries-maiused-koerale-200g","status":"publish","type":"product","link":"https:\/\/kasskoer.ee\/en\/toode\/carnilove-dog-snack-salmon-blueberries-maiused-koerale-200g\/","title":{"rendered":"Carnilove Dog Snack Salmon &#038; Blueberries maiused koerale 200g"},"content":{"rendered":"<p><strong>Carnilove Dog Snack Salmon with Blueberries kr\u00f5be koeramaius l\u00f5he ja mustikatega aju t\u00f6\u00f6 tugevdamiseks.<\/strong> <\/p>\n<ul>\n<li>Teraviljavaba<\/li>\n<li>Ei sisalda lisatud suhkrut<\/li>\n<li>V\u00e4rske liha<\/li>\n<li>Sobib k\u00f5igile koertele<\/li>\n<li>Mustikas on looduslik antioks\u00fcdantide allikas aju t\u00f6\u00f6 parandamiseks.<\/li>\n<\/ul>\n<p> <strong>Koostis<\/strong><br \/> L\u00f5he 50% (kuivatatud l\u00f5he 35%, v\u00e4rske l\u00f5he 15%), k\u00f5rvits 15%, kollased herned 8%, kuivatatud \u00f5unad 5%, porgandid 5%, kikerherned 4%, mustikad 4%, kanarasv (konserveeritud tokoferoolidega )4% , linaseemned 2%, kuivatatud spinat, 2%, lina\u00f5li 1%.<\/p>\n<p> <strong>Anal\u00fc\u00fctilised koostisosad<\/strong><br \/> Toorvalk 33,0%, rasvasisaldus 11,0%, niiskus 10,0%, toortuhk 7,5%, toorkiud 5,8%, kaltsium 1,1%, fosfor 0,9%, oomega 3 0,5%, oomega 6 1,0%.<\/p>\n<p> <strong>Metaboliseeruv energia<\/strong><br \/> 3 380 kcal\/kg<\/p>\n","protected":false},"excerpt":{"rendered":"<p>Funktsionaalne Carnilove kr\u00f5be koeramaius l\u00f5he ja mustikatega tugeva ajut\u00f6\u00f6 jaoks.<\/p>\n","protected":false},"featured_media":6186,"template":"","meta":[],"product_cat":[1210,688],"product_tag":[],"class_list":{"0":"post-16504","1":"product","2":"type-product","3":"status-publish","4":"has-post-thumbnail","6":"product_cat-koerte-maiused","7":"product_cat-koerad","8":"pa_brand-carnilove","9":"pa_ean-252","10":"pa_kaal-0-200","11":"pa_tootjariik-tsehhi","13":"first","14":"instock","15":"taxable","16":"shipping-taxable","17":"purchasable","18":"product-type-simple"},"_links":{"self":[{"href":"https:\/\/kasskoer.ee\/en\/wp-json\/wp\/v2\/product\/16504","targetHints":{"allow":["GET"]}}],"collection":[{"href":"https:\/\/kasskoer.ee\/en\/wp-json\/wp\/v2\/product"}],"about":[{"href":"https:\/\/kasskoer.ee\/en\/wp-json\/wp\/v2\/types\/product"}],"wp:featuredmedia":[{"embeddable":true,"href":"https:\/\/kasskoer.ee\/en\/wp-json\/wp\/v2\/media\/6186"}],"wp:attachment":[{"href":"https:\/\/kasskoer.ee\/en\/wp-json\/wp\/v2\/media?parent=16504"}],"wp:term":[{"taxonomy":"product_cat","embeddable":true,"href":"https:\/\/kasskoer.ee\/en\/wp-json\/wp\/v2\/product_cat?post=16504"},{"taxonomy":"product_tag","embeddable":true,"href":"https:\/\/kasskoer.ee\/en\/wp-json\/wp\/v2\/product_tag?post=16504"}],"curies":[{"name":"wp","href":"https:\/\/api.w.org\/{rel}","templated":true}]}}