{"id":16505,"date":"2026-04-20T03:15:12","date_gmt":"2026-04-20T00:15:12","guid":{"rendered":"https:\/\/kasskoer.ee\/product\/carnilove-cat-snack-duck-with-raspberries-narimismaiused-kassile-50g-2\/"},"modified":"2026-04-20T03:15:12","modified_gmt":"2026-04-20T00:15:12","slug":"carnilove-cat-snack-duck-with-raspberries-narimismaiused-kassile-50g","status":"publish","type":"product","link":"https:\/\/kasskoer.ee\/en\/toode\/carnilove-cat-snack-duck-with-raspberries-narimismaiused-kassile-50g\/","title":{"rendered":"Carnilove Cat Snack Duck with Raspberries n\u00e4rimismaiused kassile 50g"},"content":{"rendered":"<p><strong>Pardist valmistatud m\u00f5nus kr\u00f5be maius kassidele. Sisaldab metsvaarikaid, mis on naturaalne tugevat immuunsust tagavate antioks\u00fcdantide allikas.<\/strong><\/p>\n<p> <strong>Koostis<\/strong><br \/> Part 55% (kuivatatud part 40%, v\u00e4rske part 15%), k\u00f5rvits 12%, kollane hernes 8%, kanarasv (s\u00e4ilitusaine tokoferoolid) 7%, mahl pardist 5%, vaarikad 4%, porgand 2%, kikerhernes 2%, kuivatatud \u00f5un 2%, linaseemned 2%, lina\u00f5li 1%.<\/p>\n<p> <strong>Anal\u00fc\u00fctilised koostisosad<\/strong>&nbsp;<br \/> Toorvalk 40,0%, rasvasisaldus 16,0%, niiskus 10,0%, toortuhk 7,5%, toorkiud 3,0%, kaltsium 1,6%, fosfor 1,2%, oomega-3 0,2%, oomega-6 1,9%.<\/p>\n<p> <strong>Metaboolne energia<\/strong><br \/> 3 850 kcal\/kg.<\/p>\n","protected":false},"excerpt":{"rendered":"<p>Funktsionaalne pardi ja vaarikatega kassimaius immuuns\u00fcsteemi tugevdamiseks.<\/p>\n","protected":false},"featured_media":6187,"template":"","meta":[],"product_cat":[1211],"product_tag":[],"class_list":{"0":"post-16505","1":"product","2":"type-product","3":"status-publish","4":"has-post-thumbnail","6":"product_cat-kasside-maiused","7":"pa_brand-carnilove","8":"pa_ean-242","9":"pa_kaal-0-050","10":"pa_tootjariik-tsehhi","12":"first","13":"instock","14":"sale","15":"taxable","16":"shipping-taxable","17":"purchasable","18":"product-type-simple"},"_links":{"self":[{"href":"https:\/\/kasskoer.ee\/en\/wp-json\/wp\/v2\/product\/16505","targetHints":{"allow":["GET"]}}],"collection":[{"href":"https:\/\/kasskoer.ee\/en\/wp-json\/wp\/v2\/product"}],"about":[{"href":"https:\/\/kasskoer.ee\/en\/wp-json\/wp\/v2\/types\/product"}],"wp:featuredmedia":[{"embeddable":true,"href":"https:\/\/kasskoer.ee\/en\/wp-json\/wp\/v2\/media\/6187"}],"wp:attachment":[{"href":"https:\/\/kasskoer.ee\/en\/wp-json\/wp\/v2\/media?parent=16505"}],"wp:term":[{"taxonomy":"product_cat","embeddable":true,"href":"https:\/\/kasskoer.ee\/en\/wp-json\/wp\/v2\/product_cat?post=16505"},{"taxonomy":"product_tag","embeddable":true,"href":"https:\/\/kasskoer.ee\/en\/wp-json\/wp\/v2\/product_tag?post=16505"}],"curies":[{"name":"wp","href":"https:\/\/api.w.org\/{rel}","templated":true}]}}