{"id":16506,"date":"2026-04-20T03:15:12","date_gmt":"2026-04-20T00:15:12","guid":{"rendered":"https:\/\/kasskoer.ee\/product\/brit-care-cat-multivitamiin-pasta-kassidele-100ml-2\/"},"modified":"2026-04-20T03:15:12","modified_gmt":"2026-04-20T00:15:12","slug":"brit-care-cat-multivitamiin-pasta-kassidele-100ml","status":"publish","type":"product","link":"https:\/\/kasskoer.ee\/en\/toode\/brit-care-cat-multivitamiin-pasta-kassidele-100ml\/","title":{"rendered":"Brit Care Cat Multivitamiin pasta kassidele 100ml"},"content":{"rendered":"<ul>\n<li>Vitamiinide ja mineraalainete kompleks tugevdab immuuns\u00fcsteemi, toetab normaalset seedimist ja tagab kassi aktiivse eluviisi jaoks vajaliku energia.<\/li>\n<li>Ei ole lisatud suhkrut \u2013 ei sisalda s\u00e4ilitusaineid \u2013 ei sisalda kunstlikke maitseaineid.<\/li>\n<\/ul>\n<p><strong>Koostis<\/strong><br \/> Taimsed k\u00f5rvalsaadused (linnased 60%), \u00f5lid ja rasvad, liha ja loomsed k\u00f5rvalsaadused, p\u00e4rm.&nbsp;<\/p>\n<p><strong>Anal\u00fc\u00fctilised koostisosad<\/strong><br \/> Toorvalk 3,5%, toorkiud 0,2%, toortuhk 1,3%, toorrasv 33%, kaltsium 0,14%, fosfor 0,1%, naatrium 0,1%.&nbsp;<\/p>\n<p><strong>Toidukoostis<\/strong><br \/> A-vitamiin (3a672a) 40 000 R\u00dc, D3-vitamiin (3a671) 1600 R\u00dc, E-vitamiin (3a700) 200 mg, C-vitamiin (3a300) 96 mg, B1-vitamiin (3a821) 48 mg, B2-vitamiin (riboflaviin) 32 mg, B6-vitamiin (3a831) 24 mg, B12-vitamiin (ts\u00fcanokobalamiin) 64 \u03bcg; niatsiin (3a314) 96 mg, foolhape 4,8 mg, pantoteenhape (3a841) 60 mg, biotiin (3a880) 50,000 \u03bcg, raud (raud(II)sulfaadina) 32 mg, jood (veevaba kaltsiumjodaadina) 0,27 mg, mangaan (mangaansulfaadi monoh\u00fcdraadina) 12,8 mg, tsink (tsinksulfaadi monoh\u00fcdraadina) 5,4 mg.&nbsp;<\/p>\n<p><strong>Metaboliseeruv energia<\/strong><br \/> 4516 kcal\/kg<\/p>\n<p><strong>Toitmisjuhend<\/strong><br \/> Lisage s\u00f6\u00f6dale v\u00f5i andke eraldi. Tagage alati v\u00e4rske vee olemasolu. P\u00e4rast kasutamist sulgege hoolikalt tuub. S\u00e4ilitage kuivas ja jahedas kohas.<\/p>\n<p><strong>Tehnoloogilised lisaained<\/strong><br \/> Ksantaan (E415) 0,4%, karboks\u00fcmet\u00fc\u00fcltselluloos (E466) 0,2%, karrageen (E407) 0,2%. Sisaldab ELi poolt heakskiidetud s\u00e4ilitusaineid.<\/p>\n","protected":false},"excerpt":{"rendered":"<p>Brit Care vitamiinikompleksiga funktsionaalne pasta, mis l\u00f5hnab kutsuvalt ja maitseb vastupandamatult ka k\u00f5ige valivamatele kassidele. T\u00e4iends\u00f6\u00f6t t\u00e4iskasvanud kassidele.<\/p>\n","protected":false},"featured_media":6188,"template":"","meta":[],"product_cat":[1330],"product_tag":[],"class_list":{"0":"post-16506","1":"product","2":"type-product","3":"status-publish","4":"has-post-thumbnail","6":"product_cat-kasside-toidulisandid","7":"pa_brand-brit-care","8":"pa_ean-94","9":"pa_kaal-0-100","10":"pa_tootjariik-tsehhi","12":"first","13":"instock","14":"taxable","15":"shipping-taxable","16":"purchasable","17":"product-type-simple"},"_links":{"self":[{"href":"https:\/\/kasskoer.ee\/en\/wp-json\/wp\/v2\/product\/16506","targetHints":{"allow":["GET"]}}],"collection":[{"href":"https:\/\/kasskoer.ee\/en\/wp-json\/wp\/v2\/product"}],"about":[{"href":"https:\/\/kasskoer.ee\/en\/wp-json\/wp\/v2\/types\/product"}],"wp:featuredmedia":[{"embeddable":true,"href":"https:\/\/kasskoer.ee\/en\/wp-json\/wp\/v2\/media\/6188"}],"wp:attachment":[{"href":"https:\/\/kasskoer.ee\/en\/wp-json\/wp\/v2\/media?parent=16506"}],"wp:term":[{"taxonomy":"product_cat","embeddable":true,"href":"https:\/\/kasskoer.ee\/en\/wp-json\/wp\/v2\/product_cat?post=16506"},{"taxonomy":"product_tag","embeddable":true,"href":"https:\/\/kasskoer.ee\/en\/wp-json\/wp\/v2\/product_tag?post=16506"}],"curies":[{"name":"wp","href":"https:\/\/api.w.org\/{rel}","templated":true}]}}