{"id":16507,"date":"2026-04-20T03:15:12","date_gmt":"2026-04-20T00:15:12","guid":{"rendered":"https:\/\/kasskoer.ee\/product\/brit-care-anti-hairball-taurin-pasta-kassidele-100ml-2\/"},"modified":"2026-04-20T03:15:12","modified_gmt":"2026-04-20T00:15:12","slug":"brit-care-anti-hairball-taurin-pasta-kassidele-100ml","status":"publish","type":"product","link":"https:\/\/kasskoer.ee\/en\/toode\/brit-care-anti-hairball-taurin-pasta-kassidele-100ml\/","title":{"rendered":"Brit Care Anti Hairball Taurin pasta kassidele 100ml"},"content":{"rendered":"<ul>\n<li>Rikkaliku kiudainesisaldusega koostis v\u00e4ldib karvapallide teket, tagab, et juba moodustunud trihhobesoaarid l\u00e4bivad ohutult kassi seedetrakti, ning toetab selle loomulikku puhastamist.<\/li>\n<li>Toetab seedimist ja kergendab seedimata karvadel soole l\u00e4bimist ilma oksendamist esile kutsumata.<\/li>\n<li>Tauriin tagab s\u00fcdame, silmade ja aju \u00f5ige toimimise.<\/li>\n<li>Ei ole lisatud suhkrut \u2013 ei sisalda s\u00e4ilitusaineid \u2013 ei sisalda kunstlikke maitseaineid.<\/li>\n<li>Soovitame anda pastat eelk\u00f5ige pikakarvalistele ja toakassidele, kellel puudub piisav juurdep\u00e4\u00e4s looduslikele kiudainetele, n\u00e4iteks rohule.<\/li>\n<\/ul>\n<p><strong>Koostis<\/strong><br \/> Linnased 60%, \u00f5lid ja rasvad, \u00f5unatselluloos 4%, taimne h\u00fcdrol\u00fcsaat.&nbsp;<\/p>\n<p><strong>Anal\u00fc\u00fctilised koostisosad<\/strong><br \/> Toorvalk 3%, toorrasv 29%, toorkiud 3,5%, toortuhk 2%, naatrium 0,65%.&nbsp;<\/p>\n<p><strong>Toidukoostis<\/strong><br \/> Tauriin 5000 mg, A-vitamiin (3a672a) 12000 R\u00dc, D3-vitamiin (3a671) 980 R\u00dc, E-vitamiin (3a700) 60 mg, C-vitamiin (3a300) 28 mg, B1-vitamiin (3a821) 14,4 mg, B2-vitamiin (riboflaviin) 9,6 mg, B6-vitamiin (3a831) 7,2 mg, B12-vitamiin (ts\u00fcanokobalamiin) 19,2 \u03bcg, niatsiin (3a314) 28,8 mg, pantoteenhape (3a841) 18 mg, foolhape 1,44 mg, biotiin (3a880) 48 \u03bcg.<\/p>\n<p><strong>Metaboliseeruv energia<\/strong><br \/> 4,407 kcal\/kg<\/p>\n<p><strong>Toitmisjuhend<\/strong><br \/> Lisage s\u00f6\u00f6dale v\u00f5i andke eraldi. Tagage alati v\u00e4rske vee olemasolu. P\u00e4rast kasutamist sulgege hoolikalt tuub. S\u00e4ilitage kuivas ja jahedas kohas.<\/p>\n<p><strong>Tehnoloogilised lisaained<\/strong><br \/> Ksantaan (E415) 0,4%, karboks\u00fcmet\u00fc\u00fcltselluloos (E466) 0,2%, karrageen (E407) 0,2%. Sisaldab ELi poolt heakskiidetud s\u00e4ilitusaineid.<\/p>\n","protected":false},"excerpt":{"rendered":"<p>Brit Care karvapallide vastane funktsionaalne pasta, mis l\u00f5hnab kutsuvalt ja maitseb vastupandamatult ka k\u00f5ige valivamatele kassidele. T\u00e4iends\u00f6\u00f6t t\u00e4iskasvanud kassidele.<\/p>\n","protected":false},"featured_media":6189,"template":"","meta":[],"product_cat":[1330],"product_tag":[],"class_list":{"0":"post-16507","1":"product","2":"type-product","3":"status-publish","4":"has-post-thumbnail","6":"product_cat-kasside-toidulisandid","7":"pa_brand-brit-care","8":"pa_ean-92","9":"pa_kaal-0-100","10":"pa_tootjariik-tsehhi","12":"first","13":"instock","14":"taxable","15":"shipping-taxable","16":"purchasable","17":"product-type-simple"},"_links":{"self":[{"href":"https:\/\/kasskoer.ee\/en\/wp-json\/wp\/v2\/product\/16507","targetHints":{"allow":["GET"]}}],"collection":[{"href":"https:\/\/kasskoer.ee\/en\/wp-json\/wp\/v2\/product"}],"about":[{"href":"https:\/\/kasskoer.ee\/en\/wp-json\/wp\/v2\/types\/product"}],"wp:featuredmedia":[{"embeddable":true,"href":"https:\/\/kasskoer.ee\/en\/wp-json\/wp\/v2\/media\/6189"}],"wp:attachment":[{"href":"https:\/\/kasskoer.ee\/en\/wp-json\/wp\/v2\/media?parent=16507"}],"wp:term":[{"taxonomy":"product_cat","embeddable":true,"href":"https:\/\/kasskoer.ee\/en\/wp-json\/wp\/v2\/product_cat?post=16507"},{"taxonomy":"product_tag","embeddable":true,"href":"https:\/\/kasskoer.ee\/en\/wp-json\/wp\/v2\/product_tag?post=16507"}],"curies":[{"name":"wp","href":"https:\/\/api.w.org\/{rel}","templated":true}]}}