{"id":16509,"date":"2026-04-20T03:15:12","date_gmt":"2026-04-20T00:15:12","guid":{"rendered":"https:\/\/kasskoer.ee\/product\/carnilove-cat-pouch-duck-with-catnip-einekotike-kassidele-85g-2\/"},"modified":"2026-04-20T03:15:13","modified_gmt":"2026-04-20T00:15:13","slug":"carnilove-cat-pouch-duck-with-catnip-einekotike-kassidele-85g","status":"publish","type":"product","link":"https:\/\/kasskoer.ee\/en\/toode\/carnilove-cat-pouch-duck-with-catnip-einekotike-kassidele-85g\/","title":{"rendered":"Carnilove Cat Pouch Duck with Catnip einekotike kassidele 85g"},"content":{"rendered":"<p><strong>Allergiaohutu ja kergesti seeditav pardiliha ei koorma seedimist ning toetab optimaalset vormi. T\u00e4nu suurele pol\u00fck\u00fcllastumata rasvhapete sisaldusele kaitseb s\u00fcdant ja veresoonkonda. Naisten\u00f5ges on antibakteriaalse toimega, toetab seedetrakti tervist, v\u00e4hendab k\u00f5hulahtisust ning m\u00f5jub \u00fchtlasi rahustavalt n\u00e4rvis\u00fcsteemile ja kaitseb stressi eest. M\u00f5jub ektoparasiitide vastu, on kasside jaoks v\u00e4ga atraktiivne ja parandab toidu maitset.<\/strong><\/p>\n<p> <strong>Koostis<\/strong><br \/> 85% lihafileed (71% kana, 14% part), 12% puljong,1% naisten\u00f5ges, 1% linaseemne\u00f5li, 0.5% mineraalid, 0.5% k\u00f6\u00f6givilja t\u00e4rklis.<\/p>\n<p> <strong>Toitainelised lisandid<\/strong><br \/> Vitamiin D3 (E671) 250 I.U., vitamiin E (3a700) 150 mg, biotiin (3a880) 0.5 mg, tsink (3b606) 12 mg, magneesium (3b502) 3 mg, raud (3b103) 10 mg, vask (3b405) 0.4 mg, jood (3b201) 0.7 mg, tauriin (3a370) 500 mg. Sisaldab naturaalseid antioks\u00fcdante.<\/p>\n<p> <strong>Anal\u00fc\u00fctilised koostisosad 1KG kohta<\/strong><br \/> Toorvalk 8.5 %, toor\u00f5lid ja rasvad 4.5 %, toorkiud 0.5 %, toortuhk 2.2 %, niiskus 82.0 %, kaltsium 0.2 %, fosfor 0.2 %, naatrium 0.3 %, oomega-3 0.2 %.<\/p>\n<p> <strong>Metaboliseeruv energia<\/strong><br \/> 830 Kcal\/kg<\/p>\n","protected":false},"excerpt":{"rendered":"<p>Einekotike fileeritud pardiga t\u00e4iskasvanud kassidele. T\u00e4iss\u00f6\u00f6t v\u00f5i maitsev lisand graanulite juurde.<\/p>\n","protected":false},"featured_media":6191,"template":"","meta":[],"product_cat":[689,33],"product_tag":[],"class_list":{"0":"post-16509","1":"product","2":"type-product","3":"status-publish","4":"has-post-thumbnail","6":"product_cat-kassid","7":"product_cat-konservid-kassidele","8":"pa_brand-carnilove","9":"pa_ean-235","10":"pa_kaal-0-085","11":"pa_tootjariik-tsehhi","13":"first","14":"instock","15":"taxable","16":"shipping-taxable","17":"purchasable","18":"product-type-simple"},"_links":{"self":[{"href":"https:\/\/kasskoer.ee\/en\/wp-json\/wp\/v2\/product\/16509","targetHints":{"allow":["GET"]}}],"collection":[{"href":"https:\/\/kasskoer.ee\/en\/wp-json\/wp\/v2\/product"}],"about":[{"href":"https:\/\/kasskoer.ee\/en\/wp-json\/wp\/v2\/types\/product"}],"wp:featuredmedia":[{"embeddable":true,"href":"https:\/\/kasskoer.ee\/en\/wp-json\/wp\/v2\/media\/6191"}],"wp:attachment":[{"href":"https:\/\/kasskoer.ee\/en\/wp-json\/wp\/v2\/media?parent=16509"}],"wp:term":[{"taxonomy":"product_cat","embeddable":true,"href":"https:\/\/kasskoer.ee\/en\/wp-json\/wp\/v2\/product_cat?post=16509"},{"taxonomy":"product_tag","embeddable":true,"href":"https:\/\/kasskoer.ee\/en\/wp-json\/wp\/v2\/product_tag?post=16509"}],"curies":[{"name":"wp","href":"https:\/\/api.w.org\/{rel}","templated":true}]}}