{"id":16510,"date":"2026-04-20T03:15:12","date_gmt":"2026-04-20T00:15:12","guid":{"rendered":"https:\/\/kasskoer.ee\/product\/carnilove-cat-pouch-quail-with-dandelion-einekotike-steriliseeritud-kassidele-85g-2\/"},"modified":"2026-04-20T03:15:13","modified_gmt":"2026-04-20T00:15:13","slug":"carnilove-cat-pouch-quail-with-dandelion-einekotike-steriliseeritud-kassidele-85g","status":"publish","type":"product","link":"https:\/\/kasskoer.ee\/en\/toode\/carnilove-cat-pouch-quail-with-dandelion-einekotike-steriliseeritud-kassidele-85g\/","title":{"rendered":"Carnilove Cat Pouch Quail with Dandelion einekotike steriliseeritud kassidele 85g"},"content":{"rendered":"<p><strong>Allergiaohutu ja kergesti seeditav vutiliha kaitseb t\u00e4nu suurele pol\u00fck\u00fcllastumata rasvhapete sisaldusele s\u00fcdant ja veresoonkonda. Suur seleenisisaldus kaitseb rakke oks\u00fcdatiivse stressi eest ning parandab nii naha, liigeste ja aju seisundit. V\u00f5ilillel on t\u00e4nu suurele antioks\u00fcdantide sisaldusele p\u00f5letikuvastane toime ning see toetab naha, s\u00fcdame, kuseteede ja igemete seisundit. Langetab vere kolesteroolisisaldust, millega kaitseb s\u00fcdant ja veresoonkonda, \u00fchtlasi alandab see vere gl\u00fckoosisisaldust.<\/strong><\/p>\n<p> <strong>Koostis<\/strong><br \/> 85% lihafileed (71% kana, 14% vutiliha), 12% puljong,1% v\u00f5ilill, 1% linaseemne\u00f5li, 0.5% mineraalid, 0.5% k\u00f6\u00f6givilja t\u00e4rklis.<\/p>\n<p> <strong>Toitainelised lisandid<\/strong><br \/> Vitamiin D3 (E671) 250 I.U., vitamiin E (3a700) 150 mg, biotiin (3a880) 0.5 mg, tsink (3b606) 12 mg, magneesium (3b502) 3 mg, raud (3b103) 10 mg, vask (3b405) 0.4 mg, jood (3b201) 0.7 mg, tauriin (3a370) 500 mg, L-metioniin (3c305) 2000mg. Sisaldab naturaalseid antioks\u00fcdante.<\/p>\n<p> <strong>Anal\u00fc\u00fctilised koostisosad 1KG kohta<\/strong><br \/> Toorvalk 8.5 %, toor\u00f5lid ja rasvad 4 %, toorkiud 0.8 %, toortuhk 2.2 %, niiskus 82.0 %, kaltsium 0.2 %, fosfor 0.2 %, naatrium 0.4 %, oomega-3 0.2 %.<\/p>\n<p> <strong>Metaboliseeruv energia<\/strong><br \/> 810 Kcal\/kg<\/p>\n","protected":false},"excerpt":{"rendered":"<p>Einekotike fileeritud vutiga t\u00e4iskasvanud steriliseeritud kassidele. T\u00e4iss\u00f6\u00f6t v\u00f5i maitsev lisand graanulite juurde.<\/p>\n","protected":false},"featured_media":6192,"template":"","meta":[],"product_cat":[689,33],"product_tag":[],"class_list":{"0":"post-16510","1":"product","2":"type-product","3":"status-publish","4":"has-post-thumbnail","6":"product_cat-kassid","7":"product_cat-konservid-kassidele","8":"pa_brand-carnilove","9":"pa_ean-237","10":"pa_kaal-0-085","11":"pa_tootjariik-tsehhi","13":"first","14":"instock","15":"taxable","16":"shipping-taxable","17":"purchasable","18":"product-type-simple"},"_links":{"self":[{"href":"https:\/\/kasskoer.ee\/en\/wp-json\/wp\/v2\/product\/16510","targetHints":{"allow":["GET"]}}],"collection":[{"href":"https:\/\/kasskoer.ee\/en\/wp-json\/wp\/v2\/product"}],"about":[{"href":"https:\/\/kasskoer.ee\/en\/wp-json\/wp\/v2\/types\/product"}],"wp:featuredmedia":[{"embeddable":true,"href":"https:\/\/kasskoer.ee\/en\/wp-json\/wp\/v2\/media\/6192"}],"wp:attachment":[{"href":"https:\/\/kasskoer.ee\/en\/wp-json\/wp\/v2\/media?parent=16510"}],"wp:term":[{"taxonomy":"product_cat","embeddable":true,"href":"https:\/\/kasskoer.ee\/en\/wp-json\/wp\/v2\/product_cat?post=16510"},{"taxonomy":"product_tag","embeddable":true,"href":"https:\/\/kasskoer.ee\/en\/wp-json\/wp\/v2\/product_tag?post=16510"}],"curies":[{"name":"wp","href":"https:\/\/api.w.org\/{rel}","templated":true}]}}