{"id":16513,"date":"2026-04-20T03:15:12","date_gmt":"2026-04-20T00:15:12","guid":{"rendered":"https:\/\/kasskoer.ee\/product\/carnilove-cat-pouch-wild-boar-chamomile-einekotike-kassidele-85g-2\/"},"modified":"2026-04-20T03:15:13","modified_gmt":"2026-04-20T00:15:13","slug":"carnilove-cat-pouch-wild-boar-chamomile-einekotike-kassidele-85g","status":"publish","type":"product","link":"https:\/\/kasskoer.ee\/en\/toode\/carnilove-cat-pouch-wild-boar-chamomile-einekotike-kassidele-85g\/","title":{"rendered":"Carnilove Cat Pouch Wild Boar Chamomile einekotike kassidele 85g"},"content":{"rendered":"<p><strong>Kergesti seeditav metssealiha toetab lihaskoe arengut. V\u00e4ga v\u00e4ikese rasva- ja kolesteroolisisaldusega liha toetab optimaalset vormi ning s\u00fcdame ja veresoonkonna tervist. Kummel toetab t\u00e4nu suurele antioks\u00fcdantide sisaldusele naha ja karvkatte tervist, on bakteri- ja viirusevastase toimega ning hoiab seedetrakti tervena. T\u00e4nu p\u00f5letikuvastasele toimele toetab igemete tervist.<\/strong><\/p>\n<p> <strong>Koostis<\/strong><br \/> 85% lihafileed (71% kana, 14% metssiga), 12% puljong,1% kummel, 1% linaseemne\u00f5li, 0.5% mineraalid, 0.5% k\u00f6\u00f6givilja t\u00e4rklis.<\/p>\n<p> <strong>Toitainelised lisandid<\/strong><br \/> Vitamiin D3 (E671) 250 I.U., vitamiin E (3a700) 150 mg, biotiin (3a880) 0.5 mg, tsink (3b606) 12 mg, magneesium (3b502) 3 mg, raud (3b103) 10 mg, vask (3b405) 0.4 mg, jood (3b201) 0.7 mg, tauriin (3a370) 500 mg. Sisaldab naturaalseid antioks\u00fcdante.<\/p>\n<p> <strong>Anal\u00fc\u00fctilised koostisosad 1KG kohta<\/strong><br \/> Toorvalk 8.0 %, toor\u00f5lid ja rasvad 4.2 %, toorkiud 0.5 %, toortuhk 2.5 %, niiskus 82.0 %, kaltsium 0.15 %, fosfor 0.2 %, naatrium 0.3 %, oomega-3 0.2 %.<\/p>\n<p> <strong>Metaboliseeruv energia<\/strong><br \/> 800 Kcal\/kg<\/p>\n","protected":false},"excerpt":{"rendered":"<p>Einekotike fileeritud metsloomalihaga t\u00e4iskasvanud kassidele. T\u00e4iss\u00f6\u00f6t v\u00f5i maitsev lisand graanulite juurde.<\/p>\n","protected":false},"featured_media":6195,"template":"","meta":[],"product_cat":[689,33],"product_tag":[],"class_list":{"0":"post-16513","1":"product","2":"type-product","3":"status-publish","4":"has-post-thumbnail","6":"product_cat-kassid","7":"product_cat-konservid-kassidele","8":"pa_brand-carnilove","9":"pa_ean-240","10":"pa_kaal-0-085","11":"pa_tootjariik-tsehhi","13":"first","14":"instock","15":"taxable","16":"shipping-taxable","17":"purchasable","18":"product-type-simple"},"_links":{"self":[{"href":"https:\/\/kasskoer.ee\/en\/wp-json\/wp\/v2\/product\/16513","targetHints":{"allow":["GET"]}}],"collection":[{"href":"https:\/\/kasskoer.ee\/en\/wp-json\/wp\/v2\/product"}],"about":[{"href":"https:\/\/kasskoer.ee\/en\/wp-json\/wp\/v2\/types\/product"}],"wp:featuredmedia":[{"embeddable":true,"href":"https:\/\/kasskoer.ee\/en\/wp-json\/wp\/v2\/media\/6195"}],"wp:attachment":[{"href":"https:\/\/kasskoer.ee\/en\/wp-json\/wp\/v2\/media?parent=16513"}],"wp:term":[{"taxonomy":"product_cat","embeddable":true,"href":"https:\/\/kasskoer.ee\/en\/wp-json\/wp\/v2\/product_cat?post=16513"},{"taxonomy":"product_tag","embeddable":true,"href":"https:\/\/kasskoer.ee\/en\/wp-json\/wp\/v2\/product_tag?post=16513"}],"curies":[{"name":"wp","href":"https:\/\/api.w.org\/{rel}","templated":true}]}}