{"id":16526,"date":"2026-04-20T03:15:12","date_gmt":"2026-04-20T00:15:12","guid":{"rendered":"https:\/\/kasskoer.ee\/product\/doggy-joy-beef-meat-sticks-narimismaiused-koertele-45g-2\/"},"modified":"2026-04-20T03:15:14","modified_gmt":"2026-04-20T00:15:14","slug":"doggy-joy-beef-meat-sticks-narimismaiused-koertele-45g","status":"publish","type":"product","link":"https:\/\/kasskoer.ee\/en\/toode\/doggy-joy-beef-meat-sticks-narimismaiused-koertele-45g\/","title":{"rendered":"Doggy Joy beef meat sticks n\u00e4rimismaiused koertele 45g"},"content":{"rendered":"<p><strong>100 % naturaalsetest koostisosadest veisega maius koertele.<\/strong><br \/> Isu\u00e4ratavatest loomaliha vorstikestest ei \u00fctle \u00e4ra \u00fckski&nbsp;koer.<br \/> Lihtsalt rebitav amps ja liharikas maiuspala on treeningul parim autasu.<\/p>\n<p> <strong>Koostis<\/strong><br \/> Veiseliha, taimsed k\u00f5rvalsaadused, mineraalid.<\/p>\n<p> <strong>Anal\u00fc\u00fctiline koostis<\/strong><br \/> Toorvalk 26%,&nbsp;niiskus 23%, toorrasv 5,5%, kiudained 0,2%, toortuhk 4,5%.<\/p>\n","protected":false},"excerpt":{"rendered":"<p>Doggy Joy maius keskmist ja suurt t\u00f5ugu koertele &#8211; veiselihapulgad.<\/p>\n","protected":false},"featured_media":6208,"template":"","meta":[],"product_cat":[1210,688],"product_tag":[],"class_list":{"0":"post-16526","1":"product","2":"type-product","3":"status-publish","4":"has-post-thumbnail","6":"product_cat-koerte-maiused","7":"product_cat-koerad","8":"pa_brand-doggy-joy","9":"pa_ean-319","10":"pa_kaal-0-045","11":"pa_tootjariik-lati","13":"first","14":"instock","15":"taxable","16":"shipping-taxable","17":"purchasable","18":"product-type-simple"},"_links":{"self":[{"href":"https:\/\/kasskoer.ee\/en\/wp-json\/wp\/v2\/product\/16526","targetHints":{"allow":["GET"]}}],"collection":[{"href":"https:\/\/kasskoer.ee\/en\/wp-json\/wp\/v2\/product"}],"about":[{"href":"https:\/\/kasskoer.ee\/en\/wp-json\/wp\/v2\/types\/product"}],"wp:featuredmedia":[{"embeddable":true,"href":"https:\/\/kasskoer.ee\/en\/wp-json\/wp\/v2\/media\/6208"}],"wp:attachment":[{"href":"https:\/\/kasskoer.ee\/en\/wp-json\/wp\/v2\/media?parent=16526"}],"wp:term":[{"taxonomy":"product_cat","embeddable":true,"href":"https:\/\/kasskoer.ee\/en\/wp-json\/wp\/v2\/product_cat?post=16526"},{"taxonomy":"product_tag","embeddable":true,"href":"https:\/\/kasskoer.ee\/en\/wp-json\/wp\/v2\/product_tag?post=16526"}],"curies":[{"name":"wp","href":"https:\/\/api.w.org\/{rel}","templated":true}]}}