{"id":16527,"date":"2026-04-20T03:15:12","date_gmt":"2026-04-20T00:15:12","guid":{"rendered":"https:\/\/kasskoer.ee\/product\/doggy-joy-chicken-fillet-bars-narimismaiused-koertele-90g-2\/"},"modified":"2026-04-20T03:15:14","modified_gmt":"2026-04-20T00:15:14","slug":"doggy-joy-chicken-fillet-bars-narimismaiused-koertele-90g","status":"publish","type":"product","link":"https:\/\/kasskoer.ee\/en\/toode\/doggy-joy-chicken-fillet-bars-narimismaiused-koertele-90g\/","title":{"rendered":"Doggy Joy chicken fillet bars n\u00e4rimismaiused koertele 90g"},"content":{"rendered":"<p><strong>Puhtast kanafileest valmistatud ribasid on lihtne n\u00e4rida ja murda v\u00e4iksemateks t\u00fckkideks.<\/strong><br \/> <strong>100% naturaalsed koostisosad.<\/strong><\/p>\n<p> <strong>Koostis<\/strong><br \/> Kana, taimsed k\u00f5rvalsaadused, mineraalid.<\/p>\n<p><strong>Anal\u00fc\u00fctiline koostis<\/strong><br \/> Toorvalk 50%,&nbsp;niiskus 16%, toortuhk 4%,&nbsp;toorrasv 4%, toorkiud 0,3%.<\/p>\n","protected":false},"excerpt":{"rendered":"<p>Doggy Joy maius keskmist ja suurt t\u00f5ugu koertele &#8211; kanafileeribad.<\/p>\n","protected":false},"featured_media":6209,"template":"","meta":[],"product_cat":[1210,688],"product_tag":[],"class_list":{"0":"post-16527","1":"product","2":"type-product","3":"status-publish","4":"has-post-thumbnail","6":"product_cat-koerte-maiused","7":"product_cat-koerad","8":"pa_brand-doggy-joy","9":"pa_ean-314","10":"pa_kaal-0-090","11":"pa_tootjariik-lati","13":"first","14":"instock","15":"taxable","16":"shipping-taxable","17":"purchasable","18":"product-type-simple"},"_links":{"self":[{"href":"https:\/\/kasskoer.ee\/en\/wp-json\/wp\/v2\/product\/16527","targetHints":{"allow":["GET"]}}],"collection":[{"href":"https:\/\/kasskoer.ee\/en\/wp-json\/wp\/v2\/product"}],"about":[{"href":"https:\/\/kasskoer.ee\/en\/wp-json\/wp\/v2\/types\/product"}],"wp:featuredmedia":[{"embeddable":true,"href":"https:\/\/kasskoer.ee\/en\/wp-json\/wp\/v2\/media\/6209"}],"wp:attachment":[{"href":"https:\/\/kasskoer.ee\/en\/wp-json\/wp\/v2\/media?parent=16527"}],"wp:term":[{"taxonomy":"product_cat","embeddable":true,"href":"https:\/\/kasskoer.ee\/en\/wp-json\/wp\/v2\/product_cat?post=16527"},{"taxonomy":"product_tag","embeddable":true,"href":"https:\/\/kasskoer.ee\/en\/wp-json\/wp\/v2\/product_tag?post=16527"}],"curies":[{"name":"wp","href":"https:\/\/api.w.org\/{rel}","templated":true}]}}