{"id":16530,"date":"2026-04-20T03:15:12","date_gmt":"2026-04-20T00:15:12","guid":{"rendered":"https:\/\/kasskoer.ee\/product\/doggy-joy-rabbit-ears-with-duck-narimismaiused-koertele-90g-2\/"},"modified":"2026-04-20T03:15:14","modified_gmt":"2026-04-20T00:15:14","slug":"doggy-joy-rabbit-ears-with-duck-narimismaiused-koertele-90g","status":"publish","type":"product","link":"https:\/\/kasskoer.ee\/en\/toode\/doggy-joy-rabbit-ears-with-duck-narimismaiused-koertele-90g\/","title":{"rendered":"Doggy Joy rabbit ears with duck n\u00e4rimismaiused koertele 90g"},"content":{"rendered":"<p><strong>N\u00e4rimiseks m\u00f5eldud k\u00fc\u00fclikuk\u00f5rvad ja \u00f5rn pardiliha on parim viis koera r\u00f5\u00f5mustada.<\/strong><br \/> <strong>100% naturaalsed koostisosad.<\/strong><\/p>\n<p> <strong>Koostis<\/strong><br \/> Pardiliha, k\u00fc\u00fclikuk\u00f5rvad, taimsed k\u00f5rvalsaadused, mineraalid.<\/p>\n<p><strong>Anal\u00fc\u00fctiline koostis<\/strong><br \/> Toorvalk 34%,&nbsp;niiskus 18%, toortuhk 4,5%,&nbsp;toorrasv 3%, toorkiud 0,2%.<\/p>\n","protected":false},"excerpt":{"rendered":"<p>Doggy Joy keskmist ja suurt t\u00f5ugu koertele m\u00f5eldud n\u00e4rimismaius &#8211; k\u00fc\u00fclikuk\u00f5rvad pardiga.<\/p>\n","protected":false},"featured_media":6212,"template":"","meta":[],"product_cat":[1210,688],"product_tag":[],"class_list":{"0":"post-16530","1":"product","2":"type-product","3":"status-publish","4":"has-post-thumbnail","6":"product_cat-koerte-maiused","7":"product_cat-koerad","8":"pa_brand-doggy-joy","9":"pa_ean-324","10":"pa_kaal-0-090","11":"pa_tootjariik-lati","13":"first","14":"instock","15":"taxable","16":"shipping-taxable","17":"purchasable","18":"product-type-simple"},"_links":{"self":[{"href":"https:\/\/kasskoer.ee\/en\/wp-json\/wp\/v2\/product\/16530","targetHints":{"allow":["GET"]}}],"collection":[{"href":"https:\/\/kasskoer.ee\/en\/wp-json\/wp\/v2\/product"}],"about":[{"href":"https:\/\/kasskoer.ee\/en\/wp-json\/wp\/v2\/types\/product"}],"wp:featuredmedia":[{"embeddable":true,"href":"https:\/\/kasskoer.ee\/en\/wp-json\/wp\/v2\/media\/6212"}],"wp:attachment":[{"href":"https:\/\/kasskoer.ee\/en\/wp-json\/wp\/v2\/media?parent=16530"}],"wp:term":[{"taxonomy":"product_cat","embeddable":true,"href":"https:\/\/kasskoer.ee\/en\/wp-json\/wp\/v2\/product_cat?post=16530"},{"taxonomy":"product_tag","embeddable":true,"href":"https:\/\/kasskoer.ee\/en\/wp-json\/wp\/v2\/product_tag?post=16530"}],"curies":[{"name":"wp","href":"https:\/\/api.w.org\/{rel}","templated":true}]}}