{"id":16531,"date":"2026-04-20T03:15:12","date_gmt":"2026-04-20T00:15:12","guid":{"rendered":"https:\/\/kasskoer.ee\/product\/doggy-joy-chicken-fillet-on-chewy-stick-narimismaiused-koerale-90g-2\/"},"modified":"2026-04-20T03:15:14","modified_gmt":"2026-04-20T00:15:14","slug":"doggy-joy-chicken-fillet-on-chewy-stick-narimismaiused-koerale-90g","status":"publish","type":"product","link":"https:\/\/kasskoer.ee\/en\/toode\/doggy-joy-chicken-fillet-on-chewy-stick-narimismaiused-koerale-90g\/","title":{"rendered":"Doggy Joy chicken fillet on chewy stick n\u00e4rimismaiused koerale 90g"},"content":{"rendered":"<p><strong>Kana rinnafilee toornahast pulgal annab koerale parima v\u00f5imaluse nautida kana ja puhastada hambaid.<\/strong><br \/> <strong>100% naturaalsed koostisosad.<\/strong><br \/> <strong>Koostis<\/strong><br \/> Kana, veisenahk, taimsed k\u00f5rvalsaadused, mineraalid.<\/p>\n<p><strong>Anal\u00fc\u00fctiline koostis<\/strong><br \/> Toorvalk 58%,&nbsp;niiskus 18%, toortuhk 3,5%,&nbsp;toorrasv 2%, toorkiud 0,2%.<\/p>\n","protected":false},"excerpt":{"rendered":"<p>Doggy Joy keskmist ja suurt t\u00f5ugu koertele m\u00f5eldud koeramaius &#8211; kanafilee n\u00e4rimispulgal.<\/p>\n","protected":false},"featured_media":6213,"template":"","meta":[],"product_cat":[1210,688],"product_tag":[],"class_list":{"0":"post-16531","1":"product","2":"type-product","3":"status-publish","4":"has-post-thumbnail","6":"product_cat-koerte-maiused","7":"product_cat-koerad","8":"pa_brand-doggy-joy","9":"pa_ean-313","10":"pa_kaal-0-090","11":"pa_tootjariik-lati","13":"first","14":"instock","15":"taxable","16":"shipping-taxable","17":"purchasable","18":"product-type-simple"},"_links":{"self":[{"href":"https:\/\/kasskoer.ee\/en\/wp-json\/wp\/v2\/product\/16531","targetHints":{"allow":["GET"]}}],"collection":[{"href":"https:\/\/kasskoer.ee\/en\/wp-json\/wp\/v2\/product"}],"about":[{"href":"https:\/\/kasskoer.ee\/en\/wp-json\/wp\/v2\/types\/product"}],"wp:featuredmedia":[{"embeddable":true,"href":"https:\/\/kasskoer.ee\/en\/wp-json\/wp\/v2\/media\/6213"}],"wp:attachment":[{"href":"https:\/\/kasskoer.ee\/en\/wp-json\/wp\/v2\/media?parent=16531"}],"wp:term":[{"taxonomy":"product_cat","embeddable":true,"href":"https:\/\/kasskoer.ee\/en\/wp-json\/wp\/v2\/product_cat?post=16531"},{"taxonomy":"product_tag","embeddable":true,"href":"https:\/\/kasskoer.ee\/en\/wp-json\/wp\/v2\/product_tag?post=16531"}],"curies":[{"name":"wp","href":"https:\/\/api.w.org\/{rel}","templated":true}]}}