{"id":16533,"date":"2026-04-20T03:15:12","date_gmt":"2026-04-20T00:15:12","guid":{"rendered":"https:\/\/kasskoer.ee\/product\/doggy-joy-rabbit-ears-with-lamb-narimismaiused-koertele-55g-2\/"},"modified":"2026-04-20T03:15:14","modified_gmt":"2026-04-20T00:15:14","slug":"doggy-joy-rabbit-ears-with-lamb-narimismaiused-koertele-55g","status":"publish","type":"product","link":"https:\/\/kasskoer.ee\/en\/toode\/doggy-joy-rabbit-ears-with-lamb-narimismaiused-koertele-55g\/","title":{"rendered":"Doggy Joy rabbit ears with lamb n\u00e4rimismaiused koertele 55g"},"content":{"rendered":"<p>Kaasake oma koera aktiivsesse m\u00e4ngu selle suurep\u00e4rase n\u00e4rimismaiusega, mis on valmistatud k\u00fc\u00fclikuk\u00f5rvadest ja \u00f5rnast lambalihast.&nbsp;<\/p>\n<p> <strong>Koostis<\/strong><br \/> Lambaliha, k\u00fc\u00fclikuk\u00f5rvad, taimsed k\u00f5rvalsaadused, mineraalid.<\/p>\n<p><strong>Anal\u00fc\u00fctiline koostis<\/strong><br \/> Toorvalk 38%,&nbsp;niiskus 18%, toortuhk 5%,&nbsp;toorrasv 5%, toorkiud 0,2%.<\/p>\n","protected":false},"excerpt":{"rendered":"<p>Doggy Joy n\u00e4rimismaius v\u00e4ikest t\u00f5ugu koertele &#8211; k\u00fc\u00fclikuk\u00f5rvad lambalihaga.<\/p>\n","protected":false},"featured_media":6215,"template":"","meta":[],"product_cat":[1210,688],"product_tag":[],"class_list":{"0":"post-16533","1":"product","2":"type-product","3":"status-publish","4":"has-post-thumbnail","6":"product_cat-koerte-maiused","7":"product_cat-koerad","8":"pa_brand-doggy-joy","9":"pa_ean-325","10":"pa_kaal-0-055","11":"pa_tootjariik-lati","13":"first","14":"instock","15":"taxable","16":"shipping-taxable","17":"purchasable","18":"product-type-simple"},"_links":{"self":[{"href":"https:\/\/kasskoer.ee\/en\/wp-json\/wp\/v2\/product\/16533","targetHints":{"allow":["GET"]}}],"collection":[{"href":"https:\/\/kasskoer.ee\/en\/wp-json\/wp\/v2\/product"}],"about":[{"href":"https:\/\/kasskoer.ee\/en\/wp-json\/wp\/v2\/types\/product"}],"wp:featuredmedia":[{"embeddable":true,"href":"https:\/\/kasskoer.ee\/en\/wp-json\/wp\/v2\/media\/6215"}],"wp:attachment":[{"href":"https:\/\/kasskoer.ee\/en\/wp-json\/wp\/v2\/media?parent=16533"}],"wp:term":[{"taxonomy":"product_cat","embeddable":true,"href":"https:\/\/kasskoer.ee\/en\/wp-json\/wp\/v2\/product_cat?post=16533"},{"taxonomy":"product_tag","embeddable":true,"href":"https:\/\/kasskoer.ee\/en\/wp-json\/wp\/v2\/product_tag?post=16533"}],"curies":[{"name":"wp","href":"https:\/\/api.w.org\/{rel}","templated":true}]}}