{"id":16534,"date":"2026-04-20T03:15:12","date_gmt":"2026-04-20T00:15:12","guid":{"rendered":"https:\/\/kasskoer.ee\/product\/doggy-joy-calcium-bones-with-chicken-narimismaiused-koerale-55g-2\/"},"modified":"2026-04-20T03:15:14","modified_gmt":"2026-04-20T00:15:14","slug":"doggy-joy-calcium-bones-with-chicken-narimismaiused-koerale-55g","status":"publish","type":"product","link":"https:\/\/kasskoer.ee\/en\/toode\/doggy-joy-calcium-bones-with-chicken-narimismaiused-koerale-55g\/","title":{"rendered":"Doggy Joy calcium bones with chicken n\u00e4rimismaiused koerale 55g"},"content":{"rendered":"<p>Kanafileesse m\u00e4hitud v\u00e4ikesed kaltsiumirikkad piimakondid, mis maitsevad suurep\u00e4raselt ning toetavad terveid hambaid ja luid.&nbsp;Sobib v\u00e4ikest t\u00f5ugu koertele.<\/p>\n<p> <strong>Koostis<\/strong><br \/> Kana, kaltsiumiluud, taimsed k\u00f5rvalsaadused, mineraalid.<\/p>\n<p><strong>Anal\u00fc\u00fctiline koostis<\/strong><br \/> Toorvalk 24%,&nbsp;niiskus 18%, toortuhk 4%,&nbsp;toorrasv 2,5%, toorkiud 0,2%.<\/p>\n","protected":false},"excerpt":{"rendered":"<p>Doggy Joy maius v\u00e4ikest t\u00f5ugu koertele &#8211; kanafileesse m\u00e4hitud v\u00e4ikesed piimakondid.<\/p>\n","protected":false},"featured_media":6216,"template":"","meta":[],"product_cat":[1210,688],"product_tag":[],"class_list":{"0":"post-16534","1":"product","2":"type-product","3":"status-publish","4":"has-post-thumbnail","6":"product_cat-koerte-maiused","7":"product_cat-koerad","8":"pa_brand-doggy-joy","9":"pa_ean-311","10":"pa_kaal-0-055","11":"pa_tootjariik-lati","13":"first","14":"instock","15":"taxable","16":"shipping-taxable","17":"purchasable","18":"product-type-simple"},"_links":{"self":[{"href":"https:\/\/kasskoer.ee\/en\/wp-json\/wp\/v2\/product\/16534","targetHints":{"allow":["GET"]}}],"collection":[{"href":"https:\/\/kasskoer.ee\/en\/wp-json\/wp\/v2\/product"}],"about":[{"href":"https:\/\/kasskoer.ee\/en\/wp-json\/wp\/v2\/types\/product"}],"wp:featuredmedia":[{"embeddable":true,"href":"https:\/\/kasskoer.ee\/en\/wp-json\/wp\/v2\/media\/6216"}],"wp:attachment":[{"href":"https:\/\/kasskoer.ee\/en\/wp-json\/wp\/v2\/media?parent=16534"}],"wp:term":[{"taxonomy":"product_cat","embeddable":true,"href":"https:\/\/kasskoer.ee\/en\/wp-json\/wp\/v2\/product_cat?post=16534"},{"taxonomy":"product_tag","embeddable":true,"href":"https:\/\/kasskoer.ee\/en\/wp-json\/wp\/v2\/product_tag?post=16534"}],"curies":[{"name":"wp","href":"https:\/\/api.w.org\/{rel}","templated":true}]}}