{"id":16537,"date":"2026-04-20T03:15:12","date_gmt":"2026-04-20T00:15:12","guid":{"rendered":"https:\/\/kasskoer.ee\/product\/doggy-joy-calcium-bones-with-duck-narimismaiused-kutsikale-90g-2\/"},"modified":"2026-04-20T03:15:14","modified_gmt":"2026-04-20T00:15:14","slug":"doggy-joy-calcium-bones-with-duck-narimismaiused-kutsikale-90g","status":"publish","type":"product","link":"https:\/\/kasskoer.ee\/en\/toode\/doggy-joy-calcium-bones-with-duck-narimismaiused-kutsikale-90g\/","title":{"rendered":"Doggy Joy calcium bones with duck n\u00e4rimismaiused kutsikale 90g"},"content":{"rendered":"<p><strong>Kondikesed, mis on rikastatud kaltsiumiga, on vajalikud tugevate luude ja hammaste arenemiseks.&nbsp;Pardifilee teeb kondi eriti ahvatlevaks.<\/strong><\/p>\n<p> Mugavas taassuletavas pakendis.<\/p>\n<p> <strong>Koostis<\/strong><br \/> Pardiliha, kaltsiumikont, taimsed k\u00f5rvalsaadused, mineraalid.<\/p>\n<p> <strong>Anal\u00fc\u00fctiline koostis<\/strong><br \/> Toorvalk 25%,&nbsp;niiskus 18%, toortuhk 4%,&nbsp;toorrasv 2,5%, toorkiud 0,2%.<\/p>\n","protected":false},"excerpt":{"rendered":"<p>Doggy Joy maius kutsikatele &#8211; \u00f5rn pardiliha m\u00e4hitud \u00fcmber kaltsiumiga rikastatud piimakondi.<\/p>\n","protected":false},"featured_media":6219,"template":"","meta":[],"product_cat":[1210,688],"product_tag":[],"class_list":{"0":"post-16537","1":"product","2":"type-product","3":"status-publish","4":"has-post-thumbnail","6":"product_cat-koerte-maiused","7":"product_cat-koerad","8":"pa_brand-doggy-joy","9":"pa_ean-312","10":"pa_kaal-0-090","11":"pa_tootjariik-lati","13":"first","14":"instock","15":"taxable","16":"shipping-taxable","17":"purchasable","18":"product-type-simple"},"_links":{"self":[{"href":"https:\/\/kasskoer.ee\/en\/wp-json\/wp\/v2\/product\/16537","targetHints":{"allow":["GET"]}}],"collection":[{"href":"https:\/\/kasskoer.ee\/en\/wp-json\/wp\/v2\/product"}],"about":[{"href":"https:\/\/kasskoer.ee\/en\/wp-json\/wp\/v2\/types\/product"}],"wp:featuredmedia":[{"embeddable":true,"href":"https:\/\/kasskoer.ee\/en\/wp-json\/wp\/v2\/media\/6219"}],"wp:attachment":[{"href":"https:\/\/kasskoer.ee\/en\/wp-json\/wp\/v2\/media?parent=16537"}],"wp:term":[{"taxonomy":"product_cat","embeddable":true,"href":"https:\/\/kasskoer.ee\/en\/wp-json\/wp\/v2\/product_cat?post=16537"},{"taxonomy":"product_tag","embeddable":true,"href":"https:\/\/kasskoer.ee\/en\/wp-json\/wp\/v2\/product_tag?post=16537"}],"curies":[{"name":"wp","href":"https:\/\/api.w.org\/{rel}","templated":true}]}}