{"id":16538,"date":"2026-04-20T03:15:12","date_gmt":"2026-04-20T00:15:12","guid":{"rendered":"https:\/\/kasskoer.ee\/product\/doggy-joy-rabbit-ears-with-chicken-narimismaiused-kutsikale-90g-2\/"},"modified":"2026-04-20T03:15:15","modified_gmt":"2026-04-20T00:15:15","slug":"doggy-joy-rabbit-ears-with-chicken-narimismaiused-kutsikale-90g","status":"publish","type":"product","link":"https:\/\/kasskoer.ee\/en\/toode\/doggy-joy-rabbit-ears-with-chicken-narimismaiused-kutsikale-90g\/","title":{"rendered":"Doggy Joy rabbit ears with chicken n\u00e4rimismaiused kutsikale 90g"},"content":{"rendered":"<p>Unikaalne maiuspala kutsikatele &#8211; kombinatsioon n\u00e4rimiseks m\u00f5eldud k\u00fc\u00fclikuk\u00f5rvadest ja \u00f5rnast kanast. Teie kutsikas saab suurep\u00e4rast v\u00e4rsket kanaliha ja n\u00e4ritavaid k\u00fc\u00fclikuk\u00f5rvu.&nbsp;<br \/> Mugavas taassuletavas pakendis.<br \/> <strong>100% naturaalsetest koostisosadest.<\/strong><br \/> &nbsp;<br \/> <strong>Koostis<\/strong><br \/> Kana, k\u00fc\u00fclikuk\u00f5rvad, taimsed k\u00f5rvalsaadused, mineraalid.<\/p>\n<p> <strong>Anal\u00fc\u00fctiline koostis<\/strong><br \/> Toorvalk 35%,&nbsp;niiskus 18%, toortuhk 4,5%,&nbsp;toorrasv 3,0%, toorkiud 0,2%.<\/p>\n","protected":false},"excerpt":{"rendered":"<p>Doggy Joy maius kutsikatele &#8211; j\u00e4nesek\u00f5rvad kanafileega.<\/p>\n","protected":false},"featured_media":6220,"template":"","meta":[],"product_cat":[1210,688],"product_tag":[],"class_list":{"0":"post-16538","1":"product","2":"type-product","3":"status-publish","4":"has-post-thumbnail","6":"product_cat-koerte-maiused","7":"product_cat-koerad","8":"pa_brand-doggy-joy","9":"pa_ean-323","10":"pa_kaal-0-090","11":"pa_tootjariik-lati","13":"first","14":"instock","15":"taxable","16":"shipping-taxable","17":"purchasable","18":"product-type-simple"},"_links":{"self":[{"href":"https:\/\/kasskoer.ee\/en\/wp-json\/wp\/v2\/product\/16538","targetHints":{"allow":["GET"]}}],"collection":[{"href":"https:\/\/kasskoer.ee\/en\/wp-json\/wp\/v2\/product"}],"about":[{"href":"https:\/\/kasskoer.ee\/en\/wp-json\/wp\/v2\/types\/product"}],"wp:featuredmedia":[{"embeddable":true,"href":"https:\/\/kasskoer.ee\/en\/wp-json\/wp\/v2\/media\/6220"}],"wp:attachment":[{"href":"https:\/\/kasskoer.ee\/en\/wp-json\/wp\/v2\/media?parent=16538"}],"wp:term":[{"taxonomy":"product_cat","embeddable":true,"href":"https:\/\/kasskoer.ee\/en\/wp-json\/wp\/v2\/product_cat?post=16538"},{"taxonomy":"product_tag","embeddable":true,"href":"https:\/\/kasskoer.ee\/en\/wp-json\/wp\/v2\/product_tag?post=16538"}],"curies":[{"name":"wp","href":"https:\/\/api.w.org\/{rel}","templated":true}]}}