{"id":16542,"date":"2026-04-20T03:15:12","date_gmt":"2026-04-20T00:15:12","guid":{"rendered":"https:\/\/kasskoer.ee\/product\/best-bone-mahkmed-kutsikatele-80-cm-12tk-2\/"},"modified":"2026-04-20T03:15:15","modified_gmt":"2026-04-20T00:15:15","slug":"best-bone-mahkmed-kutsikatele-80-cm-12tk","status":"publish","type":"product","link":"https:\/\/kasskoer.ee\/en\/toode\/best-bone-mahkmed-kutsikatele-80-cm-12tk\/","title":{"rendered":"Best Bone m\u00e4hkmed kutsikatele 80 cm 12tk"},"content":{"rendered":"<p>\u00dchekordse kasutusega m\u00e4he annab optimaalse kaitse nii kutsikatele kui ka t\u00e4iskasvanud koertele. Superimav geel m\u00e4hkmes imab vere ja uriini sekunditega, j\u00e4ttes pinna kuivaks.<\/p>\n<p> Kasutamine: jooksuaeg emastel koertel, reisimine, uriinipidamatus, \u00e4revusest tingitud urineerimine.<\/p>\n","protected":false},"excerpt":{"rendered":"<p>Best Bone m\u00e4hkmed kutsikatele \u00fcmberm\u00f5\u00f5duga kuni 80 cm.<\/p>\n","protected":false},"featured_media":6224,"template":"","meta":[],"product_cat":[688,365],"product_tag":[],"class_list":{"0":"post-16542","1":"product","2":"type-product","3":"status-publish","4":"has-post-thumbnail","6":"product_cat-koerad","7":"product_cat-koerte-tarvikud","8":"pa_brand-best-bone","9":"pa_ean-440","10":"pa_kaal-0-550","11":"pa_tootjariik-itaalia","13":"first","14":"instock","15":"taxable","16":"shipping-taxable","17":"purchasable","18":"product-type-simple"},"_links":{"self":[{"href":"https:\/\/kasskoer.ee\/en\/wp-json\/wp\/v2\/product\/16542","targetHints":{"allow":["GET"]}}],"collection":[{"href":"https:\/\/kasskoer.ee\/en\/wp-json\/wp\/v2\/product"}],"about":[{"href":"https:\/\/kasskoer.ee\/en\/wp-json\/wp\/v2\/types\/product"}],"wp:featuredmedia":[{"embeddable":true,"href":"https:\/\/kasskoer.ee\/en\/wp-json\/wp\/v2\/media\/6224"}],"wp:attachment":[{"href":"https:\/\/kasskoer.ee\/en\/wp-json\/wp\/v2\/media?parent=16542"}],"wp:term":[{"taxonomy":"product_cat","embeddable":true,"href":"https:\/\/kasskoer.ee\/en\/wp-json\/wp\/v2\/product_cat?post=16542"},{"taxonomy":"product_tag","embeddable":true,"href":"https:\/\/kasskoer.ee\/en\/wp-json\/wp\/v2\/product_tag?post=16542"}],"curies":[{"name":"wp","href":"https:\/\/api.w.org\/{rel}","templated":true}]}}