{"id":16545,"date":"2026-04-20T03:15:12","date_gmt":"2026-04-20T00:15:12","guid":{"rendered":"https:\/\/kasskoer.ee\/product\/record-mahkmed-kutsikatele-60cm-12tk-2\/"},"modified":"2026-04-20T03:15:15","modified_gmt":"2026-04-20T00:15:15","slug":"record-mahkmed-kutsikatele-60cm-12tk","status":"publish","type":"product","link":"https:\/\/kasskoer.ee\/en\/toode\/record-mahkmed-kutsikatele-60cm-12tk\/","title":{"rendered":"Record m\u00e4hkmed kutsikatele 60cm 12tk"},"content":{"rendered":"<li>T\u00e4nu \u00fcliimavatele pol\u00fcmeeridele pakuvad need maksimaalset kaitset lekete eest.<\/li>\n<p>&#13;<\/p>\n<li>Elastne v\u00f6\u00f6 ja reguleeritavad kleepuvad sulgurid tagavad t\u00e4iusliku sobivuse.<\/li>\n<p>&#13;<\/p>\n<li>M\u00e4hkmed sobivad k\u00f5ikide uriinipidamatuse, erutusest tingitud urineerimis probleemidega v\u00f5i lemmikloomaga autoga reisimiseks.<\/li>\n","protected":false},"excerpt":{"rendered":"<p>Record \u00fchekordsed elastse k\u00f5hupaelaga m\u00e4hkmed kutsikatele.<\/p>\n","protected":false},"featured_media":13484,"template":"","meta":[],"product_cat":[688,365],"product_tag":[],"class_list":{"0":"post-16545","1":"product","2":"type-product","3":"status-publish","4":"has-post-thumbnail","6":"product_cat-koerad","7":"product_cat-koerte-tarvikud","8":"pa_brand-record","9":"pa_ean-1762","10":"pa_kaal-0-300","11":"pa_tootjariik-hiina","13":"first","14":"instock","15":"taxable","16":"shipping-taxable","17":"purchasable","18":"product-type-simple"},"_links":{"self":[{"href":"https:\/\/kasskoer.ee\/en\/wp-json\/wp\/v2\/product\/16545","targetHints":{"allow":["GET"]}}],"collection":[{"href":"https:\/\/kasskoer.ee\/en\/wp-json\/wp\/v2\/product"}],"about":[{"href":"https:\/\/kasskoer.ee\/en\/wp-json\/wp\/v2\/types\/product"}],"wp:featuredmedia":[{"embeddable":true,"href":"https:\/\/kasskoer.ee\/en\/wp-json\/wp\/v2\/media\/13484"}],"wp:attachment":[{"href":"https:\/\/kasskoer.ee\/en\/wp-json\/wp\/v2\/media?parent=16545"}],"wp:term":[{"taxonomy":"product_cat","embeddable":true,"href":"https:\/\/kasskoer.ee\/en\/wp-json\/wp\/v2\/product_cat?post=16545"},{"taxonomy":"product_tag","embeddable":true,"href":"https:\/\/kasskoer.ee\/en\/wp-json\/wp\/v2\/product_tag?post=16545"}],"curies":[{"name":"wp","href":"https:\/\/api.w.org\/{rel}","templated":true}]}}