{"id":16548,"date":"2026-04-20T03:15:12","date_gmt":"2026-04-20T00:15:12","guid":{"rendered":"https:\/\/kasskoer.ee\/product\/cat-rina-minu-kassi-ronimispuu-36x33x52cm-2\/"},"modified":"2026-04-20T03:15:15","modified_gmt":"2026-04-20T00:15:15","slug":"cat-rina-minu-kassi-ronimispuu-36x33x52cm","status":"publish","type":"product","link":"https:\/\/kasskoer.ee\/en\/toode\/cat-rina-minu-kassi-ronimispuu-36x33x52cm\/","title":{"rendered":"Cat &#038; Rina Minu kassi ronimispuu 36x33x52cm"},"content":{"rendered":"<p>Sellel topeltfunktsiooniga ronimis- ja kraapimispuul&nbsp;m\u00e4ngimine v\u00f5imaldab teie kassil k\u00fc\u00fcnte viilimist ja olles suurep\u00e4rane m\u00e4ngupaik, v\u00e4ltida ka \u00fclekaalu.<\/p>\n","protected":false},"excerpt":{"rendered":"<p>Cat&#038;Rina Minu ronimispuu kassile.<\/p>\n","protected":false},"featured_media":6228,"template":"","meta":[],"product_cat":[1322],"product_tag":[],"class_list":{"0":"post-16548","1":"product","2":"type-product","3":"status-publish","4":"has-post-thumbnail","6":"product_cat-kasside-ronimispuud-ja-kraapimislauad","7":"pa_brand-catrina","8":"pa_ean-647","9":"pa_kaal-4-000","10":"pa_tootjariik-itaalia","12":"first","13":"instock","14":"taxable","15":"shipping-taxable","16":"purchasable","17":"product-type-simple"},"_links":{"self":[{"href":"https:\/\/kasskoer.ee\/en\/wp-json\/wp\/v2\/product\/16548","targetHints":{"allow":["GET"]}}],"collection":[{"href":"https:\/\/kasskoer.ee\/en\/wp-json\/wp\/v2\/product"}],"about":[{"href":"https:\/\/kasskoer.ee\/en\/wp-json\/wp\/v2\/types\/product"}],"wp:featuredmedia":[{"embeddable":true,"href":"https:\/\/kasskoer.ee\/en\/wp-json\/wp\/v2\/media\/6228"}],"wp:attachment":[{"href":"https:\/\/kasskoer.ee\/en\/wp-json\/wp\/v2\/media?parent=16548"}],"wp:term":[{"taxonomy":"product_cat","embeddable":true,"href":"https:\/\/kasskoer.ee\/en\/wp-json\/wp\/v2\/product_cat?post=16548"},{"taxonomy":"product_tag","embeddable":true,"href":"https:\/\/kasskoer.ee\/en\/wp-json\/wp\/v2\/product_tag?post=16548"}],"curies":[{"name":"wp","href":"https:\/\/api.w.org\/{rel}","templated":true}]}}