{"id":16556,"date":"2026-04-20T03:15:12","date_gmt":"2026-04-20T00:15:12","guid":{"rendered":"https:\/\/kasskoer.ee\/product\/cat-rina-kolisevad-pallid-kassidele-4tk-2\/"},"modified":"2026-04-20T03:15:15","modified_gmt":"2026-04-20T00:15:15","slug":"cat-rina-kolisevad-pallid-kassidele-4tk","status":"publish","type":"product","link":"https:\/\/kasskoer.ee\/en\/toode\/cat-rina-kolisevad-pallid-kassidele-4tk\/","title":{"rendered":"Cat &#038; Rina k\u00f5lisevad pallid kassidele 4tk"},"content":{"rendered":"<p>Pakendis 4 plastikust pehmet l\u00e4bim\u00f5\u00f5duga 3,5cm palli, mille sees kelluke. Pallide v\u00e4rvused: sinine, lilla, kollane ja punane.<\/p>\n","protected":false},"excerpt":{"rendered":"<p>Cat&#038;Rina pehmed plastikust k\u00f5lisevad pallid kassidele 4tk.<\/p>\n","protected":false},"featured_media":19229,"template":"","meta":[],"product_cat":[1321],"product_tag":[],"class_list":{"0":"post-16556","1":"product","2":"type-product","3":"status-publish","4":"has-post-thumbnail","6":"product_cat-kasside-manguasjad","7":"pa_brand-catrina","8":"pa_ean-1638","9":"pa_kaal-0-060","10":"pa_tootjariik-itaalia","12":"first","13":"instock","14":"taxable","15":"shipping-taxable","16":"purchasable","17":"product-type-simple"},"_links":{"self":[{"href":"https:\/\/kasskoer.ee\/en\/wp-json\/wp\/v2\/product\/16556","targetHints":{"allow":["GET"]}}],"collection":[{"href":"https:\/\/kasskoer.ee\/en\/wp-json\/wp\/v2\/product"}],"about":[{"href":"https:\/\/kasskoer.ee\/en\/wp-json\/wp\/v2\/types\/product"}],"wp:featuredmedia":[{"embeddable":true,"href":"https:\/\/kasskoer.ee\/en\/wp-json\/wp\/v2\/media\/19229"}],"wp:attachment":[{"href":"https:\/\/kasskoer.ee\/en\/wp-json\/wp\/v2\/media?parent=16556"}],"wp:term":[{"taxonomy":"product_cat","embeddable":true,"href":"https:\/\/kasskoer.ee\/en\/wp-json\/wp\/v2\/product_cat?post=16556"},{"taxonomy":"product_tag","embeddable":true,"href":"https:\/\/kasskoer.ee\/en\/wp-json\/wp\/v2\/product_tag?post=16556"}],"curies":[{"name":"wp","href":"https:\/\/api.w.org\/{rel}","templated":true}]}}