{"id":16558,"date":"2026-04-20T03:15:15","date_gmt":"2026-04-20T00:15:15","guid":{"rendered":"https:\/\/kasskoer.ee\/product\/record-musta-varvi-nailonist-traksid-koertele-m-2\/"},"modified":"2026-04-20T03:15:15","modified_gmt":"2026-04-20T00:15:15","slug":"record-musta-varvi-nailonist-traksid-koertele-m","status":"publish","type":"product","link":"https:\/\/kasskoer.ee\/en\/toode\/record-musta-varvi-nailonist-traksid-koertele-m\/","title":{"rendered":"Record musta v\u00e4rvi nailonist traksid koertele M"},"content":{"rendered":"<p>Traksidel on reguleeritavad 2,5 cm laiad rihmad, \u00fcmberm\u00f5\u00f5duks 56-81cm. Jalutusrihma kinnituse koht asub turja peal.<\/p>\n","protected":false},"excerpt":{"rendered":"<p>Record seljakinnitusega PVC pehmendustega traksid koertele.<\/p>\n","protected":false},"featured_media":6236,"template":"","meta":[],"product_cat":[1324],"product_tag":[],"class_list":{"0":"post-16558","1":"product","2":"type-product","3":"status-publish","4":"has-post-thumbnail","6":"product_cat-koerte-traksid","7":"pa_brand-record","8":"pa_ean-560","9":"pa_kaal-0-300","10":"pa_tootjariik-itaalia","12":"first","13":"instock","14":"taxable","15":"shipping-taxable","16":"purchasable","17":"product-type-simple"},"_links":{"self":[{"href":"https:\/\/kasskoer.ee\/en\/wp-json\/wp\/v2\/product\/16558","targetHints":{"allow":["GET"]}}],"collection":[{"href":"https:\/\/kasskoer.ee\/en\/wp-json\/wp\/v2\/product"}],"about":[{"href":"https:\/\/kasskoer.ee\/en\/wp-json\/wp\/v2\/types\/product"}],"wp:featuredmedia":[{"embeddable":true,"href":"https:\/\/kasskoer.ee\/en\/wp-json\/wp\/v2\/media\/6236"}],"wp:attachment":[{"href":"https:\/\/kasskoer.ee\/en\/wp-json\/wp\/v2\/media?parent=16558"}],"wp:term":[{"taxonomy":"product_cat","embeddable":true,"href":"https:\/\/kasskoer.ee\/en\/wp-json\/wp\/v2\/product_cat?post=16558"},{"taxonomy":"product_tag","embeddable":true,"href":"https:\/\/kasskoer.ee\/en\/wp-json\/wp\/v2\/product_tag?post=16558"}],"curies":[{"name":"wp","href":"https:\/\/api.w.org\/{rel}","templated":true}]}}