{"id":16584,"date":"2026-04-20T03:15:15","date_gmt":"2026-04-20T00:15:15","guid":{"rendered":"https:\/\/kasskoer.ee\/product\/record-roosa-kaelarihm-koerale-25x50-60cm-2\/"},"modified":"2026-04-20T03:15:17","modified_gmt":"2026-04-20T00:15:17","slug":"record-roosa-kaelarihm-koerale-25x50-60cm","status":"publish","type":"product","link":"https:\/\/kasskoer.ee\/en\/toode\/record-roosa-kaelarihm-koerale-25x50-60cm\/","title":{"rendered":"Record roosa kaelarihm koerale 2,5&#215;50-60cm"},"content":{"rendered":"<ul>\n<li>Kaelarihma eemaldamine ja kinnitamine on v\u00e4ga lihtne ning kiire t\u00e4nu plastmassist klambrile.<\/li>\n<li>Kalerihmal on&nbsp;neopreenist pehmendus, et olla v\u00f5imalikult mugav sinu lemmikule.<\/li>\n<li>Kaelarihma \u00fcmberm\u00f5\u00f5t muudetav 50-60cm.<\/li>\n<\/ul>\n","protected":false},"excerpt":{"rendered":"<p>Record roosat v\u00e4rvi kaelarihm koerale.<\/p>\n","protected":false},"featured_media":13544,"template":"","meta":[],"product_cat":[1331],"product_tag":[],"class_list":{"0":"post-16584","1":"product","2":"type-product","3":"status-publish","4":"has-post-thumbnail","6":"product_cat-koerte-rihmad","7":"pa_brand-record","8":"pa_ean-1037","9":"pa_kaal-0-100","10":"pa_tootjariik-itaalia","12":"first","13":"instock","14":"taxable","15":"shipping-taxable","16":"purchasable","17":"product-type-simple"},"_links":{"self":[{"href":"https:\/\/kasskoer.ee\/en\/wp-json\/wp\/v2\/product\/16584","targetHints":{"allow":["GET"]}}],"collection":[{"href":"https:\/\/kasskoer.ee\/en\/wp-json\/wp\/v2\/product"}],"about":[{"href":"https:\/\/kasskoer.ee\/en\/wp-json\/wp\/v2\/types\/product"}],"wp:featuredmedia":[{"embeddable":true,"href":"https:\/\/kasskoer.ee\/en\/wp-json\/wp\/v2\/media\/13544"}],"wp:attachment":[{"href":"https:\/\/kasskoer.ee\/en\/wp-json\/wp\/v2\/media?parent=16584"}],"wp:term":[{"taxonomy":"product_cat","embeddable":true,"href":"https:\/\/kasskoer.ee\/en\/wp-json\/wp\/v2\/product_cat?post=16584"},{"taxonomy":"product_tag","embeddable":true,"href":"https:\/\/kasskoer.ee\/en\/wp-json\/wp\/v2\/product_tag?post=16584"}],"curies":[{"name":"wp","href":"https:\/\/api.w.org\/{rel}","templated":true}]}}