{"id":16599,"date":"2026-04-20T03:15:15","date_gmt":"2026-04-20T00:15:15","guid":{"rendered":"https:\/\/kasskoer.ee\/product\/record-dental-narimismaiustus-koertele-piparmundiga-75g-2\/"},"modified":"2026-04-20T03:15:17","modified_gmt":"2026-04-20T00:15:17","slug":"record-dental-narimismaiustus-koertele-piparmundiga-75g","status":"publish","type":"product","link":"https:\/\/kasskoer.ee\/en\/toode\/record-dental-narimismaiustus-koertele-piparmundiga-75g\/","title":{"rendered":"Record Dental n\u00e4rimismaiustus koertele piparm\u00fcndiga 75g"},"content":{"rendered":"<p><b>N\u00e4rimismaiustused koertele, mis on kasulikud hammaste tervisele. Sisaldab piparm\u00fcnti, mis v\u00e4rskendab lemmiku hinge\u00f5hku.<\/b><br \/>&#13;<br \/>\n<br \/>&#13;<br \/>\n<b>Koostis<\/b><br \/>&#13;<br \/>\nTaimset p\u00e4ritolu derivaadid(sh piparm\u00fcnt 0,1%), liha ja loomsed saadused(kana 15%), gl\u00fctserool, mineraalid.<br \/>&#13;<br \/>\n<br \/>&#13;<br \/>\n<b>Anal\u00fc\u00fctilised koostisosad<\/b><br \/>&#13;<br \/>\nToorvalk 15.0%, niiskus 14.0%, toortuhk 2.5%, toorrasv 2.0%, toorkiud 1.0%.<br \/>&#13;<br \/>\n<br \/><b>Kasutamine<\/b><br \/>&#13;<br \/>\nPakkuda vastavalt looma vajadusele koos v\u00e4rske veega. Ei sobi alla 6 kuu vanustele koertele.<br \/>&#13;<br \/>\n<br \/>&#13;<br \/>\n<b>S\u00f6\u00f6dalisandid<\/b><br \/>&#13;<br \/>\nV\u00e4rvained, s\u00e4ilitusained.<\/p>\n","protected":false},"excerpt":{"rendered":"<p>Record Dental piparm\u00fcndiga n\u00e4rimismaiustus koertele.<\/p>\n","protected":false},"featured_media":6241,"template":"","meta":[],"product_cat":[1210,688],"product_tag":[],"class_list":{"0":"post-16599","1":"product","2":"type-product","3":"status-publish","4":"has-post-thumbnail","6":"product_cat-koerte-maiused","7":"product_cat-koerad","8":"pa_brand-record","9":"pa_ean-363","10":"pa_kaal-0-075","11":"pa_tootjariik-itaalia","13":"first","14":"outofstock","15":"taxable","16":"shipping-taxable","17":"purchasable","18":"product-type-simple"},"_links":{"self":[{"href":"https:\/\/kasskoer.ee\/en\/wp-json\/wp\/v2\/product\/16599","targetHints":{"allow":["GET"]}}],"collection":[{"href":"https:\/\/kasskoer.ee\/en\/wp-json\/wp\/v2\/product"}],"about":[{"href":"https:\/\/kasskoer.ee\/en\/wp-json\/wp\/v2\/types\/product"}],"wp:featuredmedia":[{"embeddable":true,"href":"https:\/\/kasskoer.ee\/en\/wp-json\/wp\/v2\/media\/6241"}],"wp:attachment":[{"href":"https:\/\/kasskoer.ee\/en\/wp-json\/wp\/v2\/media?parent=16599"}],"wp:term":[{"taxonomy":"product_cat","embeddable":true,"href":"https:\/\/kasskoer.ee\/en\/wp-json\/wp\/v2\/product_cat?post=16599"},{"taxonomy":"product_tag","embeddable":true,"href":"https:\/\/kasskoer.ee\/en\/wp-json\/wp\/v2\/product_tag?post=16599"}],"curies":[{"name":"wp","href":"https:\/\/api.w.org\/{rel}","templated":true}]}}