{"id":16600,"date":"2026-04-20T03:15:15","date_gmt":"2026-04-20T00:15:15","guid":{"rendered":"https:\/\/kasskoer.ee\/product\/record-munchy-maiuserullid-25cm-3tk-2\/"},"modified":"2026-04-20T03:15:17","modified_gmt":"2026-04-20T00:15:17","slug":"record-munchy-maiuserullid-25cm-3tk","status":"publish","type":"product","link":"https:\/\/kasskoer.ee\/en\/toode\/record-munchy-maiuserullid-25cm-3tk\/","title":{"rendered":"Record Munchy maiuserullid 25cm 3tk"},"content":{"rendered":"<p>Maitsev ning kergesti purustatav ja n\u00e4ritav, seega sobib igat t\u00fc\u00fcpi koertele.<br \/> Ideaalne tasu p\u00e4rast treeningut. Pakendis 3 tk.&#13;<br \/>\n<br \/>&#13;<br \/>\n<br \/><b>Koostis<\/b><br \/>&#13;<br \/>\nToornahk 90%, maisit\u00e4rklis 10%.&#13;<br \/>\n<br \/>&#13;<br \/>\n<br \/><b>Anal\u00fc\u00fctilised koostisosad<\/b><br \/>&#13;<br \/>\nToorproteiin 82%, toor\u00f5lid ja -rasvad 3.0%, toorkiud 1.0%, niiskus 16.0%, toortuhk 2.0%.&#13;<br \/>\n<br \/>&#13;<br \/>\n<br \/><b>S\u00f6\u00f6dalisandid<\/b><br \/>&#13;<br \/>\nV\u00e4rvained<\/p>\n","protected":false},"excerpt":{"rendered":"<p>Munchy k\u00f5rge valgusisaldusega veisenahast maiuserullid.<\/p>\n","protected":false},"featured_media":13574,"template":"","meta":[],"product_cat":[1332,688],"product_tag":[],"class_list":{"0":"post-16600","1":"product","2":"type-product","3":"status-publish","4":"has-post-thumbnail","6":"product_cat-koerte-narimiskondid","7":"product_cat-koerad","8":"pa_brand-record","9":"pa_ean-1763","10":"pa_kaal-0-230","11":"pa_tootjariik-hiina","13":"first","14":"instock","15":"taxable","16":"shipping-taxable","17":"purchasable","18":"product-type-simple"},"_links":{"self":[{"href":"https:\/\/kasskoer.ee\/en\/wp-json\/wp\/v2\/product\/16600","targetHints":{"allow":["GET"]}}],"collection":[{"href":"https:\/\/kasskoer.ee\/en\/wp-json\/wp\/v2\/product"}],"about":[{"href":"https:\/\/kasskoer.ee\/en\/wp-json\/wp\/v2\/types\/product"}],"wp:featuredmedia":[{"embeddable":true,"href":"https:\/\/kasskoer.ee\/en\/wp-json\/wp\/v2\/media\/13574"}],"wp:attachment":[{"href":"https:\/\/kasskoer.ee\/en\/wp-json\/wp\/v2\/media?parent=16600"}],"wp:term":[{"taxonomy":"product_cat","embeddable":true,"href":"https:\/\/kasskoer.ee\/en\/wp-json\/wp\/v2\/product_cat?post=16600"},{"taxonomy":"product_tag","embeddable":true,"href":"https:\/\/kasskoer.ee\/en\/wp-json\/wp\/v2\/product_tag?post=16600"}],"curies":[{"name":"wp","href":"https:\/\/api.w.org\/{rel}","templated":true}]}}