{"id":16603,"date":"2026-04-20T03:15:15","date_gmt":"2026-04-20T00:15:15","guid":{"rendered":"https:\/\/kasskoer.ee\/product\/brit-care-fillets-in-gravy-turkey-kitten-margtoit-kassipoegadele-85g-2\/"},"modified":"2026-04-20T03:15:18","modified_gmt":"2026-04-20T00:15:18","slug":"brit-care-fillets-in-gravy-turkey-kitten-margtoit-kassipoegadele-85g","status":"publish","type":"product","link":"https:\/\/kasskoer.ee\/en\/toode\/brit-care-fillets-in-gravy-turkey-kitten-margtoit-kassipoegadele-85g\/","title":{"rendered":"Brit Care Fillets in Gravy Turkey Kitten m\u00e4rgtoit kassipoegadele 85g"},"content":{"rendered":"<p>Fileet\u00fckid kastmes pehme kalkunilihaga, rikastatud astelpalju ja kressiga. Teraviljavaba superpremium-t\u00e4iss\u00f6\u00f6t kassipoegadele.<\/p>\n<p>Kassi men\u00fc\u00fc peab olema vaheldusrikas, maitsev ja tervislik. Brit Care\u2019i maitsvat einekotikeses toodet v\u00f5ib kasutada t\u00e4iss\u00f6\u00f6da v\u00f5i lisandina kuivs\u00f6\u00f6da vaheldusrikkamaks ja maitsvamaks muutmiseks. Sobib eelk\u00f5ige v\u00e4ga valivatele v\u00f5i toitumisprobleemidega kassidele. Aitab t\u00e4nu lisatud astelpajule ja kressile ennetada kuseteede haigusi.<\/p>\n<ul>\n<li>Teraviljavaba koostis<\/li>\n<li>85% lihast fileedena<\/li>\n<li>V\u00e4ga maitsev<\/li>\n<li>Sisaldab looduslikku antioks\u00fcdanti: rosmariiniekstrakti<\/li>\n<li>Ei ole lisatud suhkrut \u2013 Ei sisalda soja ega GMOsid<\/li>\n<\/ul>\n<p><strong>Koostis&nbsp;<\/strong><br \/> Liha fileedena (kana 62%, maks 15%, kalkun 8%) 85%, puljong, astelpalju 1%, kress 0,5%, mineraalained, hernet\u00e4rklis.<\/p>\n<p><strong>Anal\u00fc\u00fctilised koostisosad&nbsp;<\/strong><br \/> Toorvalk 9,5%, toorrasv 4,5%, toorkiud 0,5%, toortuhk 2,0%, niiskus 82,0%, kaltsium 0,25%, fosfor 0,2%, naatrium 0,3%.<\/p>\n<p> <strong>Toidukoostis&nbsp;<\/strong><\/p>\n<p>D3-vitamiin (E671) 280 R\u00dc, E-vitamiin (3a700) 160 mg, biotiin (3a880) 0,8 mg, tsink (3b606) 15 mg, mangaan (3b502) 4 mg, raud (3b103) 12 mg, vask (3b405) 0,5 mg, jood (3b201) 0,8 mg, tauriin (3a370) 600 mg, L-metioniin (3c305) 2 000 mg. Sisaldab looduslikke antioks\u00fcdante: taime\u00f5lidest saadud tokoferoolirikkaid ekstrakte (1b306), askorb\u00fc\u00fclpalmitaati (1b304) ja rosmariiniekstrakti.<\/p>\n<p> <strong>Metaboliseeruv energia&nbsp;<\/strong><\/p>\n<p>840 kcal\/kg<\/p>\n<p> <strong>Toitmisjuhend<\/strong><\/p>\n<figure class=\"table\">\n<table>\n<thead>\n<tr>\n<th rowspan=\"1\">Kassi vanus (kuudes)<\/th>\n<th>2-4<\/th>\n<th>4-6<\/th>\n<th>6-12<\/th>\n<\/tr>\n<\/thead>\n<tbody>\n<tr>\n<th rowspan=\"1\">Einekotikesi p\u00e4evas (tk)<\/th>\n<td>1 \u00bd \u2013 2<\/td>\n<td>2 \u2013 3<\/td>\n<td>3 \u2013 4<\/td>\n<\/tr>\n<\/tbody>\n<\/table>\n<\/figure>\n","protected":false},"excerpt":{"rendered":"<p>Brit Care m\u00e4rgtoit kalkunifileega kastmes kassipoegadele.<\/p>\n","protected":false},"featured_media":6245,"template":"","meta":[],"product_cat":[689,33],"product_tag":[],"class_list":{"0":"post-16603","1":"product","2":"type-product","3":"status-publish","4":"has-post-thumbnail","6":"product_cat-kassid","7":"product_cat-konservid-kassidele","8":"pa_brand-brit-care","9":"pa_ean-2211","10":"pa_kaal-0-085","11":"pa_tootjariik-tsehhi","13":"first","14":"instock","15":"taxable","16":"shipping-taxable","17":"purchasable","18":"product-type-simple"},"_links":{"self":[{"href":"https:\/\/kasskoer.ee\/en\/wp-json\/wp\/v2\/product\/16603","targetHints":{"allow":["GET"]}}],"collection":[{"href":"https:\/\/kasskoer.ee\/en\/wp-json\/wp\/v2\/product"}],"about":[{"href":"https:\/\/kasskoer.ee\/en\/wp-json\/wp\/v2\/types\/product"}],"wp:featuredmedia":[{"embeddable":true,"href":"https:\/\/kasskoer.ee\/en\/wp-json\/wp\/v2\/media\/6245"}],"wp:attachment":[{"href":"https:\/\/kasskoer.ee\/en\/wp-json\/wp\/v2\/media?parent=16603"}],"wp:term":[{"taxonomy":"product_cat","embeddable":true,"href":"https:\/\/kasskoer.ee\/en\/wp-json\/wp\/v2\/product_cat?post=16603"},{"taxonomy":"product_tag","embeddable":true,"href":"https:\/\/kasskoer.ee\/en\/wp-json\/wp\/v2\/product_tag?post=16603"}],"curies":[{"name":"wp","href":"https:\/\/api.w.org\/{rel}","templated":true}]}}