{"id":16606,"date":"2026-04-20T03:15:15","date_gmt":"2026-04-20T00:15:15","guid":{"rendered":"https:\/\/kasskoer.ee\/product\/brit-care-fillets-in-gravy-tender-turkey-savory-salmon-margtoit-kassidele-85g-2\/"},"modified":"2026-04-20T03:15:18","modified_gmt":"2026-04-20T00:15:18","slug":"brit-care-fillets-in-gravy-tender-turkey-savory-salmon-margtoit-kassidele-85g","status":"publish","type":"product","link":"https:\/\/kasskoer.ee\/en\/toode\/brit-care-fillets-in-gravy-tender-turkey-savory-salmon-margtoit-kassidele-85g\/","title":{"rendered":"Brit Care Fillets in Gravy Tender Turkey &#038; Savory Salmon m\u00e4rgtoit kassidele 85g"},"content":{"rendered":"<p>Fileet\u00fckid kastmes l\u00f5he ja kalkuniga, rikastatud astelpalju ja kressiga. Teraviljavaba superpremium-t\u00e4iss\u00f6\u00f6t t\u00e4iskasvanud kassidele.<\/p>\n<p>Kassi men\u00fc\u00fc peab olema vaheldusrikas, maitsev ja tervislik. Brit Care\u2019i maitsvat einekotikeses toodet v\u00f5ib kasutada t\u00e4iss\u00f6\u00f6da v\u00f5i lisandina kuivs\u00f6\u00f6da vaheldusrikkamaks ja maitsvamaks muutmiseks. Sobib eelk\u00f5ige v\u00e4ga valivatele v\u00f5i toitumisprobleemidega kassidele. Aitab t\u00e4nu lisatud astelpajule ja kressile ennetada kuseteede haigusi.<\/p>\n<ul>\n<li>Teraviljavaba koostis<\/li>\n<li>85% lihast fileedena<\/li>\n<li>V\u00e4ga maitsev<\/li>\n<li>Sisaldab looduslikku antioks\u00fcdanti: rosmariiniekstrakti<\/li>\n<li>Ei ole lisatud suhkrut \u2013 Ei sisalda soja ega GMOsid<\/li>\n<\/ul>\n<p><strong>Koostis&nbsp;<\/strong><br \/> Liha fileedena (kana 62%, maks 15%, kalkun 4%, l\u00f5he 4%) 85%, puljong, astelpalju 1%, kress 0,5%, mineraalained, hernet\u00e4rklis.<\/p>\n<p><strong>Anal\u00fc\u00fctilised koostisosad&nbsp;<\/strong><br \/> Toorvalk 8,0%, toorrasv 4,0%, toorkiud 0,5%, toortuhk 2,0%, niiskus 82,0%, kaltsium 0,25%, fosfor 0,2%, naatrium 0,3%.<\/p>\n<p> <strong>Toidukoostis&nbsp;<\/strong><br \/> D3-vitamiin (E671) 250 R\u00dc, E-vitamiin (3a700) 150 mg, biotiin (3a880) 0,5 mg, tsink (3b606) 12 mg, mangaan (3b502) 3 mg, raud (3b103) 10 mg, vask (3b405) 0,4 mg, jood (3b201) 0,7 mg, tauriin (3a370) 500 mg, L-metioniin (3c305) 2 000 mg. Sisaldab looduslikke antioks\u00fcdante: taime\u00f5lidest saadud tokoferoolirikkaid ekstrakte (1b306), askorb\u00fc\u00fclpalmitaati (1b304) ja rosmariiniekstrakti.<\/p>\n<p> <strong>Metaboliseeruv energia&nbsp;<\/strong><br \/> 810 kcal\/kg<\/p>\n<p> <strong>Toitmisjuhend<\/strong><\/p>\n<figure class=\"table\">\n<table>\n<thead>\n<tr>\n<th rowspan=\"1\">Kassi kaal (kg)<\/th>\n<th>3<\/th>\n<th>4 \u2013 6<\/th>\n<th>6 \u2013 8<\/th>\n<\/tr>\n<\/thead>\n<tbody>\n<tr>\n<th rowspan=\"1\">Einekotikesi p\u00e4evas (tk)<\/th>\n<td>2<\/td>\n<td>3 \u2013 4<\/td>\n<td>4 \u2013 6<\/td>\n<\/tr>\n<\/tbody>\n<\/table>\n<\/figure>\n","protected":false},"excerpt":{"rendered":"<p>Brit Care m\u00e4rgtoit kalkuni- ja l\u00f5hefileega kastmes t\u00e4iskasvanud kassidele.<\/p>\n","protected":false},"featured_media":17856,"template":"","meta":[],"product_cat":[689,33],"product_tag":[],"class_list":{"0":"post-16606","1":"product","2":"type-product","3":"status-publish","4":"has-post-thumbnail","6":"product_cat-kassid","7":"product_cat-konservid-kassidele","8":"pa_brand-brit-care","9":"pa_ean-2092","10":"pa_kaal-0-085","11":"pa_tootjariik-tsehhi","13":"first","14":"instock","15":"taxable","16":"shipping-taxable","17":"purchasable","18":"product-type-simple"},"_links":{"self":[{"href":"https:\/\/kasskoer.ee\/en\/wp-json\/wp\/v2\/product\/16606","targetHints":{"allow":["GET"]}}],"collection":[{"href":"https:\/\/kasskoer.ee\/en\/wp-json\/wp\/v2\/product"}],"about":[{"href":"https:\/\/kasskoer.ee\/en\/wp-json\/wp\/v2\/types\/product"}],"wp:featuredmedia":[{"embeddable":true,"href":"https:\/\/kasskoer.ee\/en\/wp-json\/wp\/v2\/media\/17856"}],"wp:attachment":[{"href":"https:\/\/kasskoer.ee\/en\/wp-json\/wp\/v2\/media?parent=16606"}],"wp:term":[{"taxonomy":"product_cat","embeddable":true,"href":"https:\/\/kasskoer.ee\/en\/wp-json\/wp\/v2\/product_cat?post=16606"},{"taxonomy":"product_tag","embeddable":true,"href":"https:\/\/kasskoer.ee\/en\/wp-json\/wp\/v2\/product_tag?post=16606"}],"curies":[{"name":"wp","href":"https:\/\/api.w.org\/{rel}","templated":true}]}}