{"id":16614,"date":"2026-04-20T03:15:18","date_gmt":"2026-04-20T00:15:18","guid":{"rendered":"https:\/\/kasskoer.ee\/product\/carnilove-dog-snack-lamb-cranberries-maiused-koerale-200g-2\/"},"modified":"2026-04-20T03:15:18","modified_gmt":"2026-04-20T00:15:18","slug":"carnilove-dog-snack-lamb-cranberries-maiused-koerale-200g","status":"publish","type":"product","link":"https:\/\/kasskoer.ee\/en\/toode\/carnilove-dog-snack-lamb-cranberries-maiused-koerale-200g\/","title":{"rendered":"Carnilove Dog Snack Lamb &#038; Cranberries maiused koerale 200g"},"content":{"rendered":"<p style=\"caret-color: rgb(0, 0, 0); color: rgb(0, 0, 0);\"><strong>Carnilove Dog Snack Lamb with Cranberries kr\u00f5be koeramaius lambaliha ja j\u00f5hvikatega immuunsuse tugevdamiseks.<\/strong><\/p>\n<ul>\n<li style=\"caret-color: rgb(0, 0, 0); color: rgb(0, 0, 0);\">Teraviljavaba<\/li>\n<li style=\"caret-color: rgb(0, 0, 0); color: rgb(0, 0, 0);\">Suhkruvaba<\/li>\n<li style=\"caret-color: rgb(0, 0, 0); color: rgb(0, 0, 0);\">V\u00e4rske liha<\/li>\n<li style=\"caret-color: rgb(0, 0, 0); color: rgb(0, 0, 0);\">Sobib h\u00e4sti tundliku seedimisega koertele<\/li>\n<li style=\"caret-color: rgb(0, 0, 0); color: rgb(0, 0, 0);\">J\u00f5hvikad aitavad kaasa tugeva immuunsus\u00fcsteemi loomisele<\/li>\n<\/ul>\n<p style=\"caret-color: rgb(0, 0, 0); color: rgb(0, 0, 0);\"><strong>Koostis<\/strong><br \/> Lambaliha 50% (kuivatatud lambaliha 35%, v\u00e4rske lambaliha 15%), k\u00f5rvits 15%, kollased herned 8%, kuivatatud \u00f5unad 5%, porgandid 5%, kikerherned 4%, j\u00f5hvikad 4%, kanaliha (konserveeritud tokoferoolidega )4% , linaseemned 2%, kuivatatud spinat, 2%, lina\u00f5li 1%.<\/p>\n<p> <strong>Anal\u00fc\u00fctilised koostisosad<\/strong><br \/> Toorvalk 30,0%, rasvasisaldus 10,0%, niiskus 10,0%, toortuhk 8,0%, toorkiud 5,0%, kaltsium 1,5%, fosfor 1,2%, oomega-3 0,2%, oomega-6 0,6%.<\/p>\n<p> <strong>Metaboliseeruv energia<\/strong><br \/> &nbsp;3 360 kcal\/kg<\/p>\n","protected":false},"excerpt":{"rendered":"<p>Funktsionaalne Carnilove kr\u00f5be koeramaius lambaliha ja j\u00f5hvikatega tugeva immuuns\u00fcsteemi loomiseks.<\/p>\n","protected":false},"featured_media":6251,"template":"","meta":[],"product_cat":[1210,688],"product_tag":[],"class_list":{"0":"post-16614","1":"product","2":"type-product","3":"status-publish","4":"has-post-thumbnail","6":"product_cat-koerte-maiused","7":"product_cat-koerad","8":"pa_brand-carnilove","9":"pa_ean-249","10":"pa_kaal-0-200","11":"pa_tootjariik-tsehhi","13":"first","14":"instock","15":"taxable","16":"shipping-taxable","17":"purchasable","18":"product-type-simple"},"_links":{"self":[{"href":"https:\/\/kasskoer.ee\/en\/wp-json\/wp\/v2\/product\/16614","targetHints":{"allow":["GET"]}}],"collection":[{"href":"https:\/\/kasskoer.ee\/en\/wp-json\/wp\/v2\/product"}],"about":[{"href":"https:\/\/kasskoer.ee\/en\/wp-json\/wp\/v2\/types\/product"}],"wp:featuredmedia":[{"embeddable":true,"href":"https:\/\/kasskoer.ee\/en\/wp-json\/wp\/v2\/media\/6251"}],"wp:attachment":[{"href":"https:\/\/kasskoer.ee\/en\/wp-json\/wp\/v2\/media?parent=16614"}],"wp:term":[{"taxonomy":"product_cat","embeddable":true,"href":"https:\/\/kasskoer.ee\/en\/wp-json\/wp\/v2\/product_cat?post=16614"},{"taxonomy":"product_tag","embeddable":true,"href":"https:\/\/kasskoer.ee\/en\/wp-json\/wp\/v2\/product_tag?post=16614"}],"curies":[{"name":"wp","href":"https:\/\/api.w.org\/{rel}","templated":true}]}}