{"id":16615,"date":"2026-04-20T03:15:18","date_gmt":"2026-04-20T00:15:18","guid":{"rendered":"https:\/\/kasskoer.ee\/product\/carnilove-dog-snack-ostrich-blackberries-maiused-koerale-200g-2\/"},"modified":"2026-04-20T03:15:18","modified_gmt":"2026-04-20T00:15:18","slug":"carnilove-dog-snack-ostrich-blackberries-maiused-koerale-200g","status":"publish","type":"product","link":"https:\/\/kasskoer.ee\/en\/toode\/carnilove-dog-snack-ostrich-blackberries-maiused-koerale-200g\/","title":{"rendered":"Carnilove Dog Snack Ostrich Blackberries maiused koerale 200g"},"content":{"rendered":"<p><strong>Carnilove Dog Snack Ostrich with Blackberries kr\u00f5be koeramaius jaanalinnuliha ja murakatega.<\/strong><\/p>\n<ul>\n<li>Teraviljavaba<\/li>\n<li>Ei sisalda lisatud suhkrut<\/li>\n<li>V\u00e4rske liha<\/li>\n<li>Sobib k\u00f5ikidele koertele<\/li>\n<li>Murakas sisalduvad antioks\u00fcdandid toetavad s\u00fcdame t\u00f6\u00f6d<\/li>\n<\/ul>\n<p><strong>Koostis<\/strong><br \/> Jaanalinnuliha 50% (kuivatatud jaanalind 33%, v\u00e4rske jaanalind 17%), k\u00f5rvits 15%, kollased herned 8%, kuivatatud \u00f5unad 5%, porgandid 5%, kikerherned 4%, murakad 4%, kanaliha (konserveeritud tokoferoolidega ) 4%&nbsp;, linaseemned 2%, kuivatatud spinat 2%, lina\u00f5li 1%.<\/p>\n<p><strong>Anal\u00fc\u00fctilised koostisosad<\/strong><br \/> Toorvalk 32,0%, rasvasisaldus 11,0%, niiskus 10,0%, toortuhk 7,0%, toorkiud 5,0%, kaltsium 1,3%, fosfor 0,9%, oomega-3 0,1%, oomega-6 0,7%.<\/p>\n<p><strong>Metaboliseeruv energia<\/strong><br \/> 3 450 kcal \/ kg<\/p>\n","protected":false},"excerpt":{"rendered":"<p>Carnilove kr\u00f5be koeramaius jaanalinnuliha ja murakatega.<\/p>\n","protected":false},"featured_media":6252,"template":"","meta":[],"product_cat":[1210,688],"product_tag":[],"class_list":{"0":"post-16615","1":"product","2":"type-product","3":"status-publish","4":"has-post-thumbnail","6":"product_cat-koerte-maiused","7":"product_cat-koerad","8":"pa_brand-carnilove","9":"pa_ean-250","10":"pa_kaal-0-200","11":"pa_tootjariik-tsehhi","13":"first","14":"instock","15":"taxable","16":"shipping-taxable","17":"purchasable","18":"product-type-simple"},"_links":{"self":[{"href":"https:\/\/kasskoer.ee\/en\/wp-json\/wp\/v2\/product\/16615","targetHints":{"allow":["GET"]}}],"collection":[{"href":"https:\/\/kasskoer.ee\/en\/wp-json\/wp\/v2\/product"}],"about":[{"href":"https:\/\/kasskoer.ee\/en\/wp-json\/wp\/v2\/types\/product"}],"wp:featuredmedia":[{"embeddable":true,"href":"https:\/\/kasskoer.ee\/en\/wp-json\/wp\/v2\/media\/6252"}],"wp:attachment":[{"href":"https:\/\/kasskoer.ee\/en\/wp-json\/wp\/v2\/media?parent=16615"}],"wp:term":[{"taxonomy":"product_cat","embeddable":true,"href":"https:\/\/kasskoer.ee\/en\/wp-json\/wp\/v2\/product_cat?post=16615"},{"taxonomy":"product_tag","embeddable":true,"href":"https:\/\/kasskoer.ee\/en\/wp-json\/wp\/v2\/product_tag?post=16615"}],"curies":[{"name":"wp","href":"https:\/\/api.w.org\/{rel}","templated":true}]}}