{"id":16618,"date":"2026-04-20T03:15:18","date_gmt":"2026-04-20T00:15:18","guid":{"rendered":"https:\/\/kasskoer.ee\/product\/carnilove-pouch-pate-duck-with-timothy-grass-einekotike-koertele-300g-2\/"},"modified":"2026-04-20T03:15:19","modified_gmt":"2026-04-20T00:15:19","slug":"carnilove-pouch-pate-duck-with-timothy-grass-einekotike-koertele-300g","status":"publish","type":"product","link":"https:\/\/kasskoer.ee\/en\/toode\/carnilove-pouch-pate-duck-with-timothy-grass-einekotike-koertele-300g\/","title":{"rendered":"Carnilove Pouch Pate Duck with Timothy Grass einekotike koertele 300g"},"content":{"rendered":"<p><strong>Allergiaohutu ja kergesti seeditav pardiliha ei koorma seedimist ning toetab optimaalset vormi. Suur pol\u00fck\u00fcllastumata rasvhapete sisaldus kaitseb s\u00fcdant ja veresoonkonda. Timut on j\u00e4meda kiudaine allikas, \u00fchtlasi toetab see seedetrakti tervist.<\/strong><\/p>\n<p> <strong>Koostis<\/strong><br \/> 85% kalkuniliha ja elundeid (sealhulgas 26% part), 4% timutit, 1% hernejahu, 1% lignotselluloosi, 1% linaseemne\u00f5li.<\/p>\n<p> <strong>Anal\u00fc\u00fctilised koostisosad<\/strong><br \/> Toorvalk 12,0%, toorrasv 9,0%, kiudaine 0,5%, toortuhk 2,5%, niiskus 78,0%, kaltsium 0,2%, fosfor 0,2%, naatrium 0,3%, oomega 3 0,15%.<\/p>\n<p> <strong>Toidulisandid 1 kg kohta<\/strong><br \/> D3-vitamiin (3a671) 200 IU, vitamiin E (3a700) 100 mg, biotiin (3a880) 0,5 mg, tsink (3b606) 12 mg, mangaan (3b504) 3 mg, raud (3b106) 10 mg, vask (3b406) 4 mg, jood (3b201) 0,7 mg,<br \/> tauriin (3a370) 800 mg.<\/p>\n<p> <b>Metaboolne energia<\/b><br \/> 1210 kcal\/kg<\/p>\n","protected":false},"excerpt":{"rendered":"<p>T\u00e4iss\u00f6\u00f6t v\u00f5i maitsev lisand graanulite juurde pardi ja p\u00f5ldtimutiga pasteedis t\u00e4iskasvanud koertele.<\/p>\n","protected":false},"featured_media":6255,"template":"","meta":[],"product_cat":[688,106],"product_tag":[],"class_list":{"0":"post-16618","1":"product","2":"type-product","3":"status-publish","4":"has-post-thumbnail","6":"product_cat-koerad","7":"product_cat-konservid-koertele","8":"pa_brand-carnilove","9":"pa_ean-281","10":"pa_kaal-0-300","11":"pa_tootjariik-tsehhi","13":"first","14":"instock","15":"taxable","16":"shipping-taxable","17":"purchasable","18":"product-type-simple"},"_links":{"self":[{"href":"https:\/\/kasskoer.ee\/en\/wp-json\/wp\/v2\/product\/16618","targetHints":{"allow":["GET"]}}],"collection":[{"href":"https:\/\/kasskoer.ee\/en\/wp-json\/wp\/v2\/product"}],"about":[{"href":"https:\/\/kasskoer.ee\/en\/wp-json\/wp\/v2\/types\/product"}],"wp:featuredmedia":[{"embeddable":true,"href":"https:\/\/kasskoer.ee\/en\/wp-json\/wp\/v2\/media\/6255"}],"wp:attachment":[{"href":"https:\/\/kasskoer.ee\/en\/wp-json\/wp\/v2\/media?parent=16618"}],"wp:term":[{"taxonomy":"product_cat","embeddable":true,"href":"https:\/\/kasskoer.ee\/en\/wp-json\/wp\/v2\/product_cat?post=16618"},{"taxonomy":"product_tag","embeddable":true,"href":"https:\/\/kasskoer.ee\/en\/wp-json\/wp\/v2\/product_tag?post=16618"}],"curies":[{"name":"wp","href":"https:\/\/api.w.org\/{rel}","templated":true}]}}