{"id":16623,"date":"2026-04-20T03:15:18","date_gmt":"2026-04-20T00:15:18","guid":{"rendered":"https:\/\/kasskoer.ee\/product\/cats-best-smart-paakuvad-puidugraanulid-5l-25kg-2\/"},"modified":"2026-04-20T03:15:19","modified_gmt":"2026-04-20T00:15:19","slug":"cats-best-smart-paakuvad-puidugraanulid-5l","status":"publish","type":"product","link":"https:\/\/kasskoer.ee\/en\/toode\/cats-best-smart-paakuvad-puidugraanulid-5l\/","title":{"rendered":"Cat&#8217;s Best Smart paakuvad puidugraanulid 5L"},"content":{"rendered":"<p><b>Cat&#8217;s Best Smart Pellets 100% orgaaniline paakuv kassiliiv.<\/b>&#13;<\/p>\n<li>Aktiivpuitkiududest graanulid imavad ja lukustavad t\u00e4ielikult ebameeldivad l\u00f5hnad.<\/li>\n<p>&#13;<\/p>\n<li>Graanulid ei j\u00e4\u00e4 karvadesse ega k\u00e4ppade k\u00fclge kinni, nii ei vea kass endaga midagi liivakastist v\u00e4lja.<\/li>\n<p>&#13;<\/p>\n<li>Puitkiud imavad rohkem kui 700% oma mahust.<\/li>\n<p>&#13;<\/p>\n<li>Allapanu on t\u00e4nu oma \u00f6konoomsusele ka taskukohane.<\/li>\n<p>&#13;<\/p>\n<li>Tavap\u00e4rasest kassiallapanust kergem, mis muudab k\u00e4sitlemise palju mugavamaks.<\/li>\n<p>&#13;<\/p>\n<li>Aktiivpuitkiudude suurep\u00e4rane imavus tagab kassiliivakastis pikaajalise puhtuse ilma liiva t\u00e4ieliku vahetamiseta.<\/li>\n<p>&#13;<\/p>\n<li>Biolagunev kassiliiv on v\u00e4ga looduss\u00f5bralik.<\/li>\n","protected":false},"excerpt":{"rendered":"<p>Puidugraanulitest paakuv naturaalne kassiliiv.<\/p>\n","protected":false},"featured_media":14035,"template":"","meta":[],"product_cat":[689,565],"product_tag":[],"class_list":{"0":"post-16623","1":"product","2":"type-product","3":"status-publish","4":"has-post-thumbnail","6":"product_cat-kassid","7":"product_cat-kassiliivad","8":"pa_brand-cats-best","9":"pa_ean-2485","10":"pa_kaal-2-500","11":"pa_tootjariik-saksamaa","13":"first","14":"instock","15":"taxable","16":"shipping-taxable","17":"purchasable","18":"product-type-simple"},"_links":{"self":[{"href":"https:\/\/kasskoer.ee\/en\/wp-json\/wp\/v2\/product\/16623","targetHints":{"allow":["GET"]}}],"collection":[{"href":"https:\/\/kasskoer.ee\/en\/wp-json\/wp\/v2\/product"}],"about":[{"href":"https:\/\/kasskoer.ee\/en\/wp-json\/wp\/v2\/types\/product"}],"wp:featuredmedia":[{"embeddable":true,"href":"https:\/\/kasskoer.ee\/en\/wp-json\/wp\/v2\/media\/14035"}],"wp:attachment":[{"href":"https:\/\/kasskoer.ee\/en\/wp-json\/wp\/v2\/media?parent=16623"}],"wp:term":[{"taxonomy":"product_cat","embeddable":true,"href":"https:\/\/kasskoer.ee\/en\/wp-json\/wp\/v2\/product_cat?post=16623"},{"taxonomy":"product_tag","embeddable":true,"href":"https:\/\/kasskoer.ee\/en\/wp-json\/wp\/v2\/product_tag?post=16623"}],"curies":[{"name":"wp","href":"https:\/\/api.w.org\/{rel}","templated":true}]}}