{"id":16633,"date":"2026-04-20T03:15:18","date_gmt":"2026-04-20T00:15:18","guid":{"rendered":"https:\/\/kasskoer.ee\/product\/cazo-exclusive-soft-bed-noir-pruun-pesa-koertele-75x60cm-2\/"},"modified":"2026-04-20T03:15:19","modified_gmt":"2026-04-20T00:15:19","slug":"cazo-exclusive-soft-bed-noir-pruun-pesa-koertele-75x60cm","status":"publish","type":"product","link":"https:\/\/kasskoer.ee\/en\/toode\/cazo-exclusive-soft-bed-noir-pruun-pesa-koertele-75x60cm\/","title":{"rendered":"Cazo Exclusive Soft Bed Noir pruun pesa koertele 75x60cm"},"content":{"rendered":"<p>CAZO Noir kollektsiooni pesad on loodud sinu lemmikule luksuse pakkumiseks. Luksusliku v\u00e4limuse r\u00f5hutamiseks on pesad kaunistatud tikandite ja keerdn\u00f6\u00f6riga. Pesale on lisatud ka kaunis tsirkoonkivike. &nbsp;&nbsp;<\/p>\n<p> Pesa on valmistatud vastupidavast kangast, mis on lihtsasti eemaldatav ja masinas pestav. Lihtne hooldus aitab hoida pesa kogu aeg puhtana.&nbsp;Pesa on t\u00e4idetud ortopeediliste omadustega silikoont\u00e4idisega.&nbsp;<\/p>\n<p> Pesa m\u00f5\u00f5dud: 75x60cm.<\/p>\n","protected":false},"excerpt":{"rendered":"<p>Cazo Noir Exclusive pruuni v\u00e4rvi pesa koertele.<\/p>\n","protected":false},"featured_media":6263,"template":"","meta":[],"product_cat":[692,456],"product_tag":[],"class_list":{"0":"post-16633","1":"product","2":"type-product","3":"status-publish","4":"has-post-thumbnail","6":"product_cat-lemmikutele-lisaks","7":"product_cat-pesad-ja-asemed","8":"pa_brand-cazo","9":"pa_ean-485","10":"pa_kaal-2-000","11":"pa_tootjariik-poola","13":"first","14":"instock","15":"taxable","16":"shipping-taxable","17":"purchasable","18":"product-type-simple"},"_links":{"self":[{"href":"https:\/\/kasskoer.ee\/en\/wp-json\/wp\/v2\/product\/16633","targetHints":{"allow":["GET"]}}],"collection":[{"href":"https:\/\/kasskoer.ee\/en\/wp-json\/wp\/v2\/product"}],"about":[{"href":"https:\/\/kasskoer.ee\/en\/wp-json\/wp\/v2\/types\/product"}],"wp:featuredmedia":[{"embeddable":true,"href":"https:\/\/kasskoer.ee\/en\/wp-json\/wp\/v2\/media\/6263"}],"wp:attachment":[{"href":"https:\/\/kasskoer.ee\/en\/wp-json\/wp\/v2\/media?parent=16633"}],"wp:term":[{"taxonomy":"product_cat","embeddable":true,"href":"https:\/\/kasskoer.ee\/en\/wp-json\/wp\/v2\/product_cat?post=16633"},{"taxonomy":"product_tag","embeddable":true,"href":"https:\/\/kasskoer.ee\/en\/wp-json\/wp\/v2\/product_tag?post=16633"}],"curies":[{"name":"wp","href":"https:\/\/api.w.org\/{rel}","templated":true}]}}