{"id":16639,"date":"2026-04-20T03:15:18","date_gmt":"2026-04-20T00:15:18","guid":{"rendered":"https:\/\/kasskoer.ee\/product\/cazo-soft-bed-noir-hall-pesa-koertele-95x75cm-2\/"},"modified":"2026-04-20T03:15:20","modified_gmt":"2026-04-20T00:15:20","slug":"cazo-soft-bed-noir-hall-pesa-koertele-95x75cm","status":"publish","type":"product","link":"https:\/\/kasskoer.ee\/en\/toode\/cazo-soft-bed-noir-hall-pesa-koertele-95x75cm\/","title":{"rendered":"Cazo Soft Bed Noir hall pesa koertele 95x75cm"},"content":{"rendered":"<p>CAZO Noir kollektsiooni pesad on loodud sinu lemmikule luksuse pakkumiseks. Luksusliku v\u00e4limuse r\u00f5hutamiseks on pesad kaunistatud tikandite ja keerdn\u00f6\u00f6riga. Pesale on lisatud ka kaunis tsirkoonkivike. &nbsp;&nbsp;<\/p>\n<p>Pesa on valmistatud vastupidavast kangast, mis on lihtsasti eemaldatav ja masinas pestav. Lihtne hooldus aitab hoida pesa kogu aeg puhtana.&nbsp;Pesa on t\u00e4idetud ortopeediliste omadustega silikoont\u00e4idisega.&nbsp;<\/p>\n<p>Cazo Noir kollektsiooni tutvustav video:&nbsp;<\/p>\n<p><div class='avia-iframe-wrap'><iframe loading=\"lazy\" title=\"CAZO Noir\" width=\"1500\" height=\"844\" src=\"https:\/\/www.youtube.com\/embed\/TT_9yKxvVuw?feature=oembed\" frameborder=\"0\" allow=\"accelerometer; autoplay; clipboard-write; encrypted-media; gyroscope; picture-in-picture; web-share\" referrerpolicy=\"strict-origin-when-cross-origin\" allowfullscreen><\/iframe><\/div>\n<\/p>\n<p>Pesa m\u00f5\u00f5dud: <span style=\"background-color:rgb(250,250,251);color:rgb(35,40,44);\">95&#215;75<\/span>cm.<\/p>\n","protected":false},"excerpt":{"rendered":"<p>Cazo Noir Exclusive halli v\u00e4rvi pesa koertele.<\/p>\n","protected":false},"featured_media":6269,"template":"","meta":[],"product_cat":[692,456],"product_tag":[],"class_list":{"0":"post-16639","1":"product","2":"type-product","3":"status-publish","4":"has-post-thumbnail","6":"product_cat-lemmikutele-lisaks","7":"product_cat-pesad-ja-asemed","8":"pa_brand-cazo","9":"pa_ean-483","10":"pa_kaal-3-000","11":"pa_tootjariik-poola","13":"first","14":"instock","15":"taxable","16":"shipping-taxable","17":"purchasable","18":"product-type-simple"},"_links":{"self":[{"href":"https:\/\/kasskoer.ee\/en\/wp-json\/wp\/v2\/product\/16639","targetHints":{"allow":["GET"]}}],"collection":[{"href":"https:\/\/kasskoer.ee\/en\/wp-json\/wp\/v2\/product"}],"about":[{"href":"https:\/\/kasskoer.ee\/en\/wp-json\/wp\/v2\/types\/product"}],"wp:featuredmedia":[{"embeddable":true,"href":"https:\/\/kasskoer.ee\/en\/wp-json\/wp\/v2\/media\/6269"}],"wp:attachment":[{"href":"https:\/\/kasskoer.ee\/en\/wp-json\/wp\/v2\/media?parent=16639"}],"wp:term":[{"taxonomy":"product_cat","embeddable":true,"href":"https:\/\/kasskoer.ee\/en\/wp-json\/wp\/v2\/product_cat?post=16639"},{"taxonomy":"product_tag","embeddable":true,"href":"https:\/\/kasskoer.ee\/en\/wp-json\/wp\/v2\/product_tag?post=16639"}],"curies":[{"name":"wp","href":"https:\/\/api.w.org\/{rel}","templated":true}]}}