{"id":16648,"date":"2026-04-21T03:20:17","date_gmt":"2026-04-21T00:20:17","guid":{"rendered":"https:\/\/kasskoer.ee\/product\/cazo-outdoor-bed-maxy-must-pesa-koertele-75x60cm-2\/"},"modified":"2026-04-21T03:20:20","modified_gmt":"2026-04-21T00:20:20","slug":"cazo-outdoor-bed-maxy-must-pesa-koertele-75x60cm","status":"publish","type":"product","link":"https:\/\/kasskoer.ee\/en\/toode\/cazo-outdoor-bed-maxy-must-pesa-koertele-75x60cm\/","title":{"rendered":"Cazo Outdoor Bed Maxy must pesa koertele 75x60cm"},"content":{"rendered":"<p>Cazo Outdoor pesa kollektsioon on v\u00e4lja t\u00f6\u00f6tatud vastu pidama ka v\u00e4liskeskkondades kasutamiseks. Spetsiaalne Kodura materjal on ilmastikukindel ja v\u00e4ga vastupidav.<br \/> Pesal on praktiline lihtsasti eemaldatav kate, mida v\u00f5ib pesumasinas pesta. Lihtne hooldus aitab hoida pesa kogu aeg puhtana.<\/p>\n<p> Pesa suurus: 75x60cm.<\/p>\n","protected":false},"excerpt":{"rendered":"<p>Cazo Outdoor musta v\u00e4rvi pesa koertele.<\/p>\n","protected":false},"featured_media":13596,"template":"","meta":[],"product_cat":[692,456],"product_tag":[],"class_list":{"0":"post-16648","1":"product","2":"type-product","3":"status-publish","4":"has-post-thumbnail","6":"product_cat-lemmikutele-lisaks","7":"product_cat-pesad-ja-asemed","8":"pa_brand-cazo","9":"pa_ean-772","10":"pa_kaal-2-000","11":"pa_tootjariik-poola","13":"first","14":"instock","15":"taxable","16":"shipping-taxable","17":"purchasable","18":"product-type-simple"},"_links":{"self":[{"href":"https:\/\/kasskoer.ee\/en\/wp-json\/wp\/v2\/product\/16648","targetHints":{"allow":["GET"]}}],"collection":[{"href":"https:\/\/kasskoer.ee\/en\/wp-json\/wp\/v2\/product"}],"about":[{"href":"https:\/\/kasskoer.ee\/en\/wp-json\/wp\/v2\/types\/product"}],"wp:featuredmedia":[{"embeddable":true,"href":"https:\/\/kasskoer.ee\/en\/wp-json\/wp\/v2\/media\/13596"}],"wp:attachment":[{"href":"https:\/\/kasskoer.ee\/en\/wp-json\/wp\/v2\/media?parent=16648"}],"wp:term":[{"taxonomy":"product_cat","embeddable":true,"href":"https:\/\/kasskoer.ee\/en\/wp-json\/wp\/v2\/product_cat?post=16648"},{"taxonomy":"product_tag","embeddable":true,"href":"https:\/\/kasskoer.ee\/en\/wp-json\/wp\/v2\/product_tag?post=16648"}],"curies":[{"name":"wp","href":"https:\/\/api.w.org\/{rel}","templated":true}]}}