{"id":16649,"date":"2026-04-20T03:15:18","date_gmt":"2026-04-20T00:15:18","guid":{"rendered":"https:\/\/kasskoer.ee\/product\/cazo-soft-bed-velvet-gold-pesa-koertele-73x57cm-2\/"},"modified":"2026-04-20T03:15:20","modified_gmt":"2026-04-20T00:15:20","slug":"cazo-soft-bed-velvet-gold-pesa-koertele-73x57cm","status":"publish","type":"product","link":"https:\/\/kasskoer.ee\/en\/toode\/cazo-soft-bed-velvet-gold-pesa-koertele-73x57cm\/","title":{"rendered":"Cazo Soft Bed Velvet Gold pesa koertele 73x57cm"},"content":{"rendered":"<li>Erilise v\u00e4limusega pesa on valmistatud vastupidavast pehmest kangast ja kunstnahast, mis on vastupidav ka k\u00fc\u00fcnistustele.<\/li>\n<p>&#13;<\/p>\n<li>Ortopeediliste omadustega pesa on suurep\u00e4rane valik k\u00f5igile koertele.<\/li>\n<p>&#13;<\/p>\n<li>Pesal on praktiline lihtsasti eemaldatav kate, mida v\u00f5ib pesumasinas pesta. Lihtne hooldus aitab hoida pesa kogu aeg puhtana.<\/li>\n<p>&#13;<br \/>\n<br \/>&#13;<br \/>\nPesa suurus: 73x57cm.<\/p>\n","protected":false},"excerpt":{"rendered":"<p>Cazo Velvet kollektsiooni pesa koertele.<\/p>\n","protected":false},"featured_media":13598,"template":"","meta":[],"product_cat":[692,456],"product_tag":[],"class_list":{"0":"post-16649","1":"product","2":"type-product","3":"status-publish","4":"has-post-thumbnail","6":"product_cat-lemmikutele-lisaks","7":"product_cat-pesad-ja-asemed","8":"pa_brand-cazo","9":"pa_ean-742","10":"pa_kaal-2-200","11":"pa_tootjariik-poola","13":"first","14":"instock","15":"taxable","16":"shipping-taxable","17":"purchasable","18":"product-type-simple"},"_links":{"self":[{"href":"https:\/\/kasskoer.ee\/en\/wp-json\/wp\/v2\/product\/16649","targetHints":{"allow":["GET"]}}],"collection":[{"href":"https:\/\/kasskoer.ee\/en\/wp-json\/wp\/v2\/product"}],"about":[{"href":"https:\/\/kasskoer.ee\/en\/wp-json\/wp\/v2\/types\/product"}],"wp:featuredmedia":[{"embeddable":true,"href":"https:\/\/kasskoer.ee\/en\/wp-json\/wp\/v2\/media\/13598"}],"wp:attachment":[{"href":"https:\/\/kasskoer.ee\/en\/wp-json\/wp\/v2\/media?parent=16649"}],"wp:term":[{"taxonomy":"product_cat","embeddable":true,"href":"https:\/\/kasskoer.ee\/en\/wp-json\/wp\/v2\/product_cat?post=16649"},{"taxonomy":"product_tag","embeddable":true,"href":"https:\/\/kasskoer.ee\/en\/wp-json\/wp\/v2\/product_tag?post=16649"}],"curies":[{"name":"wp","href":"https:\/\/api.w.org\/{rel}","templated":true}]}}