{"id":16658,"date":"2026-04-20T03:15:21","date_gmt":"2026-04-20T00:15:21","guid":{"rendered":"https:\/\/kasskoer.ee\/product\/tiger-pet-apple-kassiliiv-5l-2\/"},"modified":"2026-04-20T03:15:21","modified_gmt":"2026-04-20T00:15:21","slug":"tiger-pet-apple-kassiliiv-5l","status":"publish","type":"product","link":"https:\/\/kasskoer.ee\/en\/toode\/tiger-pet-apple-kassiliiv-5l\/","title":{"rendered":"Tiger Pet Apple kassiliiv 5L"},"content":{"rendered":"<p>Tiger Pet pallikujuline liiv on 100% looduslik paakuv toode.<\/p>\n<p> \u00d6koloogiline liiv: <\/p>\n<ul>\n<li>suurep\u00e4rased imendumisomadused<\/li>\n<li>imab l\u00f5hna<\/li>\n<li>kiiresti granuleerib ja imab tahketesse kimpudesse<\/li>\n<li>hoiab \u00e4ra bakterite paljunemise<\/li>\n<li>v\u00e4he tolmu<\/li>\n<li>\u00f6konoomne<\/li>\n<\/ul>\n<p> <strong>Kasutamine<\/strong><br \/> Katke liivakast umbes 6 cm liivakihiga. K\u00f5rvaldage kasutatud t\u00fckid pr\u00fcgikasti ja t\u00e4itke kast puhta liivaga. Selleks, et kass saaks kohaneda uue liivapartiiga, lisage seda vanale liivale kahe n\u00e4dala jooksul.<\/p>\n<p> Hoida kuivas kohas.<\/p>\n","protected":false},"excerpt":{"rendered":"<p>Tiger Pet \u00f5una l\u00f5hnaga bentoniidist kassiliiv.<\/p>\n","protected":false},"featured_media":6288,"template":"","meta":[],"product_cat":[689,565],"product_tag":[],"class_list":{"0":"post-16658","1":"product","2":"type-product","3":"status-publish","4":"has-post-thumbnail","6":"product_cat-kassid","7":"product_cat-kassiliivad","8":"pa_brand-tiger-pet","9":"pa_ean-1033","10":"pa_kaal-4-000","11":"pa_tootjariik-hiina","13":"first","14":"instock","15":"taxable","16":"shipping-taxable","17":"purchasable","18":"product-type-simple"},"_links":{"self":[{"href":"https:\/\/kasskoer.ee\/en\/wp-json\/wp\/v2\/product\/16658","targetHints":{"allow":["GET"]}}],"collection":[{"href":"https:\/\/kasskoer.ee\/en\/wp-json\/wp\/v2\/product"}],"about":[{"href":"https:\/\/kasskoer.ee\/en\/wp-json\/wp\/v2\/types\/product"}],"wp:featuredmedia":[{"embeddable":true,"href":"https:\/\/kasskoer.ee\/en\/wp-json\/wp\/v2\/media\/6288"}],"wp:attachment":[{"href":"https:\/\/kasskoer.ee\/en\/wp-json\/wp\/v2\/media?parent=16658"}],"wp:term":[{"taxonomy":"product_cat","embeddable":true,"href":"https:\/\/kasskoer.ee\/en\/wp-json\/wp\/v2\/product_cat?post=16658"},{"taxonomy":"product_tag","embeddable":true,"href":"https:\/\/kasskoer.ee\/en\/wp-json\/wp\/v2\/product_tag?post=16658"}],"curies":[{"name":"wp","href":"https:\/\/api.w.org\/{rel}","templated":true}]}}