{"id":16667,"date":"2026-04-20T03:15:21","date_gmt":"2026-04-20T00:15:21","guid":{"rendered":"https:\/\/kasskoer.ee\/product\/sams-field-adult-medium-beef-veal-koeratoit-13-kg-2\/"},"modified":"2026-04-20T03:15:22","modified_gmt":"2026-04-20T00:15:22","slug":"sams-field-adult-medium-beef-veal-koeratoit-13-kg","status":"publish","type":"product","link":"https:\/\/kasskoer.ee\/en\/toode\/sams-field-adult-medium-beef-veal-koeratoit-13-kg\/","title":{"rendered":"Sam&#8217;s Field Adult Medium Beef &#038; Veal koeratoit 13 kg"},"content":{"rendered":"<p><strong>Sam&#8217;s Field Adult Medium Beef &amp; Veal superpremium gluteenivaba t\u00e4istoit keskmist t\u00f5ugu t\u00e4iskasvanud koertele veise- ja vasikalihaga.<\/strong><\/p>\n<ul>\n<li>Sisaldab 70% veise- ja vasikaliha, puu- ja k\u00f6\u00f6givilju.<\/li>\n<li>Gl\u00fckoosamiin ja&nbsp;kondroitiin liigeste ning&nbsp;k\u00f5hrede \u00f5igeks arenguks.<\/li>\n<li>Prebiootikumid (mannaani-oligo ja frukto-oligosahhariidid) soolestiku tervise jaoks.<\/li>\n<li>Looduslikud vitamiinide ja antioks\u00fcdantide allikad immuunsuse parandamiseks.<\/li>\n<li>K\u00f5rge toitvate koostisosade sisaldus tagab t\u00e4iusliku seeduvuse.<\/li>\n<li>Gluteenivaba toit v\u00e4hendab toidutalumatuse ohtu.<\/li>\n<\/ul>\n<p> <strong>Koostis<\/strong><br \/> Kuivatatud veiseliha 26%, kuivatatud vasikaliha 20%, kartul 16%, riis, linnuliha rasv (konserveeritud tokoferoolide seguga, E-vitamiini allikas), kuivatatud \u00f5unad 3%, rohelised herned 2,5%, \u00f5llep\u00e4rm (mannaani-oligosahhariidide allikas) ), l\u00f5he\u00f5li 2%, kanamaks, kuivatatud spinat 1%, kuivatatud suvik\u00f5rvits 0,8%, kuivatatud peedi viljaliha 0,5%, kuivatatud brokkoli 0,2%, gl\u00fckoosamiin (300 mg\/kg), kondroitiinsulfaat (180 mg\/kg), ekstrakt Yucca schidigera (100 mg\/kg), kummel (Matricaria chamomilla, 80 mg\/kg).<\/p>\n<p> <strong>Anal\u00fc\u00fctiline koostis<\/strong><br \/> Toorvalk 26%, toorrasv 14%, toorkiud 2,5%, niiskus 10%, toortuhk 5,3%, kaltsium 1,1%, fosfor 0,8%, l\u00fcsiin 1%, metioniin 0,3%, treoniin 0,8%, tr\u00fcptofaan 0,3%, arginiin 1,3%.<\/p>\n<p> <strong>Toitainelised lisandid<\/strong><br \/> A-vitamiin (3a672a) 20 000 R\u00dc, vitamiin D3 (E671) 1500 R\u00dc, vitamiin E (3a700) 500 mg, vitamiin B1 (3a821) 1 mg, vitamiin B2 3,75 mg, vitamiin B6 (3a831) 1 mg, vitamiin B12 0,04 &nbsp;mg, kaltsium-D-pantotenaat (3a841) 10mg, biotiin (3a880) 0,6mg, foolhape (3a316) 0,5mg, koliinkloriid (3a890) 600mg, raud (E1) 70mg, mangaan (E5) 35 mg, tsink (E6) 83 mg, vask (E4) 14 mg, jood (3b201) 0,65 mg, seleen (3b8,10) 0,2 mg.<\/p>\n<p> <strong>Metaboliseeruv energia<\/strong><br \/> 3800 kcal\/kg<\/p>\n<p> <strong>Soovituslik p\u00e4evane kogus<\/strong> <\/p>\n<table>\n<tbody>\n<tr class=\"subhead\">\n<td>Koera kaal (kg)<\/td>\n<td>10 kg<\/td>\n<td>15 kg<\/td>\n<td>20 kg<\/td>\n<td>25 kg<\/td>\n<td>30 kg<\/td>\n<\/tr>\n<tr>\n<td>P\u00e4evane kogus (g)<\/td>\n<td>360 g<\/td>\n<td>430&nbsp;g<\/td>\n<td>490 g<\/td>\n<td>550&nbsp;g<\/td>\n<td>610&nbsp;g<\/td>\n<\/tr>\n<\/tbody>\n<\/table>\n","protected":false},"excerpt":{"rendered":"<p>Sam&#8217;s Field t\u00e4iss\u00f6\u00f6t keskmist t\u00f5ugu t\u00e4iskasvanud koertele veise- ja vasikalihaga.<\/p>\n","protected":false},"featured_media":6297,"template":"","meta":[],"product_cat":[688,64],"product_tag":[],"class_list":{"0":"post-16667","1":"product","2":"type-product","3":"status-publish","4":"has-post-thumbnail","6":"product_cat-koerad","7":"product_cat-koeratoit","8":"pa_brand-sams-field","9":"pa_ean-372","10":"pa_kaal-13-000","11":"pa_tootjariik-tsehhi","13":"first","14":"instock","15":"taxable","16":"shipping-taxable","17":"purchasable","18":"product-type-simple"},"_links":{"self":[{"href":"https:\/\/kasskoer.ee\/en\/wp-json\/wp\/v2\/product\/16667","targetHints":{"allow":["GET"]}}],"collection":[{"href":"https:\/\/kasskoer.ee\/en\/wp-json\/wp\/v2\/product"}],"about":[{"href":"https:\/\/kasskoer.ee\/en\/wp-json\/wp\/v2\/types\/product"}],"wp:featuredmedia":[{"embeddable":true,"href":"https:\/\/kasskoer.ee\/en\/wp-json\/wp\/v2\/media\/6297"}],"wp:attachment":[{"href":"https:\/\/kasskoer.ee\/en\/wp-json\/wp\/v2\/media?parent=16667"}],"wp:term":[{"taxonomy":"product_cat","embeddable":true,"href":"https:\/\/kasskoer.ee\/en\/wp-json\/wp\/v2\/product_cat?post=16667"},{"taxonomy":"product_tag","embeddable":true,"href":"https:\/\/kasskoer.ee\/en\/wp-json\/wp\/v2\/product_tag?post=16667"}],"curies":[{"name":"wp","href":"https:\/\/api.w.org\/{rel}","templated":true}]}}