{"id":16668,"date":"2026-04-20T03:15:21","date_gmt":"2026-04-20T00:15:21","guid":{"rendered":"https:\/\/kasskoer.ee\/product\/brit-care-duck-pate-meat-konserv-koertele-800g-2\/"},"modified":"2026-04-20T03:15:22","modified_gmt":"2026-04-20T00:15:22","slug":"brit-care-duck-pate-meat-konserv-koertele-800g","status":"publish","type":"product","link":"https:\/\/kasskoer.ee\/en\/toode\/brit-care-duck-pate-meat-konserv-koertele-800g\/","title":{"rendered":"Brit Care Duck Pat\u00e9 &#038; Meat konserv koertele 800g"},"content":{"rendered":"<p><strong>Superpremium konserv koertele kana- ja pardilihaga.<\/strong><\/p>\n<ul>\n<li>T\u00f5elised lihat\u00fckid koos siseelundite t\u00fckkidega pasteedis.<\/li>\n<li>Ei sisalda teravilja, soja ega GMO-sid.<\/li>\n<li>70% kana- ja pardiliha.<\/li>\n<\/ul>\n<p><strong>Koostis&nbsp;<\/strong><br \/> 44% kana (liha ja elundid), 26% part (liha ja elundid), 3% hernet\u00e4rklist, 1% hernekiudu, 0,5% l\u00f5he\u00f5li.<\/p>\n<p> <strong>Anal\u00fc\u00fctiline koostis&nbsp;<\/strong><br \/> Toorproteiin 9%, toorrasv 6%, toortuhk 3%, niiskus 78%, toorkiud 0,5%, kaltsium 0,1%, fosfor 0,3%, naatrium 0,2%.<\/p>\n<p> <strong>Toitainelised lisandid kg kohta&nbsp;<\/strong><br \/> Vitamiin D3 (3a671) 250 IU, vitamiin E (3a700) 100 mg, tsink (3b606) 15 mg, raud (3b106) 10 mg, mangaan (3b504) 3 mg, kaaliumjodiid (3b201) 0,75 mg, vask (3b406) 0,5 mg, biotiin (3a880) 0,2 mg.<\/p>\n<p> <strong>Tehnoloogilised lisandid 1 kg kohta<\/strong><br \/> Jaanileivapuu (E410) 5000 mg.<\/p>\n<p style=\"margin-left:0px;\"><strong>Metaboliseeruv energia<\/strong><\/p>\n<p style=\"margin-left:0px;\">1029 kcal\/kg<br \/> &nbsp;<\/p>\n<p style=\"margin-left:0px;\"><strong>Toitmisjuhend<\/strong><br \/> V\u00e4rske vesi peab olema alati saadaval. Hoida kuivas jahedas kohas. Avatud konservi hoida k\u00fclmikus.<\/p>\n","protected":false},"excerpt":{"rendered":"<p>Brit Pat\u00e9 &#038; Meat konserv koertele kana- ja pardilihaga.<\/p>\n","protected":false},"featured_media":10751,"template":"","meta":[],"product_cat":[688,106],"product_tag":[],"class_list":{"0":"post-16668","1":"product","2":"type-product","3":"status-publish","4":"has-post-thumbnail","6":"product_cat-koerad","7":"product_cat-konservid-koertele","8":"pa_brand-brit-care","9":"pa_ean-1240","10":"pa_kaal-0-800","11":"pa_tootjariik-tsehhi","13":"first","14":"instock","15":"taxable","16":"shipping-taxable","17":"purchasable","18":"product-type-simple"},"_links":{"self":[{"href":"https:\/\/kasskoer.ee\/en\/wp-json\/wp\/v2\/product\/16668","targetHints":{"allow":["GET"]}}],"collection":[{"href":"https:\/\/kasskoer.ee\/en\/wp-json\/wp\/v2\/product"}],"about":[{"href":"https:\/\/kasskoer.ee\/en\/wp-json\/wp\/v2\/types\/product"}],"wp:featuredmedia":[{"embeddable":true,"href":"https:\/\/kasskoer.ee\/en\/wp-json\/wp\/v2\/media\/10751"}],"wp:attachment":[{"href":"https:\/\/kasskoer.ee\/en\/wp-json\/wp\/v2\/media?parent=16668"}],"wp:term":[{"taxonomy":"product_cat","embeddable":true,"href":"https:\/\/kasskoer.ee\/en\/wp-json\/wp\/v2\/product_cat?post=16668"},{"taxonomy":"product_tag","embeddable":true,"href":"https:\/\/kasskoer.ee\/en\/wp-json\/wp\/v2\/product_tag?post=16668"}],"curies":[{"name":"wp","href":"https:\/\/api.w.org\/{rel}","templated":true}]}}