{"id":16672,"date":"2026-04-20T03:15:21","date_gmt":"2026-04-20T00:15:21","guid":{"rendered":"https:\/\/kasskoer.ee\/product\/brit-veterinary-diet-gastrointestinal-erisoot-kassidele-5kg-2\/"},"modified":"2026-04-20T03:15:22","modified_gmt":"2026-04-20T00:15:22","slug":"brit-veterinary-diet-gastrointestinal-erisoot-kassidele-5kg","status":"publish","type":"product","link":"https:\/\/kasskoer.ee\/en\/toode\/brit-veterinary-diet-gastrointestinal-erisoot-kassidele-5kg\/","title":{"rendered":"Brit Veterinary Diet Gastrointestinal eris\u00f6\u00f6t kassidele 5kg"},"content":{"rendered":"<p><b>Brit Gastrointestinal t\u00e4isdieettoit seedetrakti h\u00e4iretega kassidele.<\/b><br \/>&#13;<br \/>\n<br \/>&#13;<br \/>\n<b>N\u00e4idustused<\/b>&#13;<\/p>\n<li>\u00c4ge gastroenteriit (k\u00f5hulahtisus, oksendamine).<\/li>\n<p>&#13;<\/p>\n<li>Krooniline gastroenteriit (k\u00f5hulahtisus, oksendamine).<\/li>\n<p>&#13;<\/p>\n<li>P\u00f5letikuline soolehaigus (IBD).<\/li>\n<p>&#13;<\/p>\n<li>K\u00f5hulahtisus v\u00f5i k\u00f5hukinnisus.<\/li>\n<p>&#13;<br \/>\n<br \/>&#13;<br \/>\n<b>Koostis<\/b><br \/>&#13;<br \/>\nDeh\u00fcdreeritud heeringas (40%), kollased herned (18%), h\u00fcdrol\u00fc\u00fcsitud l\u00f5hevalk (10%), kanarasv (9%), munad (6%), tatar, \u00f5una viljaliha, l\u00f5he\u00f5li (2%), h\u00fcdrol\u00fc\u00fcsitud l\u00f5hekaste (2%), bambuse lignotselluloos, mineraalid, \u00f5llep\u00e4rm, ps\u00fclliumi kestad ja seemned (0,5%), kuivatatud vetikad (0,5%, Ascophyllum nodosum), p\u00e4rmiekstrakt (mannaan-oligosahhariidide allikas, 0,025%), beeta-gl\u00fckaanid (0,022%), frukto-oligosahhariidid (0,02%), Mohaave t\u00e4\u00e4kliilia (0,02%), astelpaju (0,015%).&#13;<br \/>\n<br \/>&#13;<br \/>\n<br \/><b>Anal\u00fc\u00fctilised koostisosad<\/b><br \/>&#13;<br \/>\nToorvalk 34,0 %, toorrasv 17,0 %, toorkiud 3,0 %, toortuhk 7,8 %, niiskust 10 %, oomega-3 1,1 %, oomega-6 2,5 %, kaltsium 1,1 %, fosfor 0,9 %, naatrium 1,0 %, magneesium 0,09 %, kaalium 0,5 %.&#13;<br \/>\n<br \/>&#13;<br \/>\n<br \/><b>S\u00f6\u00f6dalisandid (1 kg kohta)<\/b><br \/>&#13;<br \/>\nToitainelised lisandid: Vitamiin A (3a672a) 25 000 R\u00dc, vitamiin D3 (3a671) 850 R\u00dc, vitamiin E (3a700) 1 000 mg, vitamiin C (3a312) 300 mg, koliinkloriid (3a890) 2 300 mg, biotiin (3a880) 3 mg, vitamiin B1 (3a821) 10 mg, vitamiin B2 50 mg, niatsiinamiid (3a315) 80 mg, kaltsium-D-pantotenaat (3a841) 50 mg, vitamiin B6 (3a831) 35 mg, foolhape (3a316) 15 mg, vitamiin B12 0,18 mg, tsinkkelaadi aminohapete h\u00fcdraat (3b606) 120 mg, rauakelaadi aminohapete h\u00fcdraat (3b107) 60 mg, mangaankelaat aminohapete h\u00fcdraadist (3b505) 60 mg, kaaliumjodiid (3b201) 4 mg, vaskkelaadi aminohapete h\u00fcdraat (3b407) 3,5 mg, orgaaniline Seleen, mis on toodetud Saccaromyces cerevisiae CNCM I-3060 poolt (seleenitud p\u00e4rm, inaktiveeritud) (3b8.10) 0,2 mg, tauriin (3a370) 2 300 mg, L-karnitiin (3a910) 240 mg, L-metioniin (3c305) 4 000 mg. Soolefloora stabilisaatorid: Enterococcus faecium DSM 10663\/NCIMB 10415 (4b1707) 1&#215;109 CFU.<br \/>&#13;<br \/>\n<br \/><b>Metaboliseeruv energia<\/b><br \/>&#13;<br \/>\n3840 kcal\/kg<br \/>&#13;<br \/>\n<br \/>&#13;<br \/>\n<b>S\u00f6\u00f6tmisjuhend<\/b><br \/>&#13;<br \/>\nKonsulteerige enne Brit VD toidu kasutamist oma veterinaararstiga. \u00c4gedate imendumish\u00e4irete korral andke kassile 1\u20133 n\u00e4dalat ainult kassitoitu Brit VD Gastrointestinal Cat ja vett. Soolehatude ja nende funktsiooni t\u00e4ielikuks taastumiseks kulub kuni 3 n\u00e4dalat. Maldigestiooni korral andke kassile kassitoitu Brit VD Gastrointestinal Cat 3\u201312 n\u00e4dalat. Krooniliste seedetrakti h\u00e4irete korral tuleb seda kasutada elu l\u00f5puni.<br \/>&#13;<br \/>\n<br \/>&#13;<br \/>\n<b>Soovituslik p\u00e4evane kogus<\/b>&#13;<\/p>\n<figure class=\"table\">\n<table>\n<tbody>\n<tr>\n<td><strong>Kassi kaal (kg)<\/strong><\/td>\n<td>2<\/td>\n<td>3<\/td>\n<td>4<\/td>\n<td>5<\/td>\n<td>6<\/td>\n<td>8<\/td>\n<td>10<\/td>\n<td>12<\/td>\n<\/tr>\n<tr>\n<td><strong>P\u00e4evane kogus (g\/p\u00e4evas)<\/strong><\/td>\n<td>55<\/td>\n<td>65<\/td>\n<td>75<\/td>\n<td>80<\/td>\n<td>90<\/td>\n<td>100<\/td>\n<td>110<\/td>\n<td>130<\/td>\n<\/tr>\n<\/tbody>\n<\/table>\n<\/figure>\n","protected":false},"excerpt":{"rendered":"<p>Brit Veterinary t\u00e4istoit seedetrakti h\u00e4iretega kassidele.<\/p>\n","protected":false},"featured_media":13620,"template":"","meta":[],"product_cat":[689,75],"product_tag":[],"class_list":{"0":"post-16672","1":"product","2":"type-product","3":"status-publish","4":"has-post-thumbnail","6":"product_cat-kassid","7":"product_cat-kassitoit","8":"pa_brand-brit-gf-veterinary-diet","9":"pa_ean-2401","10":"pa_kaal-5-000","11":"pa_tootjariik-tsehhi","13":"first","14":"instock","15":"taxable","16":"shipping-taxable","17":"purchasable","18":"product-type-simple"},"_links":{"self":[{"href":"https:\/\/kasskoer.ee\/en\/wp-json\/wp\/v2\/product\/16672","targetHints":{"allow":["GET"]}}],"collection":[{"href":"https:\/\/kasskoer.ee\/en\/wp-json\/wp\/v2\/product"}],"about":[{"href":"https:\/\/kasskoer.ee\/en\/wp-json\/wp\/v2\/types\/product"}],"wp:featuredmedia":[{"embeddable":true,"href":"https:\/\/kasskoer.ee\/en\/wp-json\/wp\/v2\/media\/13620"}],"wp:attachment":[{"href":"https:\/\/kasskoer.ee\/en\/wp-json\/wp\/v2\/media?parent=16672"}],"wp:term":[{"taxonomy":"product_cat","embeddable":true,"href":"https:\/\/kasskoer.ee\/en\/wp-json\/wp\/v2\/product_cat?post=16672"},{"taxonomy":"product_tag","embeddable":true,"href":"https:\/\/kasskoer.ee\/en\/wp-json\/wp\/v2\/product_tag?post=16672"}],"curies":[{"name":"wp","href":"https:\/\/api.w.org\/{rel}","templated":true}]}}