{"id":16673,"date":"2026-04-20T03:15:21","date_gmt":"2026-04-20T00:15:21","guid":{"rendered":"https:\/\/kasskoer.ee\/product\/brit-mono-protein-rabbit-konserv-koertele-400g-2\/"},"modified":"2026-04-20T03:15:22","modified_gmt":"2026-04-20T00:15:22","slug":"brit-mono-protein-rabbit-konserv-koertele-400g","status":"publish","type":"product","link":"https:\/\/kasskoer.ee\/en\/toode\/brit-mono-protein-rabbit-konserv-koertele-400g\/","title":{"rendered":"Brit Mono Protein Rabbit konserv koertele 400g"},"content":{"rendered":"<li>Sobib tundliku seedimisega, allergia ja toidutalumatuse all kannatavatele koertele.<\/li>\n<p>&#13;<\/p>\n<li>Suur kvaliteetse liha sisaldus ja selle s\u00e4\u00e4stev t\u00f6\u00f6tlemine tagavad suurep\u00e4rase maitse ja l\u00f5hna.<\/li>\n<p>&#13;<\/p>\n<li>Ideaalne t\u00e4ienduseks graanulite juurde. Aitab muuta toitu isu\u00e4ratavamaks ja varustada vedelikuga.<\/li>\n<p>&#13;<\/p>\n<li>Pehme pasteet seedub paremini ja seda on vanematel koertel kergem s\u00fc\u00fca.<\/li>\n<p>&#13;<\/p>\n<li>Ei sisalda gluteeni, soja ega GMO-sid.<\/li>\n<p>&#13;<br \/>\n<br \/>&#13;<br \/>\n<b>Koostis<\/b><br \/>&#13;<br \/>\nK\u00fc\u00fclik (liha ja rupskid) 74%, hernet\u00e4rklis 3%, herne kiudaine 1%.<br \/>&#13;<br \/>\n<br \/>&#13;<br \/>\n<b>Anal\u00fc\u00fctiline koostis<\/b><br \/>&#13;<br \/>\nToorvalk 9%, toorrasv 6%, toortuhk 2%, niiskus 78%, toorkiud 0,5%, kaltsium 0,3%, fosfor 0,3%, naatrium 0,4%.<br \/>&#13;<br \/>\n<br \/>&#13;<br \/>\n<b>S\u00f6\u00f6dalisandid (1 kg kohta)<\/b><br \/>&#13;<br \/>\nToitainelised lisandid: D3-vitamiin (3a671) 250 R\u00dc, E-vitamiin (3a700) 100 mg, tsink (3b606) 15 mg, raud (3b106) 10 mg, mangaan (3b504) 3 mg, kaaliumjodiid (3b201) 0,75 mg, vask (3b406) 0,5 mg, tauriin (3a880) 0,2 mg. Tehnoloogilised lisandid: Jaanileivapuujahu (E410) 5 000 mg.<br \/>&#13;<br \/>\n<br \/>&#13;<br \/>\n<b>Metaboliseeruv energia<\/b><br \/>&#13;<br \/>\n1070 kcal\/kg<br \/>&#13;<br \/>\n<br \/>&#13;<br \/>\n<b>Toitmisjuhend<\/b><br \/>&#13;<\/p>\n<figure class=\"table\">\n<table>\n<tbody>\n<tr>\n<th rowspan=\"1\">T\u00e4iskasvanud koera kehakaal<\/th>\n<th>V\u00e4ike (1\u201310 kg)<\/th>\n<th>Keskmine (10-25kg)<\/th>\n<th>Suur (25 &#8211; 45kg)<\/th>\n<\/tr>\n<tr>\n<th rowspan=\"1\">P\u00e4evane annus<\/th>\n<th>100-400g<\/th>\n<th>400g-800g<\/th>\n<th>800-1200g<\/th>\n<\/tr>\n<\/tbody>\n<\/table>\n<\/figure>\n","protected":false},"excerpt":{"rendered":"<p>100% puhas k\u00fc\u00fclikuvalk. Monoprotein = konserv, mis sisaldab liha ja elundeid ainult \u00fchesest loomsest allikast. T\u00e4iss\u00f6\u00f6t koertele.<\/p>\n","protected":false},"featured_media":6302,"template":"","meta":[],"product_cat":[688,106],"product_tag":[],"class_list":{"0":"post-16673","1":"product","2":"type-product","3":"status-publish","4":"has-post-thumbnail","6":"product_cat-koerad","7":"product_cat-konservid-koertele","8":"pa_brand-brit-care","9":"pa_ean-1023","10":"pa_kaal-0-400","11":"pa_tootjariik-tsehhi","13":"first","14":"instock","15":"taxable","16":"shipping-taxable","17":"purchasable","18":"product-type-simple"},"_links":{"self":[{"href":"https:\/\/kasskoer.ee\/en\/wp-json\/wp\/v2\/product\/16673","targetHints":{"allow":["GET"]}}],"collection":[{"href":"https:\/\/kasskoer.ee\/en\/wp-json\/wp\/v2\/product"}],"about":[{"href":"https:\/\/kasskoer.ee\/en\/wp-json\/wp\/v2\/types\/product"}],"wp:featuredmedia":[{"embeddable":true,"href":"https:\/\/kasskoer.ee\/en\/wp-json\/wp\/v2\/media\/6302"}],"wp:attachment":[{"href":"https:\/\/kasskoer.ee\/en\/wp-json\/wp\/v2\/media?parent=16673"}],"wp:term":[{"taxonomy":"product_cat","embeddable":true,"href":"https:\/\/kasskoer.ee\/en\/wp-json\/wp\/v2\/product_cat?post=16673"},{"taxonomy":"product_tag","embeddable":true,"href":"https:\/\/kasskoer.ee\/en\/wp-json\/wp\/v2\/product_tag?post=16673"}],"curies":[{"name":"wp","href":"https:\/\/api.w.org\/{rel}","templated":true}]}}