{"id":16679,"date":"2026-04-20T03:15:21","date_gmt":"2026-04-20T00:15:21","guid":{"rendered":"https:\/\/kasskoer.ee\/product\/record-poov-metallist-kaelarihm-75cm-2\/"},"modified":"2026-04-20T03:15:22","modified_gmt":"2026-04-20T00:15:22","slug":"record-poov-metallist-kaelarihm-75cm","status":"publish","type":"product","link":"https:\/\/kasskoer.ee\/en\/toode\/record-poov-metallist-kaelarihm-75cm\/","title":{"rendered":"Record poov metallist kaelarihm 75cm"},"content":{"rendered":"<li>Poov kaelarihm on ideaalne kontrolli s\u00e4ilitamiseks nende koerte \u00fcle, kes ei oska veel k\u00f5rval k\u00f5ndida v\u00f5i kellel on kombeks palju t\u00f5mmata.<\/li>\n","protected":false},"excerpt":{"rendered":"<p>Vastupidavast metallist poov kaelarihm koerale.<\/p>\n","protected":false},"featured_media":13622,"template":"","meta":[],"product_cat":[1331],"product_tag":[],"class_list":{"0":"post-16679","1":"product","2":"type-product","3":"status-publish","4":"has-post-thumbnail","6":"product_cat-koerte-rihmad","7":"pa_brand-record","8":"pa_ean-1714","9":"pa_kaal-0-250","10":"pa_tootjariik-hiina","12":"first","13":"instock","14":"taxable","15":"shipping-taxable","16":"purchasable","17":"product-type-simple"},"_links":{"self":[{"href":"https:\/\/kasskoer.ee\/en\/wp-json\/wp\/v2\/product\/16679","targetHints":{"allow":["GET"]}}],"collection":[{"href":"https:\/\/kasskoer.ee\/en\/wp-json\/wp\/v2\/product"}],"about":[{"href":"https:\/\/kasskoer.ee\/en\/wp-json\/wp\/v2\/types\/product"}],"wp:featuredmedia":[{"embeddable":true,"href":"https:\/\/kasskoer.ee\/en\/wp-json\/wp\/v2\/media\/13622"}],"wp:attachment":[{"href":"https:\/\/kasskoer.ee\/en\/wp-json\/wp\/v2\/media?parent=16679"}],"wp:term":[{"taxonomy":"product_cat","embeddable":true,"href":"https:\/\/kasskoer.ee\/en\/wp-json\/wp\/v2\/product_cat?post=16679"},{"taxonomy":"product_tag","embeddable":true,"href":"https:\/\/kasskoer.ee\/en\/wp-json\/wp\/v2\/product_tag?post=16679"}],"curies":[{"name":"wp","href":"https:\/\/api.w.org\/{rel}","templated":true}]}}