{"id":16700,"date":"2026-04-20T03:15:21","date_gmt":"2026-04-20T00:15:21","guid":{"rendered":"https:\/\/kasskoer.ee\/product\/lolo-pets-liiv-tsintsiljadele-15kg-2\/"},"modified":"2026-04-20T03:15:23","modified_gmt":"2026-04-20T00:15:23","slug":"lolo-pets-liiv-tsintsiljadele-15kg","status":"publish","type":"product","link":"https:\/\/kasskoer.ee\/en\/toode\/lolo-pets-liiv-tsintsiljadele-15kg\/","title":{"rendered":"LoLo Pets liiv t\u0161int\u0161iljadele 1,5kg"},"content":{"rendered":"<p>LoLo Pets liiv t\u0161int\u0161iljadele.&#13;<\/p>\n<li>Aitab eemaldada karvast mustust ja rasu.<\/li>\n<p> &#13;<\/p>\n<li>T\u00e4nu liivas sisalduvatele mineraalidele tagate oma t\u0161int\u0161iljale parimad tingimused igap\u00e4evaseks h\u00fcgieeniks.<\/li>\n<p>&#13;<\/p>\n<li>Oluline element t\u0161int\u0161iljade aretusel.<\/li>\n<p>&#13;<br \/>\n<br \/>&#13;<br \/>\n<b>Koostis<\/b><br \/>&#13;<br \/>\nLiiv 100%.<\/p>\n","protected":false},"excerpt":{"rendered":"<p>LoLo Pets naturaalne liiv t\u0161int\u0161iljadele.<\/p>\n","protected":false},"featured_media":13638,"template":"","meta":[],"product_cat":[1316,693,3078],"product_tag":[],"class_list":{"0":"post-16700","1":"product","2":"type-product","3":"status-publish","4":"has-post-thumbnail","6":"product_cat-nariliste-allapanu","7":"product_cat-muud-loomad","8":"product_cat-narilised","9":"pa_brand-lolo-pets","10":"pa_ean-1274","11":"pa_kaal-1-500","12":"pa_tootjariik-poola","14":"first","15":"instock","16":"taxable","17":"shipping-taxable","18":"purchasable","19":"product-type-simple"},"_links":{"self":[{"href":"https:\/\/kasskoer.ee\/en\/wp-json\/wp\/v2\/product\/16700","targetHints":{"allow":["GET"]}}],"collection":[{"href":"https:\/\/kasskoer.ee\/en\/wp-json\/wp\/v2\/product"}],"about":[{"href":"https:\/\/kasskoer.ee\/en\/wp-json\/wp\/v2\/types\/product"}],"wp:featuredmedia":[{"embeddable":true,"href":"https:\/\/kasskoer.ee\/en\/wp-json\/wp\/v2\/media\/13638"}],"wp:attachment":[{"href":"https:\/\/kasskoer.ee\/en\/wp-json\/wp\/v2\/media?parent=16700"}],"wp:term":[{"taxonomy":"product_cat","embeddable":true,"href":"https:\/\/kasskoer.ee\/en\/wp-json\/wp\/v2\/product_cat?post=16700"},{"taxonomy":"product_tag","embeddable":true,"href":"https:\/\/kasskoer.ee\/en\/wp-json\/wp\/v2\/product_tag?post=16700"}],"curies":[{"name":"wp","href":"https:\/\/api.w.org\/{rel}","templated":true}]}}