{"id":16701,"date":"2026-04-20T03:15:21","date_gmt":"2026-04-20T00:15:21","guid":{"rendered":"https:\/\/kasskoer.ee\/product\/lolo-pets-smakers-maiusepulgad-numfkakaduudele-puuviljadega-2tk-90g-2\/"},"modified":"2026-04-20T03:15:23","modified_gmt":"2026-04-20T00:15:23","slug":"lolo-pets-smakers-maiusepulgad-numfkakaduudele-puuviljadega-2tk-90g","status":"publish","type":"product","link":"https:\/\/kasskoer.ee\/en\/toode\/lolo-pets-smakers-maiusepulgad-numfkakaduudele-puuviljadega-2tk-90g\/","title":{"rendered":"LoLo Pets Smakers maiusepulgad n\u00fcmfkakaduudele puuviljadega 2tk 90g"},"content":{"rendered":"<p>LoLo Pets &#8220;Smakers&#8221; maiusepulgad n\u00fcmfkakaduudele.&#13;<\/p>\n<li>Sisaldab naturaalseid vitamiine tugeva tervise jaoks.<\/li>\n<p>&#13;<\/p>\n<li>Pulgal on mugav kinnitus puurile kinnitamiseks.<\/li>\n<p>&#13;<br \/>\n<br \/>&#13;<br \/>\n<b>Koostis<\/b><br \/>&#13;<br \/>\nNisujahu, kollane hirss, punane sorgo, safloori seemned, punane hirss, kooritud kaer, kuivatatud \u00f5un (2%), kuivatatud apelsinikoor (2%), kookosp\u00e4hkel (1,5%), triibulised p\u00e4evalilleseemned, mustad p\u00e4evalilleseemned, p\u00e4rm. Lisandid: v\u00e4rvained.<br \/>&#13;<br \/>\n<br \/>&#13;<br \/>\n<b>Anal\u00fc\u00fctilised koostisosad<\/b><br \/>&#13;<br \/>\nToorvalk (min) 11,7%, toorrasv (min) 4,1%, toorkiud (maks) 9,5%, toortuhk (maks) 4,4%, niiskus (maks) 12,0%.<\/p>\n","protected":false},"excerpt":{"rendered":"<p>LoLo Pets Smakers maiusepulgad puuviljadega n\u00fcmfkakaduudele.<\/p>\n","protected":false},"featured_media":13640,"template":"","meta":[],"product_cat":[1158,3080,693],"product_tag":[],"class_list":{"0":"post-16701","1":"product","2":"type-product","3":"status-publish","4":"has-post-thumbnail","6":"product_cat-lindude-maiused","7":"product_cat-linnud","8":"product_cat-muud-loomad","9":"pa_brand-lolo-pets","10":"pa_ean-1242","11":"pa_kaal-0-090","12":"pa_tootjariik-poola","14":"first","15":"instock","16":"taxable","17":"shipping-taxable","18":"purchasable","19":"product-type-simple"},"_links":{"self":[{"href":"https:\/\/kasskoer.ee\/en\/wp-json\/wp\/v2\/product\/16701","targetHints":{"allow":["GET"]}}],"collection":[{"href":"https:\/\/kasskoer.ee\/en\/wp-json\/wp\/v2\/product"}],"about":[{"href":"https:\/\/kasskoer.ee\/en\/wp-json\/wp\/v2\/types\/product"}],"wp:featuredmedia":[{"embeddable":true,"href":"https:\/\/kasskoer.ee\/en\/wp-json\/wp\/v2\/media\/13640"}],"wp:attachment":[{"href":"https:\/\/kasskoer.ee\/en\/wp-json\/wp\/v2\/media?parent=16701"}],"wp:term":[{"taxonomy":"product_cat","embeddable":true,"href":"https:\/\/kasskoer.ee\/en\/wp-json\/wp\/v2\/product_cat?post=16701"},{"taxonomy":"product_tag","embeddable":true,"href":"https:\/\/kasskoer.ee\/en\/wp-json\/wp\/v2\/product_tag?post=16701"}],"curies":[{"name":"wp","href":"https:\/\/api.w.org\/{rel}","templated":true}]}}