{"id":16707,"date":"2026-04-20T03:15:21","date_gmt":"2026-04-20T00:15:21","guid":{"rendered":"https:\/\/kasskoer.ee\/product\/record-roosa-kaelarihm-kapa-mustriga-xs-16x30-45cm-2\/"},"modified":"2026-04-20T03:15:23","modified_gmt":"2026-04-20T00:15:23","slug":"record-roosa-kaelarihm-kapa-mustriga-xs-16x30-45cm","status":"publish","type":"product","link":"https:\/\/kasskoer.ee\/en\/toode\/record-roosa-kaelarihm-kapa-mustriga-xs-16x30-45cm\/","title":{"rendered":"Record roosa kaelarihm k\u00e4pa mustriga XS 1,6&#215;30-45cm"},"content":{"rendered":"<p>Koera kaelarihm mugavast nailonist, v\u00e4rvilise k\u00e4pamustriga. Rihm on reguleeritav, praktilise plastikust sulgurklambriga ja varustatud metallist kinnitusr\u00f5ngaga.<\/p>\n","protected":false},"excerpt":{"rendered":"<p>Record roosa v\u00e4rvilise k\u00e4pamustriga kaelarihm koerale XS.<\/p>\n","protected":false},"featured_media":13648,"template":"","meta":[],"product_cat":[1331],"product_tag":[],"class_list":{"0":"post-16707","1":"product","2":"type-product","3":"status-publish","4":"has-post-thumbnail","6":"product_cat-koerte-rihmad","7":"pa_brand-record","8":"pa_ean-1868","9":"pa_kaal-0-030","10":"pa_tootjariik-hiina","12":"first","13":"instock","14":"taxable","15":"shipping-taxable","16":"purchasable","17":"product-type-simple"},"_links":{"self":[{"href":"https:\/\/kasskoer.ee\/en\/wp-json\/wp\/v2\/product\/16707","targetHints":{"allow":["GET"]}}],"collection":[{"href":"https:\/\/kasskoer.ee\/en\/wp-json\/wp\/v2\/product"}],"about":[{"href":"https:\/\/kasskoer.ee\/en\/wp-json\/wp\/v2\/types\/product"}],"wp:featuredmedia":[{"embeddable":true,"href":"https:\/\/kasskoer.ee\/en\/wp-json\/wp\/v2\/media\/13648"}],"wp:attachment":[{"href":"https:\/\/kasskoer.ee\/en\/wp-json\/wp\/v2\/media?parent=16707"}],"wp:term":[{"taxonomy":"product_cat","embeddable":true,"href":"https:\/\/kasskoer.ee\/en\/wp-json\/wp\/v2\/product_cat?post=16707"},{"taxonomy":"product_tag","embeddable":true,"href":"https:\/\/kasskoer.ee\/en\/wp-json\/wp\/v2\/product_tag?post=16707"}],"curies":[{"name":"wp","href":"https:\/\/api.w.org\/{rel}","templated":true}]}}