{"id":16716,"date":"2026-04-20T03:15:21","date_gmt":"2026-04-20T00:15:21","guid":{"rendered":"https:\/\/kasskoer.ee\/product\/brit-veterinary-diet-obesity-erisoot-kassidele-2kg-2\/"},"modified":"2026-04-20T03:15:23","modified_gmt":"2026-04-20T00:15:23","slug":"brit-veterinary-diet-obesity-erisoot-kassidele-2kg","status":"publish","type":"product","link":"https:\/\/kasskoer.ee\/en\/toode\/brit-veterinary-diet-obesity-erisoot-kassidele-2kg\/","title":{"rendered":"Brit Veterinary Diet Obesity eris\u00f6\u00f6t kassidele 2kg"},"content":{"rendered":"<p><b>Brit Obesity t\u00e4isdieettoit kehakaalu langetamiseks ja s\u00e4ilitamiseks kassidele.<\/b><br \/>&#13;<br \/>\n<br \/>&#13;<br \/>\n<b>N\u00e4idustused<\/b>&#13;<\/p>\n<li>\u00dclekaaluliste ja rasvunud kasside kehakaalu v\u00e4hendamine.<\/li>\n<p>&#13;<\/p>\n<li>Optimaalse kehakaalu s\u00e4ilitamine.<\/li>\n<p>&#13;<\/p>\n<li>Kaalu s\u00e4ilitamine p\u00e4rast kastreerimist.<\/li>\n<p>&#13;<br \/>\n<br \/>&#13;<br \/>\n<b>Koostis<\/b><br \/>&#13;<br \/>\nDeh\u00fcdreeritud kana (42%), kollased herned (18%), kollase herne valk, bambuse lignotselluloos (8%), \u00f5una viljaliha, l\u00f5he\u00f5li (2%), h\u00fcdrol\u00fc\u00fcsitud kanamaks (2%), kartulivalk, kanarasv (1%), mineraalid, ps\u00fclliumi kestad ja seemned (0,8%), kuivatatud vetikad (0,5%, Ascophyllum nodosum), h\u00fcdrol\u00fc\u00fcsitud koorikloomade kestad (gl\u00fckoosamiinsulfaadi allikas, 0,036%), h\u00fcdrol\u00fc\u00fcsitud k\u00f5hr (kondroitiinsulfaadi allikas, 0,025%), p\u00e4rmiekstrakt (mannaan-oligosahhariidide allikas, 0,02%), beeta-gl\u00fckaanid (0,02%), astelpaju (0,015%), frukto-oligosahhariidid (0,013%), Mohaave t\u00e4\u00e4kliilia (0,012%).&#13;<br \/>\n<br \/>&#13;<br \/>\n<br \/><b>Anal\u00fc\u00fctilised koostisosad<\/b><br \/>&#13;<br \/>\nToorvalk 43,0 %, toorrasv 10,0 %, toorkiud 6,0 %, toortuhk 7,0 %, niiskus 10 %, oomega-3 0,5 %, oomega-6 1,0 %, kaltsium 1,2 %, fosfor 1,0 %, naatrium 0,3 %, magneesium 0,06 %.&#13;<br \/>\n<br \/>&#13;<br \/>\n<br \/><b>S\u00f6\u00f6dalisandid<\/b><br \/>&#13;<br \/>\nVitamiin A (3a672a) 25 000 R\u00dc, vitamiin D3 (E671) 850 R\u00dc, vitamiin E (3a700) 1 000 mg, vitamiin C (3a312) 300 mg, koliinkloriid (3a890) 2 300 mg, biotiin (3a880) 3 mg, vitamiin B1 (3a821) 10 mg, vitamiin B2 30 mg, niatsiinamiid (3a315) 60 mg, kaltsium-D-pantotenaat (3a841) 50 mg, vitamiin B6 (3a831) 35 mg, foolhape (3a316) 15 mg, vitamiin B12 0,15 mg, tsinkkelaadi aminohapete h\u00fcdraat (3b606) 110 mg, rauakelaadi aminohapete h\u00fcdraat (E1) 55 mg, mangaankelaat aminohapete h\u00fcdraadist (E5) 35 mg, kaaliumjodiid (3b201) 3 mg, vaskkelaadi aminohapete h\u00fcdraat (E4) 3 mg, orgaaniline Seleen, mis on toodetud Saccaromyces cerevisiae CNCM I-3060 poolt (seleenitud p\u00e4rm, inaktiveeritud) (3b8.10) 0,2 mg, tauriin (3a370) 2 300 mg, L-karnitiin (3a910) 600 mg, L-metioniin (3c305) 4 000 mg. Soolefloora stabilisaatorid 1 kg kohta: Enterococcus faecium DSM 10663\/NCIMB 10415 (4b1707) 1&#215;109 CFU.<br \/>&#13;<br \/>\n<br \/><b>Metaboliseeruv energia<\/b><br \/>&#13;<br \/>\n3480 kcal\/kg<br \/>&#13;<br \/>\n<br \/>&#13;<br \/>\n<b>S\u00f6\u00f6tmisjuhend<\/b><br \/>&#13;<br \/>\nKonsulteerige enne Brit VD toidu kasutamist oma veterinaararstiga. M\u00e4\u00e4rake oma kassi t\u00f5ugu arvestades tema sihtkaal ja kohandage kassitoidu Brit VD Obesity Cat \u00f6\u00f6p\u00e4evast portsjonit iga n\u00e4dal 1\u20132% v\u00f5rra kehakaalust. T\u00f5husaks ja ohutuks kaalulangetuseks tuleb kassi korrap\u00e4raselt kaaluda. Kasutage kassitoitu Brit VD Obesity Cat v\u00e4hemalt 2 kuud. \u00c4rge andke kassile muid lemmiklooma- v\u00f5i inimeste toite ega suupisteid. P\u00e4rast soovitud kehakaalu saavutamist andke kassitoidu Brit VD Obesity Cat kohandatud portsjonit veel j\u00e4rgmised 6 kuud.<br \/>&#13;<br \/>\n<br \/>&#13;<br \/>\n<b>Soovituslik p\u00e4evane kogus<\/b>&#13;<\/p>\n<figure class=\"table\">\n<table>\n<tbody>\n<tr>\n<td><strong>Kassi kaal (kg)<\/strong><\/td>\n<td>2<\/td>\n<td>3<\/td>\n<td>4<\/td>\n<td>5<\/td>\n<td>6<\/td>\n<td>8<\/td>\n<td>10<\/td>\n<td>12<\/td>\n<\/tr>\n<tr>\n<td><strong>P\u00e4evane kogus kaalu langetamisel (g\/p\u00e4evas)<\/strong><\/td>\n<td>50<\/td>\n<td>60<\/td>\n<td>65<\/td>\n<td>70<\/td>\n<td>80<\/td>\n<td>85<\/td>\n<td>95<\/td>\n<td>110<\/td>\n<\/tr>\n<tr>\n<td><strong>P\u00e4evane kogus kaalu s\u00e4ilitamisel (g\/p\u00e4evas)<\/strong><\/td>\n<td>60<\/td>\n<td>75<\/td>\n<td>80<\/td>\n<td>90<\/td>\n<td>95<\/td>\n<td>110<\/td>\n<td>120<\/td>\n<td>140<\/td>\n<\/tr>\n<\/tbody>\n<\/table>\n<\/figure>\n","protected":false},"excerpt":{"rendered":"<p>Brit Veterinary kehakaalu langetamist toetav kassitoit.<\/p>\n","protected":false},"featured_media":13660,"template":"","meta":[],"product_cat":[689,75],"product_tag":[],"class_list":{"0":"post-16716","1":"product","2":"type-product","3":"status-publish","4":"has-post-thumbnail","6":"product_cat-kassid","7":"product_cat-kassitoit","8":"pa_brand-brit-gf-veterinary-diet","9":"pa_ean-2406","10":"pa_kaal-2-000","11":"pa_tootjariik-tsehhi","13":"first","14":"instock","15":"taxable","16":"shipping-taxable","17":"purchasable","18":"product-type-simple"},"_links":{"self":[{"href":"https:\/\/kasskoer.ee\/en\/wp-json\/wp\/v2\/product\/16716","targetHints":{"allow":["GET"]}}],"collection":[{"href":"https:\/\/kasskoer.ee\/en\/wp-json\/wp\/v2\/product"}],"about":[{"href":"https:\/\/kasskoer.ee\/en\/wp-json\/wp\/v2\/types\/product"}],"wp:featuredmedia":[{"embeddable":true,"href":"https:\/\/kasskoer.ee\/en\/wp-json\/wp\/v2\/media\/13660"}],"wp:attachment":[{"href":"https:\/\/kasskoer.ee\/en\/wp-json\/wp\/v2\/media?parent=16716"}],"wp:term":[{"taxonomy":"product_cat","embeddable":true,"href":"https:\/\/kasskoer.ee\/en\/wp-json\/wp\/v2\/product_cat?post=16716"},{"taxonomy":"product_tag","embeddable":true,"href":"https:\/\/kasskoer.ee\/en\/wp-json\/wp\/v2\/product_tag?post=16716"}],"curies":[{"name":"wp","href":"https:\/\/api.w.org\/{rel}","templated":true}]}}