{"id":16721,"date":"2026-04-20T03:15:24","date_gmt":"2026-04-20T00:15:24","guid":{"rendered":"https:\/\/kasskoer.ee\/product\/brit-veterinary-diet-diabetes-erisoot-kassidele-2kg-2\/"},"modified":"2026-04-20T03:15:24","modified_gmt":"2026-04-20T00:15:24","slug":"brit-veterinary-diet-diabetes-erisoot-kassidele-2kg","status":"publish","type":"product","link":"https:\/\/kasskoer.ee\/en\/toode\/brit-veterinary-diet-diabetes-erisoot-kassidele-2kg\/","title":{"rendered":"Brit Veterinary Diet Diabetes eris\u00f6\u00f6t kassidele 2kg"},"content":{"rendered":"<p><b>Brit Diabetes t\u00e4isdieettoit melliitdiabeedi ravi toetuseks kassidele.<\/b><br \/>&#13;<br \/>\n<br \/>&#13;<br \/>\n<b>N\u00e4idustused<\/b>&#13;<\/p>\n<li>Melliitdiabeet.<\/li>\n<p>&#13;<\/p>\n<li>Krooniline koliit.<\/li>\n<p>&#13;<br \/>\n<br \/>&#13;<br \/>\n<b>Koostis<\/b><br \/>&#13;<br \/>\nDeh\u00fcdreeritud kana (48%), kollased herned (20%), kollase herne proteiin, kanarasv (4%), kartuliproteiin, bambuse lignotselluloos (2%), l\u00f5he\u00f5li (2%), h\u00fcdrol\u00fc\u00fcsitud kanamaks (2%), mineraalid, naatriumkloriid, ps\u00fclliumi kestad ja seemned (0,5%), kuivatatud vetikad (0,5%, Ascophyllum nodosum), h\u00fcdrol\u00fc\u00fcsitud koorikloomade kestad (gl\u00fckoosamiinsulfaadi allikas, 0,035%), h\u00fcdrol\u00fc\u00fcsitud k\u00f5hr (kondroitiinsulfaadi allikas, 0,023%), p\u00e4rmiekstrakt (mannaan-oligosahhariidide allikas, 0,018%), beeta-gl\u00fckaanid (0,018%), astelpaju (0,015%), frukto-oligosahhariidid (0,012%), Mohaave t\u00e4\u00e4kliilia (0,012%).&#13;<br \/>\n<br \/>&#13;<br \/>\n<br \/><b>Anal\u00fc\u00fctilised koostisosad<\/b><br \/>&#13;<br \/>\nToorvalk 46,0 %, toorrasv 13,0 %, toorkiud 3,0 %, toortuhk 7,7 %, niiskust 10 %, oomega-3 0,55 %, oomega-6 1,6 %, kaltsium 1,3 %, fosfor 1,0 %, naatrium 0,4 %, magneesium 0,07 %, t\u00e4rklis 15 %, suhkuid kokku 0,8 %.&#13;<br \/>\n<br \/>&#13;<br \/>\n<br \/><b>S\u00f6\u00f6dalisandid (1 kg kohta)<\/b><br \/>&#13;<br \/>\nToitainelised lisandid: Vitamiin A (3a672a) 26 000 R\u00dc, vitamiin D3 (3a671) 1 000 R\u00dc, vitamiin E (3a700) 1 000 mg, vitamiin C (3a312) 300 mg, koliinkloriid (3a890) 2 300 mg, biotiin (3a880) 3 mg, vitamiin B1 (3a821) 10 mg, vitamiin B2 30 mg, niatsiinamiid (3a315) 60 mg, kaltsium-D-pantotenaat (3a841) 60 mg, vitamiin B6 (3a831) 35 mg, foolhape (3a316) 15 mg, vitamiin B12 0,15 mg, tsinkkelaadi aminohapete h\u00fcdraat (3b606) 110 mg, rauakelaadi aminohapete h\u00fcdraat (3b107) 55 mg, mangaankelaat aminohapete h\u00fcdraadist (3b505) 35 mg, kaaliumjodiid (3b201) 3 mg, vaskkelaadi aminohapete h\u00fcdraat (3b407) 3 mg, orgaaniline Seleen, mis on toodetud Saccaromyces cerevisiae CNCM I-3060 poolt (seleenitud p\u00e4rm, inaktiveeritud) (3b8.10) 0,2 mg, tauriin (3a370) 2 300 mg, L-karnitiin (3a910) 600 mg, L-metioniin (3c305) 4 000 mg. Soolefloora stabilisaatorid: Enterococcus faecium DSM 10663\/NCIMB 10415 (4b1707) 1&#215;109 CFU.<br \/>&#13;<br \/>\n<br \/><b>Metaboliseeruv energia<\/b><br \/>&#13;<br \/>\n3740 kcal\/kg<br \/>&#13;<br \/>\n<br \/>&#13;<br \/>\n<b>S\u00f6\u00f6tmisjuhend<\/b><br \/>&#13;<br \/>\nKonsulteerige enne Brit VD toidu kasutamist oma veterinaararstiga. Andke kassitoitu Brit VD Diabetes Cat esialgu kuni 6 kuud. Jagage p\u00e4evanorm mitmeks osaks ja andke neid korrap\u00e4raste ajavahemike j\u00e4rel, l\u00e4htudes kassi haigusseisundist. Optimaalse insuliiniannuse valimiseks peate regulaarselt kontrollima veresuhkru taset. \u00c4rge andke oma kassile muid lemmiklooma- v\u00f5i inimeste toite ega suupisteid. Melliitdiabeeti p\u00f5devate kasside optimaalse kehakaalu s\u00e4ilitamine parandab insuliinitundlikkust. Melliitdiabeedi t\u00f5husaks ohjamiseks tuleb kassi korrap\u00e4raselt kaaluda. Madala gl\u00fckeemilise indeksi ja k\u00f5rge valgusisaldusega dieedid v\u00f5ivad melliitdiabeeti kassidel ravida.<br \/>&#13;<br \/>\n<br \/><b>Soovituslik p\u00e4evane kogus<\/b>&#13;<\/p>\n<figure class=\"table\">\n<table>\n<tbody>\n<tr>\n<td><strong>Kassi kaal (kg)<\/strong><\/td>\n<td>2<\/td>\n<td>3<\/td>\n<td>4<\/td>\n<td>5<\/td>\n<td>6<\/td>\n<td>8<\/td>\n<td>10<\/td>\n<td>12<\/td>\n<\/tr>\n<tr>\n<td><strong>P\u00e4evane kogus (g\/p\u00e4evas)<\/strong><\/td>\n<td>55<\/td>\n<td>65<\/td>\n<td>75<\/td>\n<td>85<\/td>\n<td>90<\/td>\n<td>100<\/td>\n<td>110<\/td>\n<td>130<\/td>\n<\/tr>\n<\/tbody>\n<\/table>\n<\/figure>\n","protected":false},"excerpt":{"rendered":"<p>Brit Veterinary diabeedi ravi toetav kassitoit.<\/p>\n","protected":false},"featured_media":13672,"template":"","meta":[],"product_cat":[689,75],"product_tag":[],"class_list":{"0":"post-16721","1":"product","2":"type-product","3":"status-publish","4":"has-post-thumbnail","6":"product_cat-kassid","7":"product_cat-kassitoit","8":"pa_brand-brit-gf-veterinary-diet","9":"pa_ean-2395","10":"pa_kaal-2-000","11":"pa_tootjariik-tsehhi","13":"first","14":"instock","15":"taxable","16":"shipping-taxable","17":"purchasable","18":"product-type-simple"},"_links":{"self":[{"href":"https:\/\/kasskoer.ee\/en\/wp-json\/wp\/v2\/product\/16721","targetHints":{"allow":["GET"]}}],"collection":[{"href":"https:\/\/kasskoer.ee\/en\/wp-json\/wp\/v2\/product"}],"about":[{"href":"https:\/\/kasskoer.ee\/en\/wp-json\/wp\/v2\/types\/product"}],"wp:featuredmedia":[{"embeddable":true,"href":"https:\/\/kasskoer.ee\/en\/wp-json\/wp\/v2\/media\/13672"}],"wp:attachment":[{"href":"https:\/\/kasskoer.ee\/en\/wp-json\/wp\/v2\/media?parent=16721"}],"wp:term":[{"taxonomy":"product_cat","embeddable":true,"href":"https:\/\/kasskoer.ee\/en\/wp-json\/wp\/v2\/product_cat?post=16721"},{"taxonomy":"product_tag","embeddable":true,"href":"https:\/\/kasskoer.ee\/en\/wp-json\/wp\/v2\/product_tag?post=16721"}],"curies":[{"name":"wp","href":"https:\/\/api.w.org\/{rel}","templated":true}]}}