{"id":16724,"date":"2026-04-20T03:15:24","date_gmt":"2026-04-20T00:15:24","guid":{"rendered":"https:\/\/kasskoer.ee\/product\/brit-veterinary-diet-renal-erisoot-koertele-12kg-2\/"},"modified":"2026-04-20T03:15:24","modified_gmt":"2026-04-20T00:15:24","slug":"brit-veterinary-diet-renal-erisoot-koertele-12kg","status":"publish","type":"product","link":"https:\/\/kasskoer.ee\/en\/toode\/brit-veterinary-diet-renal-erisoot-koertele-12kg\/","title":{"rendered":"Brit Veterinary Diet Renal eris\u00f6\u00f6t koertele 12kg"},"content":{"rendered":"<p><b>Brit Renal t\u00e4isdieettoit neerude talitluse toetamiseks neerutalitluse h\u00e4iretega ja kroonilise neerupuudulikkusega koertele.<\/b><br \/>&#13;<br \/>\n<br \/>&#13;<br \/>\n<b>N\u00e4idustused<\/b>&#13;<\/p>\n<li>Krooniline neerupuudulikkus.<\/li>\n<p>&#13;<\/p>\n<li>Kardiorenaalne s\u00fcndroom.<\/li>\n<p>&#13;<\/p>\n<li>Uraat- ja ts\u00fcstiinkividega urolitiaas.<\/li>\n<p>&#13;<br \/>\n<br \/>&#13;<br \/>\n<b>Koostis<\/b><br \/>&#13;<br \/>\nKollased herned (44%), kanarasv (12%), tatar, munad (10%), \u00f5una viljaliha, h\u00fcdrol\u00fc\u00fcsitud l\u00f5hevalk (7%), l\u00f5he\u00f5li (2%), h\u00fcdrol\u00fc\u00fcsitud kanamaks (2%), mineraalid, munakoored (kaltsiumi allikas), kaaliumtsitraat (0,8%), ps\u00fclliumi kestad ja seemned (0,5%), kuivatatud vetikad (0,5%, Ascophyllum nodosum), kitosaan (0,08%), p\u00e4rmiekstrakt (mannaan-oligosahhariidide allikas, 0,025%), beeta-gl\u00fckaanid (0,022%), frukto-oligosahhariidid (0,02%), Mohaave t\u00e4\u00e4kliilia (0,02%), astelpaju (0,015%).&#13;<br \/>\n<br \/>&#13;<br \/>\n<br \/><b>Anal\u00fc\u00fctilised koostisosad<\/b><br \/>&#13;<br \/>\nToorvalk 14,0 %, toorrasv 17,0 %, toorkiud 2,8 %, toortuhk 4,5 %, niiskus 10 %, oomega-3 0,6 %, oomega-6 2,3 %, kaltsium 0,6 %, fosfor 0,25 %, naatrium 0,2 %, magneesium 0,07 %, kaalium 0,45 %, arginiin 0,42 %, tauriin 0,32 %.&#13;<br \/>\n<br \/>&#13;<br \/>\n<br \/><b>S\u00f6\u00f6dalisandid<\/b><br \/>&#13;<br \/>\nVitamiin A (3a672a) 21 000 R\u00dc, vitamiin D3 (E671) 1 000 R\u00dc, vitamiin E (3a700) 1 000 mg, vitamiin C (3a312) 500 mg, koliinkloriid (3a890) 2 200 mg, biotiin (3a880) 2,2 mg, vitamiin B1 (3a821) 10,5 mg, vitamiin B2 13,5 mg, niatsiinamiid (3a315) 90 mg, kaltsium-D-pantotenaat (3a841) 25 mg, vitamiin B6 (3a831) 6,5 mg, foolhape (3a316) 2,2 mg, vitamiin B12 0,15 mg, tsinkkelaadi aminohapete h\u00fcdraat (3b606) 140 mg, rauakelaadi aminohapete h\u00fcdraat (E1) 60 mg, mangaankelaat aminohapete h\u00fcdraadist (E5) 72 mg, kaaliumjodiid (3b201) 3,9 mg, vaskkelaadi aminohapete h\u00fcdraat (E4) 5 mg, orgaaniline Seleen, mis on toodetud Saccaromyces cerevisiae CNCM I-3060 poolt (seleenitud p\u00e4rm, inaktiveeritud) (3b8.10) 0,2 mg, tauriin (3a370) 2 200 mg, L-karnitiin (3a910) 330 mg, arginiin (3c3.6.1) 3 200 mg. Soolefloora stabilisaatorid 1 kg kohta: Enterococcus faecium DSM 10663\/NCIMB 10415 (4b1707) 1&#215;109 CFU.<br \/>&#13;<br \/>\n<br \/><b>Metaboliseeruv energia<\/b><br \/>&#13;<br \/>\n3890 kcal\/kg<br \/>&#13;<br \/>\n<br \/>&#13;<br \/>\n<b>S\u00f6\u00f6tmisjuhend<\/b><br \/>&#13;<br \/>\nKonsulteerige enne Brit VD toidu kasutamist oma veterinaararstiga. Enamik kroonilist neerupuudulikkus p\u00f5devaid koeri kannatab isupuuduse v\u00f5i anoreksia all, mis on tingitud seedetrakti limaskesti \u00e4rritavatest ureemilistest toksiinidest. Isupuuduse ajal toimuv valkude katabolism suurendab ureemiliste toksiinide tootmist ja halvendab seisundit. Seet\u00f5ttu on vajalik s\u00e4ilitada toidu tarbimist ja minna j\u00e4rk-j\u00e4rgult \u00fcle eelmiselt toidult koeratoidule Brit VD Renal Dog.<br \/>&#13;<br \/>\n<br \/><b>Soovituslik p\u00e4evane kogus<\/b>&#13;<\/p>\n<figure class=\"table\">\n<table>\n<tbody>\n<tr>\n<td><strong>Koera kaal (kg)<\/strong><\/td>\n<td>2<\/td>\n<td>5<\/td>\n<td>10<\/td>\n<td>15<\/td>\n<td>20<\/td>\n<td>25<\/td>\n<td>30<\/td>\n<td>40<\/td>\n<td>50<\/td>\n<td>60<\/td>\n<td>70<\/td>\n<td>80<\/td>\n<\/tr>\n<tr>\n<td><strong>P\u00e4evane kogus (g\/p\u00e4evas)<\/strong><\/td>\n<td>35<\/td>\n<td>90<\/td>\n<td>150<\/td>\n<td>210<\/td>\n<td>260<\/td>\n<td>310<\/td>\n<td>350<\/td>\n<td>440<\/td>\n<td>530<\/td>\n<td>600<\/td>\n<td>690<\/td>\n<td>750<\/td>\n<\/tr>\n<\/tbody>\n<\/table>\n<\/figure>\n","protected":false},"excerpt":{"rendered":"<p>Brit Veterinary neerude talitlust toetav koeratoit.<\/p>\n","protected":false},"featured_media":13678,"template":"","meta":[],"product_cat":[688,64],"product_tag":[],"class_list":{"0":"post-16724","1":"product","2":"type-product","3":"status-publish","4":"has-post-thumbnail","6":"product_cat-koerad","7":"product_cat-koeratoit","8":"pa_brand-brit-gf-veterinary-diet","9":"pa_ean-2385","10":"pa_kaal-12-000","11":"pa_tootjariik-tsehhi","13":"first","14":"instock","15":"taxable","16":"shipping-taxable","17":"purchasable","18":"product-type-simple"},"_links":{"self":[{"href":"https:\/\/kasskoer.ee\/en\/wp-json\/wp\/v2\/product\/16724","targetHints":{"allow":["GET"]}}],"collection":[{"href":"https:\/\/kasskoer.ee\/en\/wp-json\/wp\/v2\/product"}],"about":[{"href":"https:\/\/kasskoer.ee\/en\/wp-json\/wp\/v2\/types\/product"}],"wp:featuredmedia":[{"embeddable":true,"href":"https:\/\/kasskoer.ee\/en\/wp-json\/wp\/v2\/media\/13678"}],"wp:attachment":[{"href":"https:\/\/kasskoer.ee\/en\/wp-json\/wp\/v2\/media?parent=16724"}],"wp:term":[{"taxonomy":"product_cat","embeddable":true,"href":"https:\/\/kasskoer.ee\/en\/wp-json\/wp\/v2\/product_cat?post=16724"},{"taxonomy":"product_tag","embeddable":true,"href":"https:\/\/kasskoer.ee\/en\/wp-json\/wp\/v2\/product_tag?post=16724"}],"curies":[{"name":"wp","href":"https:\/\/api.w.org\/{rel}","templated":true}]}}