{"id":16725,"date":"2026-04-20T03:15:24","date_gmt":"2026-04-20T00:15:24","guid":{"rendered":"https:\/\/kasskoer.ee\/product\/brit-veterinary-diet-gastrointestinal-erisoot-koertele-12kg-2\/"},"modified":"2026-04-20T03:15:24","modified_gmt":"2026-04-20T00:15:24","slug":"brit-veterinary-diet-gastrointestinal-erisoot-koertele-12kg","status":"publish","type":"product","link":"https:\/\/kasskoer.ee\/en\/toode\/brit-veterinary-diet-gastrointestinal-erisoot-koertele-12kg\/","title":{"rendered":"Brit Veterinary Diet Gastrointestinal eris\u00f6\u00f6t koertele 12kg"},"content":{"rendered":"<p><b>Brit Gastrointestinal t\u00e4isdieettoit seedetrakti h\u00e4iretega koertele.<\/b><br \/>&#13;<br \/>\n<br \/>&#13;<br \/>\n<b>N\u00e4idustused<\/b>&#13;<\/p>\n<li>\u00c4ge gastroenteriit (k\u00f5hulahtisus, oksendamine).<\/li>\n<p>&#13;<\/p>\n<li>Krooniline gastroenteriit (k\u00f5hulahtisus, oksendamine).<\/li>\n<p>&#13;<\/p>\n<li>Seedetrakti rahustamine p\u00e4rast k\u00f5hulahtisust v\u00f5i oksendamist.<\/li>\n<p>&#13;<\/p>\n<li>Pankreatiit.<\/li>\n<p>&#13;<\/p>\n<li>Suurenenud k\u00f5hupuhitus.<\/li>\n<p>&#13;<\/p>\n<li>Seedeh\u00e4ired.<\/li>\n<p>&#13;<\/p>\n<li>Eksokriinne pankrease puudulikkus (EPI).<\/li>\n<p>&#13;<br \/>\n<br \/>&#13;<br \/>\n<b>Koostis<\/b><br \/>&#13;<br \/>\nDeh\u00fcdreeritud heeringas (26%), kollased herned (23%), tatar, h\u00fcdrol\u00fc\u00fcsitud l\u00f5hevalk (12%), kanarasv (10%), \u00f5una viljaliha, munad (2%), l\u00f5he\u00f5li (2%), h\u00fcdrol\u00fc\u00fcsitud l\u00f5hekaste (2%), \u00f5llep\u00e4rm (1%), mineraalid, ps\u00fclliumi kestad ja seemned (0,5%), kuivatatud vetikad (0,5%, Ascophyllum nodosum), munakoored (kaltsiumi allikas), p\u00e4rmiekstrakt (mannaan-oligosahhariidide allikas, 0,025%), beeta-gl\u00fckaanid (0,022%), frukto-oligosahhariidid (0,02%), Mojave yucca (0,02%), astelpaju (0,015%).<br \/>&#13;<br \/>\n<br \/>&#13;<br \/>\n<b>Anal\u00fc\u00fctilised koostisosad<\/b><br \/>&#13;<br \/>\nToorvalk 25,0 %, toorrasv 16,0 %, toorkiud 1,5 %, toortuhk 5,8 %, niiskus 10 %, oomega-3 0,85 %, oomega-6 2,2 %, kaltsium 0,9 %, fosfor 0,6 %, naatrium 0,5 %, magneesium 0,09 %, kaalium 0,5 %.<\/b><br \/>&#13;<br \/>\n<br \/>&#13;<br \/>\n<b>S\u00f6\u00f6dalisandid<\/b><br \/>&#13;<br \/>\nVitamiin A (3a672a) 22 000 R\u00dc, vitamiin D3 (E671) 1 000 R\u00dc, vitamiin E (3a700) 1 000 mg, vitamiin C (3a312) 500 mg, koliinkloriid (3a890) 2 300 mg, biotiin (3a880) 2,4 mg, vitamiin B1 (3a821) 11 mg, vitamiin B2 14 mg, niatsiinamiid (3a315) 94 mg, kaltsium-D-pantotenaat (3a841) 25 mg, vitamiin B6 (3a831) 7 mg, foolhape (3a316) 2,4 mg, vitamiin B12 0,16 mg, tsinkkelaadi aminohapete h\u00fcdraat (3b606) 140 mg, rauakelaadi aminohapete h\u00fcdraat (E1) 65 mg, mangaankelaat aminohapete h\u00fcdraadist (E5) 75 mg, kaaliumjodiid (3b201) 4,2 mg, vaskkelaadi aminohapete h\u00fcdraat (E4) 5 mg, orgaaniline Seleen, mis on toodetud Saccaromyces cerevisiae CNCM I-3060 poolt (seleenitud p\u00e4rm, inaktiveeritud) (3b8.10) 0,2 mg, L-karnitiin (3a910) 350 mg. Soolefloora stabilisaatorid 1 kg kohta: Enterococcus faecium DSM 10663\/NCIMB 10415 (4b1707) 1&#215;109 CFU. Sisaldab ELis heakskiidetud antioks\u00fcdante: tokoferooliekstraktid taimsest \u00f5list (1b306), askorb\u00fc\u00fclpalmitaat (1b304) ja rosmariiniekstrakt.<br \/>&#13;<br \/>\n<br \/>&#13;<br \/>\n<b>Metaboliseeruv energia<\/b><br \/>&#13;<br \/>\n3930 kcal\/kg<br \/>&#13;<br \/>\n<br \/>&#13;<br \/>\n<b>S\u00f6\u00f6tmisjuhend<\/b><br \/>&#13;<br \/>\nKonsulteerige enne Brit VD toidu kasutamist oma veterinaararstiga. \u00c4gedate imendumish\u00e4irete korral andke koerale 1\u20133 n\u00e4dalat ainult koeratoitu Brit VD Gastrointestinal Dog ja vett. Soolehatude ja nende funktsiooni t\u00e4ielikuks taastumiseks kulub kuni 3 n\u00e4dalat. Maldigestiooni korral andke koerale koeratoitu Brit VD Gastrointestinal Dog 3\u201312 n\u00e4dalat. Krooniliste seedetrakti h\u00e4irete korral tuleb seda kasutada elu l\u00f5puni.<br \/>&#13;<br \/>\n<br \/><b>Soovituslik p\u00e4evane kogus<\/b>&#13;<\/p>\n<figure class=\"table\">\n<table>\n<tbody>\n<tr>\n<td><strong>Koera kaal (kg)<\/strong><\/td>\n<td>2<\/td>\n<td>5<\/td>\n<td>10<\/td>\n<td>15<\/td>\n<td>20<\/td>\n<td>25<\/td>\n<td>30<\/td>\n<td>40<\/td>\n<td>50<\/td>\n<td>60<\/td>\n<td>70<\/td>\n<td>80<\/td>\n<\/tr>\n<tr>\n<td><strong>P\u00e4evane kogus (g\/p\u00e4evas)<\/strong><\/td>\n<td>30<\/td>\n<td>70<\/td>\n<td>120<\/td>\n<td>160<\/td>\n<td>200<\/td>\n<td>240<\/td>\n<td>270<\/td>\n<td>340<\/td>\n<td>400<\/td>\n<td>460<\/td>\n<td>510<\/td>\n<td>570<\/td>\n<\/tr>\n<\/tbody>\n<\/table>\n<\/figure>\n","protected":false},"excerpt":{"rendered":"<p>Brit Veterinary t\u00e4istoit seedetrakti h\u00e4iretega koertele.<\/p>\n","protected":false},"featured_media":13680,"template":"","meta":[],"product_cat":[688,64],"product_tag":[],"class_list":{"0":"post-16725","1":"product","2":"type-product","3":"status-publish","4":"has-post-thumbnail","6":"product_cat-koerad","7":"product_cat-koeratoit","8":"pa_brand-brit-gf-veterinary-diet","9":"pa_ean-2377","10":"pa_kaal-12-000","11":"pa_tootjariik-tsehhi","13":"first","14":"instock","15":"taxable","16":"shipping-taxable","17":"purchasable","18":"product-type-simple"},"_links":{"self":[{"href":"https:\/\/kasskoer.ee\/en\/wp-json\/wp\/v2\/product\/16725","targetHints":{"allow":["GET"]}}],"collection":[{"href":"https:\/\/kasskoer.ee\/en\/wp-json\/wp\/v2\/product"}],"about":[{"href":"https:\/\/kasskoer.ee\/en\/wp-json\/wp\/v2\/types\/product"}],"wp:featuredmedia":[{"embeddable":true,"href":"https:\/\/kasskoer.ee\/en\/wp-json\/wp\/v2\/media\/13680"}],"wp:attachment":[{"href":"https:\/\/kasskoer.ee\/en\/wp-json\/wp\/v2\/media?parent=16725"}],"wp:term":[{"taxonomy":"product_cat","embeddable":true,"href":"https:\/\/kasskoer.ee\/en\/wp-json\/wp\/v2\/product_cat?post=16725"},{"taxonomy":"product_tag","embeddable":true,"href":"https:\/\/kasskoer.ee\/en\/wp-json\/wp\/v2\/product_tag?post=16725"}],"curies":[{"name":"wp","href":"https:\/\/api.w.org\/{rel}","templated":true}]}}