{"id":16726,"date":"2026-04-20T03:15:24","date_gmt":"2026-04-20T00:15:24","guid":{"rendered":"https:\/\/kasskoer.ee\/product\/brit-veterinary-diet-struvite-erisoot-koertele-2kg-2\/"},"modified":"2026-04-20T03:15:24","modified_gmt":"2026-04-20T00:15:24","slug":"brit-veterinary-diet-struvite-erisoot-koertele-2kg","status":"publish","type":"product","link":"https:\/\/kasskoer.ee\/en\/toode\/brit-veterinary-diet-struvite-erisoot-koertele-2kg\/","title":{"rendered":"Brit Veterinary Diet Struvite eris\u00f6\u00f6t koertele 2kg"},"content":{"rendered":"<p><b>Brit Struvite t\u00e4isdieettoit struviitkivide lahustamiseks ja struviitkivide taastekke v\u00e4hendamiseks koertele.<\/b><br \/>&#13;<br \/>\n<br \/>&#13;<br \/>\n<b>N\u00e4idustused<\/b>&#13;<\/p>\n<li>Struviidikristallide ja -kivide lahustamine ja ennetamine.<\/li>\n<p>&#13;<\/p>\n<li>Kuseteede bakteriaalsete infektsioonide ravi osa.<\/li>\n<p>&#13;<\/p>\n<li>Kristalluuria ennetamine.<\/li>\n<p>&#13;<br \/>\n<br \/>&#13;<br \/>\n<b>Koostis<\/b><br \/>&#13;<br \/>\nKollased herned (25%), munad (12%), rohelised herned (12%), h\u00fcdrol\u00fc\u00fcsitud kalkunivalk (11%), kanarasv (10%), tatar, \u00f5una viljaliha, naatriumkloriid (3%), l\u00f5he\u00f5li (3%), h\u00fcdrol\u00fc\u00fcsitud kanamaks (2%), mineraalid, kuivatatud vetikad (0,5%, Ascophyllum nodosum), kaltsiumsulfaat (0,4%, uriini hapestav aine), pohlad (0,3%, Vaccinium vitis-idaea), p\u00e4rmiekstrakt (mannaan-oligosahhariidide allikas, 0,022%), beeta-gl\u00fckaanid (0,02%), frukto-oligosahhariidid (0,02%), Mohaave t\u00e4\u00e4kliilia (0,02%), astelpaju (0,015%).&#13;<br \/>\n<br \/>&#13;<br \/>\n<br \/><b>Anal\u00fc\u00fctilised koostisosad<\/b><br \/>&#13;<br \/>\nToorvalk 19,0 %, toorrasv 16,0 %, toorkiud 2,8 %, toortuhk 6,8 %, niiskus 10 %, oomega-3 0,8 %, oomega-6 2,3 %, kaltsium 0,6 %, fosfor 0,4 %, naatrium 1,2 %, magneesium 0,04 %, kaalium 0,4 %, kloriidid 1,8 %, v\u00e4\u00e4vel 0,25 %, h\u00fcdroks\u00fcproliin 0,26 %, D-vitamiin 650 R\u00dc\/kg, metioniin 0,8 %.&#13;<br \/>\n<br \/>&#13;<br \/>\n<br \/><b>S\u00f6\u00f6dalisandid<\/b><br \/>&#13;<br \/>\nVitamiin A (3a672a) 22 000 R\u00dc, vitamiin D3 (E671) 650 R\u00dc, vitamiin E (3a700) 1 000 mg, koliinkloriid (3a890) 2 300 mg, biotiin (3a880) 2,4 mg, vitamiin B1 (3a821) 11 mg, vitamiin B2 14 mg, niatsiinamiid (3a315) 94 mg, kaltsium-D-pantotenaat (3a841) 25 mg, vitamiin B6 (3a831) 7 mg, foolhape (3a316) 2,4 mg, vitamiin B12 0,16 mg, tsinkkelaadi aminohapete h\u00fcdraat (3b606) 140 mg, rauakelaadi aminohapete h\u00fcdraat (E1) 65 mg, mangaankelaat aminohapete h\u00fcdraadist (E5) 75 mg, kaaliumjodiid (3b201) 4,2 mg, vaskkelaadi aminohapete h\u00fcdraat (E4) 5 mg, orgaaniline Seleen, mis on toodetud Saccaromyces cerevisiae CNCM I-3060 poolt (seleenitud p\u00e4rm, inaktiveeritud) (3b8.10) 0,2 mg, L-karnitiin (3a910) 350 mg, L-metioniin (3c305) 6 000 mg, L-tr\u00fcptofaan (3.4.1.) 1 000 mg. Soolefloora stabilisaatorid 1 kg kohta: Enterococcus faecium DSM 10663\/NCIMB 10415 (4b1707) 1&#215;109 CFU. Sisaldab ELis heakskiidetud antioks\u00fcdante: tokoferooliekstraktid taimsest \u00f5list (1b306), askorb\u00fc\u00fclpalmitaat (1b304) ja rosmariiniekstrakt.<br \/>&#13;<br \/>\n<br \/><b>Metaboliseeruv energia<\/b><br \/>&#13;<br \/>\n3780 kcal\/kg<br \/>&#13;<br \/>\n<br \/>&#13;<br \/>\n<b>S\u00f6\u00f6tmisjuhend<\/b><br \/>&#13;<br \/>\nKonsulteerige enne Brit VD toidu kasutamist oma veterinaararstiga. Struviidide kordumise ennetamiseks kasutage koeratoitu Brit VD Struvite Dog olenevalt uriinianal\u00fc\u00fcsist kuni 6 kuud. Kontrollige korrap\u00e4raselt uriini sihtm\u00e4rk pH-d (6,2\u20136,4).<br \/>&#13;<br \/>\n<br \/><b>Soovituslik p\u00e4evane kogus<\/b>&#13;<\/p>\n<figure class=\"table\">\n<table>\n<tbody>\n<tr>\n<td><strong>Koera kaal (kg)<\/strong><\/td>\n<td>2<\/td>\n<td>5<\/td>\n<td>10<\/td>\n<td>15<\/td>\n<td>20<\/td>\n<td>25<\/td>\n<td>30<\/td>\n<td>40<\/td>\n<td>50<\/td>\n<td>60<\/td>\n<td>70<\/td>\n<td>80<\/td>\n<\/tr>\n<tr>\n<td><strong>P\u00e4evane kogus (g\/p\u00e4evas)<\/strong><\/td>\n<td>35<\/td>\n<td>80<\/td>\n<td>140<\/td>\n<td>190<\/td>\n<td>230<\/td>\n<td>290<\/td>\n<td>320<\/td>\n<td>400<\/td>\n<td>490<\/td>\n<td>560<\/td>\n<td>630<\/td>\n<td>700<\/td>\n<\/tr>\n<\/tbody>\n<\/table>\n<\/figure>\n","protected":false},"excerpt":{"rendered":"<p>Brit Veterinary struviitkivide ennetamist ja lahustamist toetav koeratoit.<\/p>\n","protected":false},"featured_media":13682,"template":"","meta":[],"product_cat":[688,64],"product_tag":[],"class_list":{"0":"post-16726","1":"product","2":"type-product","3":"status-publish","4":"has-post-thumbnail","6":"product_cat-koerad","7":"product_cat-koeratoit","8":"pa_brand-brit-gf-veterinary-diet","9":"pa_ean-2386","10":"pa_kaal-2-000","11":"pa_tootjariik-tsehhi","13":"first","14":"instock","15":"taxable","16":"shipping-taxable","17":"purchasable","18":"product-type-simple"},"_links":{"self":[{"href":"https:\/\/kasskoer.ee\/en\/wp-json\/wp\/v2\/product\/16726","targetHints":{"allow":["GET"]}}],"collection":[{"href":"https:\/\/kasskoer.ee\/en\/wp-json\/wp\/v2\/product"}],"about":[{"href":"https:\/\/kasskoer.ee\/en\/wp-json\/wp\/v2\/types\/product"}],"wp:featuredmedia":[{"embeddable":true,"href":"https:\/\/kasskoer.ee\/en\/wp-json\/wp\/v2\/media\/13682"}],"wp:attachment":[{"href":"https:\/\/kasskoer.ee\/en\/wp-json\/wp\/v2\/media?parent=16726"}],"wp:term":[{"taxonomy":"product_cat","embeddable":true,"href":"https:\/\/kasskoer.ee\/en\/wp-json\/wp\/v2\/product_cat?post=16726"},{"taxonomy":"product_tag","embeddable":true,"href":"https:\/\/kasskoer.ee\/en\/wp-json\/wp\/v2\/product_tag?post=16726"}],"curies":[{"name":"wp","href":"https:\/\/api.w.org\/{rel}","templated":true}]}}