{"id":16729,"date":"2026-04-20T03:15:24","date_gmt":"2026-04-20T00:15:24","guid":{"rendered":"https:\/\/kasskoer.ee\/product\/brit-veterinary-diet-obesity-erisoot-koertele-2kg-2\/"},"modified":"2026-04-20T03:15:24","modified_gmt":"2026-04-20T00:15:24","slug":"brit-veterinary-diet-obesity-erisoot-koertele-2kg","status":"publish","type":"product","link":"https:\/\/kasskoer.ee\/en\/toode\/brit-veterinary-diet-obesity-erisoot-koertele-2kg\/","title":{"rendered":"Brit Veterinary Diet Obesity eris\u00f6\u00f6t koertele 2kg"},"content":{"rendered":"<p><b>Brit Obesity t\u00e4isdieettoit kehakaalu langetamiseks ja s\u00e4ilitamiseks.<\/b><br \/>&#13;<br \/>\n<br \/>&#13;<br \/>\n<b>N\u00e4idustused<\/b>&#13;<\/p>\n<li>\u00dclekaaluliste ja rasvunud koerte kehakaalu v\u00e4hendamine.<\/li>\n<p>&#13;<\/p>\n<li>Optimaalse kehakaalu s\u00e4ilitamine.<\/li>\n<p>&#13;<\/p>\n<li>Kaalu s\u00e4ilitamine p\u00e4rast kastreerimist.<\/li>\n<p>&#13;<br \/>\n<br \/><b>Koostis<\/b><br \/>&#13;<br \/>\nDeh\u00fcdreeritud lammas (26%), kollased herned (25%), h\u00fcdrol\u00fc\u00fcsitud kalkunivalk (10%), bambuse lignotselluloos (10%), \u00f5una viljaliha, kollase herne valk, h\u00fcdrol\u00fc\u00fcsitud lambavalk (5%), l\u00f5he\u00f5li (2%), h\u00fcdrol\u00fc\u00fcsitud kanamaks (2%), mineraalid, ps\u00fclliumi kestad ja seemned (0,8%), kuivatatud vetikad (0,5%, Ascophyllum nodosum), h\u00fcdrol\u00fc\u00fcsitud koorikloomade kestad (gl\u00fckoosamiinsulfaadi allikas, 0,036%), h\u00fcdrol\u00fc\u00fcsitud k\u00f5hr (kondroitiinsulfaadi allikas, 0,025%), p\u00e4rmiekstrakt (mannaan-oligosahhariidide allikas, 0,02%), beeta-gl\u00fckaanid (0,02%), astelpaju (0,015%), frukto-oligosahhariidid (0,013%), Mojave yucca (0,012%).&#13;<br \/>\n<br \/>&#13;<br \/>\n<br \/><b>Anal\u00fc\u00fctilised koostisosad<\/b><br \/>&#13;<br \/>\nToorvalk 34,0 %, toorrasv 9,0 %, toorkiud 8,5 %, toortuhk 7,5 %, niiskus 10 %, oomega-3 0,55 %, oomega-6 0,6 %, kaltsium 1,5 %, fosfor 1,2 %, naatrium 0,3 %, magneesium 0,05 %.&#13;<br \/>\n<\/b><br \/>&#13;<br \/>\n<br \/>&#13;<br \/>\n<br \/><b>S\u00f6\u00f6dalisandid<\/b><br \/>&#13;<br \/>\nVitamiin A (3a672a) 21 000 R\u00dc, vitamiin D3 (E671) 1 100 R\u00dc, vitamiin E (3a700) 1 200 mg, vitamiin C (3a312) 500 mg, koliinkloriid (3a890) 2 500 mg, biotiin (3a880) 2,6 mg, vitamiin B1 (3a821) 12 mg, vitamiin B2 10 mg, niatsiinamiid (3a315) 60 mg, kaltsium-D-pantotenaat (3a841) 25 mg, vitamiin B6 (3a831) 8 mg, foolhape (3a316) 5 mg, vitamiin B12 0,18 mg, tsinkkelaadi aminohapete h\u00fcdraat (3b606) 140 mg, rauakelaadi aminohapete h\u00fcdraat (E1) 48 mg, mangaankelaat aminohapete h\u00fcdraadist (E5) 65 mg, kaaliumjodiid (3b201) 3,7 mg, vaskkelaadi aminohapete h\u00fcdraat (E4) 5 mg, orgaaniline Seleen, mis on toodetud Saccaromyces cerevisiae CNCM I-3060 poolt (seleenitud p\u00e4rm, inaktiveeritud) (3b8.10) 0,2 mg, tauriin (3a370) 2 500 mg, L-karnitiin (3a910) 630 mg. Soolefloora stabilisaatorid 1 kg kohta: Enterococcus faecium DSM 10663\/NCIMB 10415 (4b1707) 1&#215;109 CFU. Sisaldab ELis heakskiidetud antioks\u00fcdante: tokoferooliekstraktid taimsest \u00f5list (1b306), askorb\u00fc\u00fclpalmitaat (1b304) ja rosmariiniekstrakt.<br \/>&#13;<br \/>\n<br \/><b>Metaboliseeruv energia<\/b><br \/>&#13;<br \/>\n3120 kcal\/kg<br \/>&#13;<br \/>\n<br \/>&#13;<br \/>\n<b>S\u00f6\u00f6tmisjuhend<\/b><br \/>&#13;<br \/>\nKonsulteerige enne Brit VD toidu kasutamist oma veterinaararstiga. M\u00e4\u00e4rake oma koera t\u00f5ugu arvestades tema sihtkaal ja kohandage koeratoidu Brit VD Obesity Dog \u00f6\u00f6p\u00e4evast portsjonit iga n\u00e4dal 1\u20132% v\u00f5rra kehakaalust. T\u00f5husaks ja ohutuks kaalulangetamiseks tuleb koera korrap\u00e4raselt kaaluda. Kasutage koeratoitu Brit VD Obesity Dog v\u00e4hemalt 2 kuud. \u00c4rge andke koerale muid lemmiklooma- v\u00f5i inimeste toite ega suupisteid. P\u00e4rast soovitud kehakaalu saavutamist andke koeratoidu Brit VD Obesity Dog kohandatud portsjonit veel j\u00e4rgmised 6 kuud.<br \/>&#13;<br \/>\n<br \/><b>Soovituslik p\u00e4evane kogus<\/b>&#13;<\/p>\n<figure class=\"table\">\n<table>\n<tbody>\n<tr>\n<td><strong>Koera kaal (kg)<\/strong><\/td>\n<td>2<\/td>\n<td>5<\/td>\n<td>10<\/td>\n<td>15<\/td>\n<td>20<\/td>\n<td>25<\/td>\n<td>30<\/td>\n<td>40<\/td>\n<td>50<\/td>\n<td>60<\/td>\n<td>70<\/td>\n<td>80<\/td>\n<\/tr>\n<tr>\n<td><strong>P\u00e4evane kogus kaalu langetamisel (g\/p\u00e4evas)<\/strong><\/td>\n<td>35<\/td>\n<td>80<\/td>\n<td>130<\/td>\n<td>180<\/td>\n<td>220<\/td>\n<td>260<\/td>\n<td>300<\/td>\n<td>370<\/td>\n<td>440<\/td>\n<td>500<\/td>\n<td>570<\/td>\n<td>630<\/td>\n<\/tr>\n<tr>\n<td><strong>P\u00e4evane kogus kaalu s\u00e4ilitamisel (g\/p\u00e4evas)<\/strong><\/td>\n<td>40<\/td>\n<td>90<\/td>\n<td>150<\/td>\n<td>200<\/td>\n<td>250<\/td>\n<td>300<\/td>\n<td>340<\/td>\n<td>430<\/td>\n<td>500<\/td>\n<td>580<\/td>\n<td>650<\/td>\n<td>720<\/td>\n<\/tr>\n<\/tbody>\n<\/table>\n<\/figure>\n","protected":false},"excerpt":{"rendered":"<p>Brit Veterinary kehakaalu langetamist toetav koeratoit.<\/p>\n","protected":false},"featured_media":13688,"template":"","meta":[],"product_cat":[688,64],"product_tag":[],"class_list":{"0":"post-16729","1":"product","2":"type-product","3":"status-publish","4":"has-post-thumbnail","6":"product_cat-koerad","7":"product_cat-koeratoit","8":"pa_brand-brit-gf-veterinary-diet","9":"pa_ean-2378","10":"pa_kaal-2-000","11":"pa_tootjariik-tsehhi","13":"first","14":"outofstock","15":"sale","16":"taxable","17":"shipping-taxable","18":"purchasable","19":"product-type-simple"},"_links":{"self":[{"href":"https:\/\/kasskoer.ee\/en\/wp-json\/wp\/v2\/product\/16729","targetHints":{"allow":["GET"]}}],"collection":[{"href":"https:\/\/kasskoer.ee\/en\/wp-json\/wp\/v2\/product"}],"about":[{"href":"https:\/\/kasskoer.ee\/en\/wp-json\/wp\/v2\/types\/product"}],"wp:featuredmedia":[{"embeddable":true,"href":"https:\/\/kasskoer.ee\/en\/wp-json\/wp\/v2\/media\/13688"}],"wp:attachment":[{"href":"https:\/\/kasskoer.ee\/en\/wp-json\/wp\/v2\/media?parent=16729"}],"wp:term":[{"taxonomy":"product_cat","embeddable":true,"href":"https:\/\/kasskoer.ee\/en\/wp-json\/wp\/v2\/product_cat?post=16729"},{"taxonomy":"product_tag","embeddable":true,"href":"https:\/\/kasskoer.ee\/en\/wp-json\/wp\/v2\/product_tag?post=16729"}],"curies":[{"name":"wp","href":"https:\/\/api.w.org\/{rel}","templated":true}]}}